{"id":1088,"date":"2020-04-27T08:27:05","date_gmt":"2020-04-27T06:27:05","guid":{"rendered":"https:\/\/www.nemocnica-bory.sk\/?page_id=1088"},"modified":"2025-10-29T10:32:27","modified_gmt":"2025-10-29T09:32:27","slug":"7-principov-nemocnice-novej-generacie-bratislava","status":"publish","type":"page","link":"https:\/\/nemocnica-bory.sk\/en\/7-principov-nemocnice-novej-generacie-bratislava\/","title":{"rendered":"7 princ\u00edpov Nemocnice Bory"},"content":{"rendered":"<div id=\"pl-1088\"  class=\"panel-layout\" ><div id=\"pg-1088-0\"  class=\"panel-grid panel-has-style\" ><div class=\"panel-row-style panel-row-style-for-1088-0\" ><div id=\"pgc-1088-0-0\"  class=\"panel-grid-cell\" ><div id=\"panel-1088-0-0-0\" class=\"so-panel widget widget_sow-editor panel-first-child panel-last-child\" data-index=\"0\" ><div\n\t\t\t\n\t\t\tclass=\"so-widget-sow-editor so-widget-sow-editor-base\"\n\t\t\t\n\t\t>\n<div class=\"siteorigin-widget-tinymce textwidget\">\n\t<h2><strong>Orient\u00e1cia na pacienta<\/strong><\/h2>\n<ul>\n<li>jednol\u00f4\u017ekov\u00fd \u0161tandard na v\u0161etk\u00fdch izb\u00e1ch vr\u00e1tane intenz\u00edvnej starostlivosti s\u00a0vlastn\u00fdm soci\u00e1lnym zariaden\u00edm;<\/li>\n<li>modern\u00fd infotainment\/TV s pripojen\u00edm na wifi na ka\u017edej izbe;<\/li>\n<li>zapojenie rodinn\u00fdch pr\u00edslu\u0161n\u00edkov do syst\u00e9mu zdravotnej starostlivosti \u2013 mo\u017enos\u0165 pr\u00edtomnosti bl\u00edzkych po\u010das hospitaliz\u00e1cie, integrovan\u00e1 starostlivos\u0165 na jednotke neonatologickej intenz\u00edvnej starostlivosti (spolo\u010dn\u00fd pobyt matky a die\u0165a\u0165a);<\/li>\n<li>integrovan\u00fd pr\u00edstup k poskytovaniu zdravotnej starostlivosti s pl\u00e1novan\u00edm a\u00a0mana\u017ementom pacienta aj po prepusten\u00ed z hospitaliz\u00e1cie;<\/li>\n<li>nemocnica bez bolesti \u2013 zameranie v\u0161etk\u00fdch medic\u00ednskych procesov na elimin\u00e1ciu zbyto\u010dnej bolesti;<\/li>\n<li>p\u00f4rodnica novej gener\u00e1cie s p\u00f4rodn\u00fdmi izbami v hotelovom \u0161tandarde umo\u017e\u0148uj\u00facimi pr\u00edtomnos\u0165 bl\u00edzkej osoby po\u010das celej doby p\u00f4rodu;<\/li>\n<\/ul>\n<\/div>\n<\/div><\/div><\/div><div id=\"pgc-1088-0-1\"  class=\"panel-grid-cell\" ><div id=\"panel-1088-0-1-0\" class=\"so-panel widget widget_sow-editor panel-first-child panel-last-child\" data-index=\"1\" ><div\n\t\t\t\n\t\t\tclass=\"so-widget-sow-editor so-widget-sow-editor-base\"\n\t\t\t\n\t\t>\n<div class=\"siteorigin-widget-tinymce textwidget\">\n\t<h2><strong>Zlep\u0161ovanie medic\u00ednskych procesov<\/strong><\/h2>\n<ul>\n<li>zdie\u013ean\u00e1 l\u00f4\u017ekov\u00e1 kapacita naprie\u010d \u0161pecializ\u00e1ciami (syst\u00e9m pl\u00e1vaj\u00facich l\u00f4\u017eok);<\/li>\n<li>centraliz\u00e1cia intenz\u00edvnej starostlivosti \u2013 zvy\u0161ovanie bezpe\u010dnosti pacienta efekt\u00edvnej\u0161\u00edm vyu\u017e\u00edvan\u00edm odborn\u00e9ho person\u00e1lu a technol\u00f3gi\u00ed;<\/li>\n<li>centr\u00e1lny urgentn\u00fd pr\u00edjem s\u00a0komplexn\u00fdm zabezpe\u010den\u00edm diagnostiky, expekt\u00e1cie a multidisciplin\u00e1rnej starostlivosti (II. typ);<\/li>\n<li>bezpe\u010dn\u00e1 identifik\u00e1cia pacientov pomocou \u010diarov\u00fdch k\u00f3dov;<\/li>\n<li>centr\u00e1lna pr\u00edpravov\u0148a peror\u00e1lnych a intraven\u00f3znych liekov (CPL);<\/li>\n<li>vysok\u00e1 bezpe\u010dnos\u0165 procesu medik\u00e1cie \u2013 elektronick\u00e1 preskripcia s kontrolou interakci\u00ed, automatizovan\u00e1 pr\u00edprava jednotlivej d\u00e1vky, podanie lie\u010dby cez identifik\u00e1ciu pacienta a\u00a0lieku \u010diarov\u00fdm k\u00f3dom;<\/li>\n<li>\u0161tandardizovan\u00e1 zdravotn\u00e1 starostlivos\u0165 (definovan\u00e9 politiky a \u0161tandardn\u00e9 opera\u010dn\u00e9 postupy);<\/li>\n<li>amb\u00edcia akreditova\u0165 poskytovanie zdravotnej starostlivosti medzin\u00e1rodn\u00fdmi extern\u00fdmi autoritami (SAK \u010cR, JCI USA);<\/li>\n<\/ul>\n<\/div>\n<\/div><\/div><\/div><\/div><\/div><div id=\"pg-1088-1\"  class=\"panel-grid panel-has-style\" ><div class=\"panel-row-style panel-row-style-for-1088-1\" ><div id=\"pgc-1088-1-0\"  class=\"panel-grid-cell\" ><div id=\"panel-1088-1-0-0\" class=\"so-panel widget widget_sow-editor panel-first-child panel-last-child\" data-index=\"2\" ><div\n\t\t\t\n\t\t\tclass=\"so-widget-sow-editor so-widget-sow-editor-base\"\n\t\t\t\n\t\t>\n<div class=\"siteorigin-widget-tinymce textwidget\">\n\t<div class=\"\">\n<div class=\"\" dir=\"ltr\">\n<div class=\"\" dir=\"ltr\">\n<div class=\"\" dir=\"ltr\">\n<div class=\"\" dir=\"ltr\">\n<div class=\"gmail_default\">\n<h2><strong>Optimaliz\u00e1cia logistick\u00fdch tokov<\/strong><\/h2>\n<ul>\n<li>priestorov\u00e9 rie\u0161enie budovy prisp\u00f4soben\u00e9 po\u017eiadavk\u00e1m na maxim\u00e1lnu efekt\u00edvnos\u0165 prev\u00e1dzkov\u00fdch procesov;<\/li>\n<li>ve\u013emi kr\u00e1tke dobehov\u00e9 vzdialenosti s\u00a0presne zadefinovan\u00fdmi medic\u00ednskymi procesmi a logistick\u00fdmi tokmi;<\/li>\n<li>pacientske, n\u00e1v\u0161tevn\u00edcke, zamestnaneck\u00e9 a materi\u00e1lov\u00e9 toky navz\u00e1jom zna\u010dne od\u010dlenen\u00e9;<\/li>\n<li>urgentn\u00fd pr\u00edjem, slu\u017eobn\u00e9 vstupy pre zamestnancov \u010di vjazd do logistick\u00e9ho centra oddelen\u00e9 od hlavn\u00e9ho vchodu do budovy;<\/li>\n<li>be\u017en\u00fd n\u00e1v\u0161tevn\u00edk v nemocnici ruch logistiky, pohyb medic\u00ednskeho person\u00e1lu a hospitalizovan\u00fdch pacientov vn\u00edma v minim\u00e1lnej miere v\u010faka funk\u010dnej architekt\u00fare a nastaveniu prev\u00e1dzkov\u00fdch procesov;<\/li>\n<li>\u0161peci\u00e1lny kontajnerov\u00fd syst\u00e9m na prepravu biologick\u00e9ho materi\u00e1lu, stravy, bielizne a pod. pod\u013ea najpr\u00edsnej\u0161\u00edch hygienick\u00fdch \u0161tandardov;<\/li>\n<\/ul>\n<\/div>\n<\/div>\n<\/div>\n<\/div>\n<\/div>\n<\/div>\n<\/div>\n<\/div><\/div><\/div><div id=\"pgc-1088-1-1\"  class=\"panel-grid-cell\" ><div id=\"panel-1088-1-1-0\" class=\"so-panel widget widget_sow-editor panel-first-child panel-last-child\" data-index=\"3\" ><div\n\t\t\t\n\t\t\tclass=\"so-widget-sow-editor so-widget-sow-editor-base\"\n\t\t\t\n\t\t>\n<div class=\"siteorigin-widget-tinymce textwidget\">\n\t<h2>Motivuj\u00faca pracovn\u00e1 atmosf\u00e9ra<\/h2>\n<ul>\n<li>t\u00edm tvoria \u0161pecialisti, ktor\u00ed vn\u00edmaj\u00fa svoju pr\u00e1cu ako poslanie, empatia im nie je cudzia a pacienta klad\u00fa na prv\u00e9 miesto;<\/li>\n<li>vytv\u00e1rame priestor na profesijn\u00fd a odborn\u00fd rozvoj: podporujeme mentorstvo, rot\u00e1ciu, \u010di vysk\u00fa\u0161anie si ved\u00facich rol\u00ed;<\/li>\n<li>prest\u00ed\u017ene pracovisko zalo\u017een\u00e9 na modernej medic\u00ednskej technike a inovat\u00edvnych medic\u00ednskych a prev\u00e1dzkov\u00fdch procesoch;<\/li>\n<li>otvoren\u00e1 a transparentn\u00e1 kult\u00fara, ktor\u00e1 umo\u017e\u0148uje, \u017ee vedenie je v partnerskom vz\u0165ahu s person\u00e1lom a zdravotn\u00edcky person\u00e1l je vo vz\u00e1jomnom rovnocennom vz\u0165ahu;<\/li>\n<li>odbremenenie zdravotn\u00edckych pracovn\u00edkov od administrat\u00edvnych a organiza\u010dn\u00fdch \u010dinnos\u0165. Tie vykon\u00e1vaj\u00fa profesion\u00e1li v odbore slu\u017eieb,<\/li>\n<li>vytv\u00e1rame zdravotn\u00edkom priestor na \u010disto odborn\u00fa \u010dinnos\u0165;<\/li>\n<li>spolupracovn\u00edkov odme\u0148ujeme konkurencieschopne;<\/li>\n<li>oce\u0148ujeme vysok\u00fa pracovn\u00fa mor\u00e1lku, no db\u00e1me na to, aby pr\u00e1ca na\u0161ich kolegov nap\u013a\u0148ala dlhodobo;<\/li>\n<li>sme flexibiln\u00ed pri dohode o nastaven\u00ed pracovnej doby;<\/li>\n<\/ul>\n<\/div>\n<\/div><\/div><\/div><\/div><\/div><div id=\"pg-1088-2\"  class=\"panel-grid panel-has-style\" ><div class=\"panel-row-style panel-row-style-for-1088-2\" ><div id=\"pgc-1088-2-0\"  class=\"panel-grid-cell\" ><div id=\"panel-1088-2-0-0\" class=\"so-panel widget widget_sow-editor panel-first-child panel-last-child\" data-index=\"4\" ><div\n\t\t\t\n\t\t\tclass=\"so-widget-sow-editor so-widget-sow-editor-base\"\n\t\t\t\n\t\t>\n<div class=\"siteorigin-widget-tinymce textwidget\">\n\t<h2>Vysok\u00e1 \u00farove\u0148 elektroniz\u00e1cie a digitaliz\u00e1cie<\/h2>\n<ul>\n<li>nov\u00fd nemocni\u010dn\u00fd informa\u010dn\u00fd syst\u00e9m podporuj\u00faci mobiln\u00e9 aplik\u00e1cie pre person\u00e1l aj pacientov;<\/li>\n<li>jednoduch\u00fd pr\u00edstup k medic\u00ednskym d\u00e1tam, ktor\u00e9 umo\u017enia vytv\u00e1ra\u0165 anal\u00fdzy, \u0161tatistiky a klinick\u00e9 \u0161t\u00fadie, ako aj zav\u00e1dza\u0165 nov\u00e9 typy lie\u010dby;<\/li>\n<li>syst\u00e9m podpor\u00ed automatiz\u00e1ciu niektor\u00fdch procesov, zlep\u0161\u00ed mana\u017ement, zjednodu\u0161\u00ed administrat\u00edvu a prispeje k odb\u00faraniu byrokracie;<\/li>\n<li>syst\u00e9m bude evidova\u0165 lie\u010dbu pacienta po\u010das cel\u00e9ho pobytu v nemocnici, tak\u017ee lek\u00e1ri a sestry z r\u00f4znych pracov\u00edsk o \u0148om bud\u00fa ma\u0165 komplexn\u00fd<\/li>\n<li>preh\u013ead (ak\u00e9 absolvoval vy\u0161etrenia, ak\u00e9 z\u00e1kroky ho e\u0161te \u010dakaj\u00fa, ak\u00e9 m\u00e1 v\u00fdsledky laborat\u00f3rnych testov a r\u00e1diologick\u00fdch vy\u0161etren\u00ed a pod.);<\/li>\n<li>syst\u00e9m pom\u00f4\u017ee prec\u00edznej\u0161ie pl\u00e1nova\u0165 hospitaliz\u00e1cie, oper\u00e1cie, zdravotn\u00edcky materi\u00e1l, krv, lieky \u010di stravu a z\u00e1rove\u0148 umo\u017en\u00ed vytv\u00e1ra\u0165 pre lek\u00e1rov a sestry konkr\u00e9tne \u00falohy s funkciou zasielania notifik\u00e1ci\u00ed;<\/li>\n<\/ul>\n<\/div>\n<\/div><\/div><\/div><div id=\"pgc-1088-2-1\"  class=\"panel-grid-cell\" ><div id=\"panel-1088-2-1-0\" class=\"so-panel widget widget_sow-editor panel-first-child panel-last-child\" data-index=\"5\" ><div\n\t\t\t\n\t\t\tclass=\"so-widget-sow-editor so-widget-sow-editor-base\"\n\t\t\t\n\t\t>\n<div class=\"siteorigin-widget-tinymce textwidget\">\n\t<div class=\"\">\n<div class=\"\" dir=\"ltr\">\n<div class=\"\" dir=\"ltr\">\n<div class=\"\" dir=\"ltr\">\n<div class=\"\" dir=\"ltr\">\n<div class=\"gmail_default\">\n<h2><strong>Nemocnica bez papierov<\/strong><\/h2>\n<ul>\n<li>strategick\u00fdm cie\u013eom je nov\u00fd nemocni\u010dn\u00fd informa\u010dn\u00fd syst\u00e9m podporuj\u00faci mobiln\u00e9 aplik\u00e1cie pre person\u00e1l aj pacientov;<\/li>\n<li>jednoduch\u00fd pr\u00edstup k medic\u00ednskym d\u00e1tam, ktor\u00e9 umo\u017enia vytv\u00e1ra\u0165 anal\u00fdzy, \u0161tatistiky a klinick\u00e9 \u0161t\u00fadie, ako aj zav\u00e1dza\u0165 nov\u00e9 typy lie\u010dby;<\/li>\n<li>syst\u00e9m podpor\u00ed automatiz\u00e1ciu niektor\u00fdch procesov, zlep\u0161\u00ed mana\u017ement, zjednodu\u0161\u00ed administrat\u00edvu a prispeje k\u00a0odb\u00faraniu byrokracie;<\/li>\n<li>syst\u00e9m bude evidova\u0165 pacienta po\u010das cel\u00e9ho pobytu v nemocnici, tak\u017ee lek\u00e1ri a\u00a0sestry z r\u00f4znych pracov\u00edsk o \u0148om bud\u00fa ma\u0165 komplexn\u00fd preh\u013ead (kde sa nach\u00e1dza, ak\u00e9 absolvoval vy\u0161etrenia, ak\u00e9 z\u00e1kroky ho e\u0161te \u010dakaj\u00fa, ak\u00e9 m\u00e1 v\u00fdsledky laborat\u00f3rnych testov a r\u00e1diologick\u00fdch vy\u0161etren\u00ed a pod.);<\/li>\n<li>syst\u00e9m pom\u00f4\u017ee prec\u00edznej\u0161ie pl\u00e1nova\u0165 hospitaliz\u00e1cie, oper\u00e1cie, zdravotn\u00edcky materi\u00e1l, krv, lieky \u010di stravu a z\u00e1rove\u0148 umo\u017en\u00ed vytv\u00e1ra\u0165 pre lek\u00e1rov a sestry konkr\u00e9tne \u00falohy s\u00a0funkciou zasielania notifik\u00e1ci\u00ed;<\/li>\n<li>nemocnica bude pripraven\u00e1 ako bezpapierov\u00e1, pr\u00edpadne sa stane bezpapierovou v okamihu, ako to legislat\u00edva bude umo\u017e\u0148ova\u0165;<\/li>\n<\/ul>\n<\/div>\n<\/div>\n<\/div>\n<\/div>\n<\/div>\n<\/div>\n<\/div>\n<\/div><\/div><\/div><\/div><\/div><div id=\"pg-1088-3\"  class=\"panel-grid panel-has-style\" ><div class=\"panel-row-style panel-row-style-for-1088-3\" ><div id=\"pgc-1088-3-0\"  class=\"panel-grid-cell panel-grid-cell-mobile-last\" ><div id=\"panel-1088-3-0-0\" class=\"so-panel widget widget_sow-editor panel-first-child panel-last-child\" data-index=\"6\" ><div\n\t\t\t\n\t\t\tclass=\"so-widget-sow-editor so-widget-sow-editor-base\"\n\t\t\t\n\t\t>\n<div class=\"siteorigin-widget-tinymce textwidget\">\n\t<h2><strong>Efekt\u00edvna prev\u00e1dzka<\/strong><\/h2>\n<ul>\n<li>p\u00e4\u0165podla\u017en\u00e1 budova navrhnut\u00e1 s\u00a0vysok\u00fdm d\u00f4razom na efektivitu prev\u00e1dzky a\u00a0skvalitnenie poskytovanie starostlivosti;<\/li>\n<li>vyu\u017e\u00edvanie spolo\u010dn\u00fdch kapac\u00edt, ako s\u00fa pl\u00e1vaj\u00face l\u00f4\u017eka, univerz\u00e1lne ambulantn\u00e9 vy\u0161etrovne \u010di zdie\u013eanie o\u0161etrovate\u013esk\u00e9ho a in\u00e9ho person\u00e1lu;<\/li>\n<\/ul>\n<\/div>\n<\/div><\/div><\/div><div id=\"pgc-1088-3-1\"  class=\"panel-grid-cell panel-grid-cell-empty\" ><\/div><\/div><\/div><\/div>","protected":false},"excerpt":{"rendered":"<p>Orient\u00e1cia na pacienta jednol\u00f4\u017ekov\u00fd \u0161tandard na v\u0161etk\u00fdch izb\u00e1ch vr\u00e1tane intenz\u00edvnej starostlivosti s\u00a0vlastn\u00fdm soci\u00e1lnym zariaden\u00edm; modern\u00fd infotainment\/TV s pripojen\u00edm na wifi na ka\u017edej izbe; zapojenie rodinn\u00fdch pr\u00edslu\u0161n\u00edkov do syst\u00e9mu zdravotnej starostlivosti \u2013 mo\u017enos\u0165 pr\u00edtomnosti bl\u00edzkych po\u010das hospitaliz\u00e1cie, integrovan\u00e1 starostlivos\u0165 na jednotke neonatologickej intenz\u00edvnej starostlivosti (spolo\u010dn\u00fd pobyt matky a die\u0165a\u0165a); integrovan\u00fd pr\u00edstup k poskytovaniu zdravotnej starostlivosti s [&hellip;]<\/p>\n","protected":false},"author":9,"featured_media":7462,"parent":0,"menu_order":0,"comment_status":"closed","ping_status":"closed","template":"","meta":{"_acf_changed":false,"iawp_total_views":229,"footnotes":""},"class_list":["post-1088","page","type-page","status-publish","has-post-thumbnail","hentry"],"acf":[],"yoast_head":"<!-- This site is optimized with the Yoast SEO plugin v25.6 - https:\/\/yoast.com\/wordpress\/plugins\/seo\/ -->\n<title>7 princ\u00edpov Nemocnice Bory<\/title>\n<meta name=\"description\" content=\"Poslan\u00edm Nemocnice Bory je 7 princ\u00edpov so zameran\u00edm na kvalitu zdravotn\u00edctva, orient\u00e1ciou na pacienta a zlep\u0161ovan\u00edm medic\u00ednskych procesov.\" \/>\n<meta name=\"robots\" content=\"index, follow, max-snippet:-1, max-image-preview:large, max-video-preview:-1\" \/>\n<link rel=\"canonical\" href=\"https:\/\/nemocnica-bory.sk\/7-principov-nemocnice-novej-generacie-bratislava\/\" \/>\n<meta property=\"og:locale\" content=\"en_US\" \/>\n<meta property=\"og:type\" content=\"article\" \/>\n<meta property=\"og:title\" content=\"7 princ\u00edpov Nemocnice Bory\" \/>\n<meta property=\"og:description\" content=\"Poslan\u00edm Nemocnice Bory je 7 princ\u00edpov so zameran\u00edm na kvalitu zdravotn\u00edctva, orient\u00e1ciou na pacienta a zlep\u0161ovan\u00edm medic\u00ednskych procesov.\" \/>\n<meta property=\"og:url\" content=\"https:\/\/nemocnica-bory.sk\/7-principov-nemocnice-novej-generacie-bratislava\/\" \/>\n<meta property=\"og:site_name\" content=\"Nemocnica Bory\" \/>\n<meta property=\"article:publisher\" content=\"https:\/\/www.facebook.com\/nemocnicabory\/\" \/>\n<meta property=\"article:modified_time\" content=\"2025-10-29T09:32:27+00:00\" \/>\n<meta property=\"og:image\" content=\"https:\/\/nemocnica-bory.sk\/wp-content\/uploads\/2022\/07\/nemocnica-bory.sk_stavba-nemocnice-bory-interier-a-exterier-urgent8.jpg\" \/>\n\t<meta property=\"og:image:width\" content=\"1200\" \/>\n\t<meta property=\"og:image:height\" content=\"801\" \/>\n\t<meta property=\"og:image:type\" content=\"image\/jpeg\" \/>\n<meta name=\"twitter:card\" content=\"summary_large_image\" \/>\n<meta name=\"twitter:label1\" content=\"Est. reading time\" \/>\n\t<meta name=\"twitter:data1\" content=\"4 minutes\" \/>\n<script type=\"application\/ld+json\" class=\"yoast-schema-graph\">{\"@context\":\"https:\/\/schema.org\",\"@graph\":[{\"@type\":\"WebPage\",\"@id\":\"https:\/\/nemocnica-bory.sk\/7-principov-nemocnice-novej-generacie-bratislava\/\",\"url\":\"https:\/\/nemocnica-bory.sk\/7-principov-nemocnice-novej-generacie-bratislava\/\",\"name\":\"7 princ\u00edpov Nemocnice Bory\",\"isPartOf\":{\"@id\":\"https:\/\/nemocnica-bory.sk\/#website\"},\"primaryImageOfPage\":{\"@id\":\"https:\/\/nemocnica-bory.sk\/7-principov-nemocnice-novej-generacie-bratislava\/#primaryimage\"},\"image\":{\"@id\":\"https:\/\/nemocnica-bory.sk\/7-principov-nemocnice-novej-generacie-bratislava\/#primaryimage\"},\"thumbnailUrl\":\"https:\/\/nemocnica-bory.sk\/wp-content\/uploads\/2022\/07\/nemocnica-bory.sk_stavba-nemocnice-bory-interier-a-exterier-urgent8.jpg\",\"datePublished\":\"2020-04-27T06:27:05+00:00\",\"dateModified\":\"2025-10-29T09:32:27+00:00\",\"description\":\"Poslan\u00edm Nemocnice Bory je 7 princ\u00edpov so zameran\u00edm na kvalitu zdravotn\u00edctva, orient\u00e1ciou na pacienta a zlep\u0161ovan\u00edm medic\u00ednskych procesov.\",\"breadcrumb\":{\"@id\":\"https:\/\/nemocnica-bory.sk\/7-principov-nemocnice-novej-generacie-bratislava\/#breadcrumb\"},\"inLanguage\":\"en-US\",\"potentialAction\":[{\"@type\":\"ReadAction\",\"target\":[\"https:\/\/nemocnica-bory.sk\/7-principov-nemocnice-novej-generacie-bratislava\/\"]}]},{\"@type\":\"ImageObject\",\"inLanguage\":\"en-US\",\"@id\":\"https:\/\/nemocnica-bory.sk\/7-principov-nemocnice-novej-generacie-bratislava\/#primaryimage\",\"url\":\"https:\/\/nemocnica-bory.sk\/wp-content\/uploads\/2022\/07\/nemocnica-bory.sk_stavba-nemocnice-bory-interier-a-exterier-urgent8.jpg\",\"contentUrl\":\"https:\/\/nemocnica-bory.sk\/wp-content\/uploads\/2022\/07\/nemocnica-bory.sk_stavba-nemocnice-bory-interier-a-exterier-urgent8.jpg\",\"width\":1200,\"height\":801},{\"@type\":\"BreadcrumbList\",\"@id\":\"https:\/\/nemocnica-bory.sk\/7-principov-nemocnice-novej-generacie-bratislava\/#breadcrumb\",\"itemListElement\":[{\"@type\":\"ListItem\",\"position\":1,\"name\":\"Home\",\"item\":\"https:\/\/nemocnica-bory.sk\/en\/\"},{\"@type\":\"ListItem\",\"position\":2,\"name\":\"7 princ\u00edpov Nemocnice Bory\"}]},{\"@type\":\"WebSite\",\"@id\":\"https:\/\/nemocnica-bory.sk\/#website\",\"url\":\"https:\/\/nemocnica-bory.sk\/\",\"name\":\"Nemocnica Bory\",\"description\":\"Nemocnica Bory\",\"publisher\":{\"@id\":\"https:\/\/nemocnica-bory.sk\/#organization\"},\"potentialAction\":[{\"@type\":\"SearchAction\",\"target\":{\"@type\":\"EntryPoint\",\"urlTemplate\":\"https:\/\/nemocnica-bory.sk\/?s={search_term_string}\"},\"query-input\":{\"@type\":\"PropertyValueSpecification\",\"valueRequired\":true,\"valueName\":\"search_term_string\"}}],\"inLanguage\":\"en-US\"},{\"@type\":\"Organization\",\"@id\":\"https:\/\/nemocnica-bory.sk\/#organization\",\"name\":\"Penta Hospitals\",\"url\":\"https:\/\/nemocnica-bory.sk\/\",\"logo\":{\"@type\":\"ImageObject\",\"inLanguage\":\"en-US\",\"@id\":\"https:\/\/nemocnica-bory.sk\/#\/schema\/logo\/image\/\",\"url\":\"https:\/\/nemocnica-bory.sk\/wp-content\/uploads\/2024\/05\/PH_bory_horizontal.png\",\"contentUrl\":\"https:\/\/nemocnica-bory.sk\/wp-content\/uploads\/2024\/05\/PH_bory_horizontal.png\",\"width\":1832,\"height\":513,\"caption\":\"Penta Hospitals\"},\"image\":{\"@id\":\"https:\/\/nemocnica-bory.sk\/#\/schema\/logo\/image\/\"},\"sameAs\":[\"https:\/\/www.facebook.com\/nemocnicabory\/\",\"https:\/\/www.linkedin.com\/company\/79088908\",\"https:\/\/www.instagram.com\/nemocnicabory\/\"]}]}<\/script>\n<!-- \/ Yoast SEO plugin. -->","yoast_head_json":{"title":"7 princ\u00edpov Nemocnice Bory","description":"Poslan\u00edm Nemocnice Bory je 7 princ\u00edpov so zameran\u00edm na kvalitu zdravotn\u00edctva, orient\u00e1ciou na pacienta a zlep\u0161ovan\u00edm medic\u00ednskych procesov.","robots":{"index":"index","follow":"follow","max-snippet":"max-snippet:-1","max-image-preview":"max-image-preview:large","max-video-preview":"max-video-preview:-1"},"canonical":"https:\/\/nemocnica-bory.sk\/7-principov-nemocnice-novej-generacie-bratislava\/","og_locale":"en_US","og_type":"article","og_title":"7 princ\u00edpov Nemocnice Bory","og_description":"Poslan\u00edm Nemocnice Bory je 7 princ\u00edpov so zameran\u00edm na kvalitu zdravotn\u00edctva, orient\u00e1ciou na pacienta a zlep\u0161ovan\u00edm medic\u00ednskych procesov.","og_url":"https:\/\/nemocnica-bory.sk\/7-principov-nemocnice-novej-generacie-bratislava\/","og_site_name":"Nemocnica Bory","article_publisher":"https:\/\/www.facebook.com\/nemocnicabory\/","article_modified_time":"2025-10-29T09:32:27+00:00","og_image":[{"width":1200,"height":801,"url":"https:\/\/nemocnica-bory.sk\/wp-content\/uploads\/2022\/07\/nemocnica-bory.sk_stavba-nemocnice-bory-interier-a-exterier-urgent8.jpg","type":"image\/jpeg"}],"twitter_card":"summary_large_image","twitter_misc":{"Est. reading time":"4 minutes"},"schema":{"@context":"https:\/\/schema.org","@graph":[{"@type":"WebPage","@id":"https:\/\/nemocnica-bory.sk\/7-principov-nemocnice-novej-generacie-bratislava\/","url":"https:\/\/nemocnica-bory.sk\/7-principov-nemocnice-novej-generacie-bratislava\/","name":"7 princ\u00edpov Nemocnice Bory","isPartOf":{"@id":"https:\/\/nemocnica-bory.sk\/#website"},"primaryImageOfPage":{"@id":"https:\/\/nemocnica-bory.sk\/7-principov-nemocnice-novej-generacie-bratislava\/#primaryimage"},"image":{"@id":"https:\/\/nemocnica-bory.sk\/7-principov-nemocnice-novej-generacie-bratislava\/#primaryimage"},"thumbnailUrl":"https:\/\/nemocnica-bory.sk\/wp-content\/uploads\/2022\/07\/nemocnica-bory.sk_stavba-nemocnice-bory-interier-a-exterier-urgent8.jpg","datePublished":"2020-04-27T06:27:05+00:00","dateModified":"2025-10-29T09:32:27+00:00","description":"Poslan\u00edm Nemocnice Bory je 7 princ\u00edpov so zameran\u00edm na kvalitu zdravotn\u00edctva, orient\u00e1ciou na pacienta a zlep\u0161ovan\u00edm medic\u00ednskych procesov.","breadcrumb":{"@id":"https:\/\/nemocnica-bory.sk\/7-principov-nemocnice-novej-generacie-bratislava\/#breadcrumb"},"inLanguage":"en-US","potentialAction":[{"@type":"ReadAction","target":["https:\/\/nemocnica-bory.sk\/7-principov-nemocnice-novej-generacie-bratislava\/"]}]},{"@type":"ImageObject","inLanguage":"en-US","@id":"https:\/\/nemocnica-bory.sk\/7-principov-nemocnice-novej-generacie-bratislava\/#primaryimage","url":"https:\/\/nemocnica-bory.sk\/wp-content\/uploads\/2022\/07\/nemocnica-bory.sk_stavba-nemocnice-bory-interier-a-exterier-urgent8.jpg","contentUrl":"https:\/\/nemocnica-bory.sk\/wp-content\/uploads\/2022\/07\/nemocnica-bory.sk_stavba-nemocnice-bory-interier-a-exterier-urgent8.jpg","width":1200,"height":801},{"@type":"BreadcrumbList","@id":"https:\/\/nemocnica-bory.sk\/7-principov-nemocnice-novej-generacie-bratislava\/#breadcrumb","itemListElement":[{"@type":"ListItem","position":1,"name":"Home","item":"https:\/\/nemocnica-bory.sk\/en\/"},{"@type":"ListItem","position":2,"name":"7 princ\u00edpov Nemocnice Bory"}]},{"@type":"WebSite","@id":"https:\/\/nemocnica-bory.sk\/#website","url":"https:\/\/nemocnica-bory.sk\/","name":"Nemocnica Bory","description":"Nemocnica Bory","publisher":{"@id":"https:\/\/nemocnica-bory.sk\/#organization"},"potentialAction":[{"@type":"SearchAction","target":{"@type":"EntryPoint","urlTemplate":"https:\/\/nemocnica-bory.sk\/?s={search_term_string}"},"query-input":{"@type":"PropertyValueSpecification","valueRequired":true,"valueName":"search_term_string"}}],"inLanguage":"en-US"},{"@type":"Organization","@id":"https:\/\/nemocnica-bory.sk\/#organization","name":"Penta Hospitals","url":"https:\/\/nemocnica-bory.sk\/","logo":{"@type":"ImageObject","inLanguage":"en-US","@id":"https:\/\/nemocnica-bory.sk\/#\/schema\/logo\/image\/","url":"https:\/\/nemocnica-bory.sk\/wp-content\/uploads\/2024\/05\/PH_bory_horizontal.png","contentUrl":"https:\/\/nemocnica-bory.sk\/wp-content\/uploads\/2024\/05\/PH_bory_horizontal.png","width":1832,"height":513,"caption":"Penta Hospitals"},"image":{"@id":"https:\/\/nemocnica-bory.sk\/#\/schema\/logo\/image\/"},"sameAs":["https:\/\/www.facebook.com\/nemocnicabory\/","https:\/\/www.linkedin.com\/company\/79088908","https:\/\/www.instagram.com\/nemocnicabory\/"]}]}},"_links":{"self":[{"href":"https:\/\/nemocnica-bory.sk\/en\/wp-json\/wp\/v2\/pages\/1088"}],"collection":[{"href":"https:\/\/nemocnica-bory.sk\/en\/wp-json\/wp\/v2\/pages"}],"about":[{"href":"https:\/\/nemocnica-bory.sk\/en\/wp-json\/wp\/v2\/types\/page"}],"author":[{"embeddable":true,"href":"https:\/\/nemocnica-bory.sk\/en\/wp-json\/wp\/v2\/users\/9"}],"replies":[{"embeddable":true,"href":"https:\/\/nemocnica-bory.sk\/en\/wp-json\/wp\/v2\/comments?post=1088"}],"version-history":[{"count":0,"href":"https:\/\/nemocnica-bory.sk\/en\/wp-json\/wp\/v2\/pages\/1088\/revisions"}],"wp:featuredmedia":[{"embeddable":true,"href":"https:\/\/nemocnica-bory.sk\/en\/wp-json\/wp\/v2\/media\/7462"}],"wp:attachment":[{"href":"https:\/\/nemocnica-bory.sk\/en\/wp-json\/wp\/v2\/media?parent=1088"}],"curies":[{"name":"wp","href":"https:\/\/api.w.org\/{rel}","templated":true}]}}