{"id":12466,"date":"2023-09-13T08:49:09","date_gmt":"2023-09-13T06:49:09","guid":{"rendered":"https:\/\/nemocnica-bory.sk\/?page_id=12466"},"modified":"2025-06-10T13:48:08","modified_gmt":"2025-06-10T11:48:08","slug":"pre-lekarov","status":"publish","type":"page","link":"https:\/\/nemocnica-bory.sk\/en\/pre-lekarov\/","title":{"rendered":"Pre lek\u00e1rov"},"content":{"rendered":"<div id=\"pl-12466\"  class=\"panel-layout\" ><div id=\"pg-12466-0\"  class=\"panel-grid panel-no-style\" ><div id=\"pgc-12466-0-0\"  class=\"panel-grid-cell\" ><div id=\"panel-12466-0-0-0\" class=\"so-panel widget widget_sow-editor panel-first-child panel-last-child\" data-index=\"0\" ><div\n\t\t\t\n\t\t\tclass=\"so-widget-sow-editor so-widget-sow-editor-base\"\n\t\t\t\n\t\t>\n<div class=\"siteorigin-widget-tinymce textwidget\">\n\t  \t<div class=\"cross-banner splide\">\n\t\t<div class=\"splide__track\">\n\t\t\t<ul class=\"splide__list\">\n\t\t\t\t\t\t\t\t\t<li class=\"splide__slide\">\n\t\t\t\t\t\t<a href=\"#lekar\" class=\"cross-banner-box cross-banner-box-3 cross-banner-box-gradient\">\n\t\t\t\t\t\t\t<img decoding=\"async\" src=\"https:\/\/nemocnica-bory.sk\/wp-content\/uploads\/2023\/04\/nemocnica-bory.sk-pracovisko-neurochirurgie_1200x8003.png\" alt=\"\" class=\"cross-banner-box-img\">\n\t\t\t\t\t\t\t<div class=\"cross-banner-box-content\">\n\t\t\t\t\t\t\t\t\t\t\t\t\t\t\t\t\t<h2 class=\"cross-banner-box-title\">Kontakt pre lek\u00e1rov<\/h2>\n\t\t\t\t\t\t\t\t\n\t\t\t\t\t\t\t\t\t\t\t\t\t\t\t<\/div>\n\t\t\t\t\t\t<\/a>\n\t\t\t\t\t<\/li>\n\t\t\t\t\t\t\t\t\t<li class=\"splide__slide\">\n\t\t\t\t\t\t<a href=\"#workshopy\" class=\"cross-banner-box cross-banner-box-3 cross-banner-box-gradient\">\n\t\t\t\t\t\t\t<img decoding=\"async\" src=\"https:\/\/nemocnica-bory.sk\/wp-content\/uploads\/2024\/06\/Papay_Workshop-Mammacentrum_Nemocnica-Bory.jpg\" alt=\"\" class=\"cross-banner-box-img\">\n\t\t\t\t\t\t\t<div class=\"cross-banner-box-content\">\n\t\t\t\t\t\t\t\t\t\t\t\t\t\t\t\t\t<h2 class=\"cross-banner-box-title\">Workshopy pre odborn\u00fa verejnos\u0165<\/h2>\n\t\t\t\t\t\t\t\t\n\t\t\t\t\t\t\t\t\t\t\t\t\t\t\t<\/div>\n\t\t\t\t\t\t<\/a>\n\t\t\t\t\t<\/li>\n\t\t\t\t\t\t\t\t\t<li class=\"splide__slide\">\n\t\t\t\t\t\t<a href=\"https:\/\/nemocnica-bory.sk\/robotic-center\/\" class=\"cross-banner-box cross-banner-box-3 cross-banner-box-gradient\">\n\t\t\t\t\t\t\t<img decoding=\"async\" src=\"https:\/\/nemocnica-bory.sk\/wp-content\/uploads\/2023\/12\/nemocnica-bory.sk-videoonkochirurgia-laparoskopia-vs-robotika-liecba-rakoviny-konecnika6.jpeg\" alt=\"\" class=\"cross-banner-box-img\">\n\t\t\t\t\t\t\t<div class=\"cross-banner-box-content\">\n\t\t\t\t\t\t\t\t\t\t\t\t\t\t\t\t\t<h2 class=\"cross-banner-box-title\">Robotick\u00e9 centrum<\/h2>\n\t\t\t\t\t\t\t\t\n\t\t\t\t\t\t\t\t\t\t\t\t\t\t\t<\/div>\n\t\t\t\t\t\t<\/a>\n\t\t\t\t\t<\/li>\n\t\t\t\t\t\t\t<\/ul>\n\t\t<\/div>\n\t\t<div class=\"splide__arrows\">\n\t\t\t<style>\n\t\t\t\t.cross-banner .splide__arrow {\n\t\t\t\t\tborder-color: #033e75;\n\t\t\t\t}\n\t\t\t\t.cross-banner .splide__arrow svg {\n\t\t\t\t\tcolor: #033e75;\n\t\t\t\t}\n\t\t\t\t.cross-banner .splide__arrow:hover {\n\t\t\t\t\tbackground-color: #033e75;\n\t\t\t\t}\n\t\t\t\t.cross-banner .splide__arrow:hover svg {\n\t\t\t\t\tcolor: #fff;\n\t\t\t\t}\n\t\t\t<\/style>\n\t\t\t<button class=\"splide__arrow splide__arrow--prev\">\n\t\t\t\t<svg viewBox=\"0 0 6.67 11.97\" style=\"transform: rotate(180deg)\">\n\t\t\t\t\t<path d=\"M6.38,5.38,1.38.25A.77.77,0,0,0,.25.25a.85.85,0,0,0,0,1.2L4.72,6,.32,10.52a.83.83,0,0,0,0,1.2.77.77,0,0,0,1.13,0l5-5.14a.56.56,0,0,0,.2-.6A1,1,0,0,0,6.38,5.38Z\" fill=\"currentColor\"\/>\n\t\t\t\t<\/svg>\n\t\t\t<\/button>\n\t\t\t<button class=\"splide__arrow splide__arrow--next\">\n\t\t\t\t<svg viewBox=\"0 0 6.67 11.97\">\n\t\t\t\t\t<path d=\"M6.38,5.38,1.38.25A.77.77,0,0,0,.25.25a.85.85,0,0,0,0,1.2L4.72,6,.32,10.52a.83.83,0,0,0,0,1.2.77.77,0,0,0,1.13,0l5-5.14a.56.56,0,0,0,.2-.6A1,1,0,0,0,6.38,5.38Z\" fill=\"currentColor\"\/>\n\t\t\t\t<\/svg>\n\t\t\t<\/button>\n\t\t<\/div>\n\t<\/div>\n  \n<\/div>\n<\/div><\/div><\/div><\/div><div id=\"pg-12466-1\"  class=\"panel-grid panel-has-style\" ><div id=\"lekar\" class=\"panel-row-style panel-row-style-for-12466-1\" ><div id=\"pgc-12466-1-0\"  class=\"panel-grid-cell\" ><div id=\"panel-12466-1-0-0\" class=\"so-panel widget widget_sow-editor panel-first-child panel-last-child\" data-index=\"1\" ><div\n\t\t\t\n\t\t\tclass=\"so-widget-sow-editor so-widget-sow-editor-base\"\n\t\t\t\n\t\t>\n<div class=\"siteorigin-widget-tinymce textwidget\">\n\t<h2>Kontakt pre lek\u00e1rov<\/h2>\n<p><strong>Upozornenie:<\/strong> T\u00e1to linka sl\u00fa\u017ei <strong>v\u00fdhradne na komunik\u00e1ciu medzi Nemocnicou Bory a lek\u00e1rmi z in\u00fdch zdravotn\u00edckych zariaden\u00ed<\/strong>. Pacientom ani pr\u00edbuzn\u00fdm nevieme na tomto \u010d\u00edsle poskytn\u00fa\u0165 inform\u00e1cie. Pros\u00edme vola\u0165 kontaktn\u00e9 centrum.<\/p>\n<ul>\n<li><b>Pre lek\u00e1rov - 24\/7 na \u010d\u00edsle<\/b><strong>\u00a0+421 950 105 206<\/strong><\/li>\n<\/ul>\n<h2>Kontakt pre pacientov a ich pr\u00edbuzn\u00fdch<\/h2>\n<ul>\n<li><strong>Spojenie s urgentn\u00fdm pr\u00edjmom: <\/strong>telefonicky cez kontaktn\u00e9 centrum na \u010d\u00edsle <strong>0950 105 510,\u00a0vo\u013eba 4.<\/strong><\/li>\n<li><strong>Inform\u00e1cie o hospitalizovanom pacientovi:<\/strong> telefonicky cez kontaktn\u00e9 centrum <strong>na \u010d\u00edsle 0950 105 510 v \u010dase od 7.00 do 17.00 h, vo\u013eba 5.<\/strong><\/li>\n<\/ul>\n<p>&nbsp;<\/p>\n<p><strong>Upozornenie: Pre z\u00edskanie inform\u00e1ci\u00ed budete potrebova\u0165 identifika\u010dn\u00fd k\u00f3d hospitalizovan\u00e9ho pacienta (TOKEN).<\/strong><\/p>\n<ul>\n<li>Aby sme sa vedeli prepoji\u0165 na recepciu pr\u00edslu\u0161n\u00e9ho oddelenia, budeme od v\u00e1s vy\u017eadova\u0165 cel\u00e9 meno hospitalizovan\u00e9ho pacienta a takzvan\u00fd TOKEN.<\/li>\n<li>Ide o 4-miestny k\u00f3d - p\u00edsmeno, za ktor\u00fdm nasleduje troj\u010d\u00edslie.<\/li>\n<li>Poskytovanie inform\u00e1ci\u00ed o zdravotnom stave <strong>je mo\u017en\u00e9 len najbli\u017e\u0161ej rodine hospitalizovan\u00e9ho pacienta<\/strong>, pr\u00edpadne osob\u00e1m, ktor\u00e9 pri n\u00e1stupe na hospitaliz\u00e1ciu pacient zadefinoval.<\/li>\n<li>Bez t\u00fdchto identifika\u010dn\u00fdch \u00fadajov nem\u00f4\u017eeme va\u0161u po\u017eiadavku vyrie\u0161i\u0165. Obr\u00e1\u0165te sa, pros\u00edm, na priamo hospitalizovan\u00e9ho pacienta alebo na najbli\u017e\u0161iu rodinu.<\/li>\n<\/ul>\n<p>&nbsp;<\/p>\n<\/div>\n<\/div><\/div><\/div><\/div><\/div><div id=\"pg-12466-2\"  class=\"panel-grid panel-has-style\" ><div id=\"lekar\" class=\"panel-row-style panel-row-style-for-12466-2\" ><div id=\"pgc-12466-2-0\"  class=\"panel-grid-cell\" ><div id=\"panel-12466-2-0-0\" class=\"so-panel widget widget_sow-image panel-first-child panel-last-child\" data-index=\"2\" ><div\n\t\t\t\n\t\t\tclass=\"so-widget-sow-image so-widget-sow-image-default-8b5b6f678277-12466\"\n\t\t\t\n\t\t>\n<div class=\"sow-image-container\">\n\t\t<img \n\tsrc=\"https:\/\/nemocnica-bory.sk\/wp-content\/uploads\/2024\/06\/Papay_Workshop-Mammacentrum_Nemocnica-Bory.jpg\" width=\"2040\" height=\"1530\" srcset=\"https:\/\/nemocnica-bory.sk\/wp-content\/uploads\/2024\/06\/Papay_Workshop-Mammacentrum_Nemocnica-Bory.jpg 2040w, https:\/\/nemocnica-bory.sk\/wp-content\/uploads\/2024\/06\/Papay_Workshop-Mammacentrum_Nemocnica-Bory-300x225.jpg 300w, https:\/\/nemocnica-bory.sk\/wp-content\/uploads\/2024\/06\/Papay_Workshop-Mammacentrum_Nemocnica-Bory-1024x768.jpg 1024w, https:\/\/nemocnica-bory.sk\/wp-content\/uploads\/2024\/06\/Papay_Workshop-Mammacentrum_Nemocnica-Bory-768x576.jpg 768w, https:\/\/nemocnica-bory.sk\/wp-content\/uploads\/2024\/06\/Papay_Workshop-Mammacentrum_Nemocnica-Bory-1536x1152.jpg 1536w, https:\/\/nemocnica-bory.sk\/wp-content\/uploads\/2024\/06\/Papay_Workshop-Mammacentrum_Nemocnica-Bory-480x360.jpg 480w, https:\/\/nemocnica-bory.sk\/wp-content\/uploads\/2024\/06\/Papay_Workshop-Mammacentrum_Nemocnica-Bory-992x744.jpg 992w, https:\/\/nemocnica-bory.sk\/wp-content\/uploads\/2024\/06\/Papay_Workshop-Mammacentrum_Nemocnica-Bory-1200x900.jpg 1200w\" sizes=\"(max-width: 2040px) 100vw, 2040px\" title=\"P\u00e1pay_Workshop Mammacentrum_Nemocnica Bory\" alt=\"\" \t\tclass=\"so-widget-image\"\/>\n\t<\/div>\n\n<\/div><\/div><\/div><div id=\"pgc-12466-2-1\"  class=\"panel-grid-cell\" ><div id=\"panel-12466-2-1-0\" class=\"so-panel widget widget_sow-editor panel-first-child\" data-index=\"3\" ><div id=\"workshopy\" class=\"panel-widget-style panel-widget-style-for-12466-2-1-0\" ><div\n\t\t\t\n\t\t\tclass=\"so-widget-sow-editor so-widget-sow-editor-base\"\n\t\t\t\n\t\t>\n<div class=\"siteorigin-widget-tinymce textwidget\">\n\t<h2>Workshopy pre odborn\u00fa verejnos\u0165<\/h2>\n<p>V Nemocnici Bory sa pravidelne uskuto\u010d\u0148uj\u00fa odborn\u00e9 workshopy pre lek\u00e1rov a odborn\u00fa verejnos\u0165. Posledn\u00fd bol zameran\u00fd na predstavenie \u010dinnosti nov\u00e9ho pracoviska <a href=\"https:\/\/nemocnica-bory.sk\/pracovisko\/mammacentrum\/\">Mammacentra Bory<\/a> odbornej verejnosti. S\u00fa\u010das\u0165ou bohat\u00e9ho odborn\u00e9ho programu bol aj praktick\u00fd n\u00e1cvik odobratia vzorky prsn\u00edkov\u00e9ho tkaniva r\u00f4znymi technikami pod mamografickou a ultrazvukovou kontrolou.<\/p>\n<\/div>\n<\/div><\/div><\/div><div id=\"panel-12466-2-1-1\" class=\"so-panel widget widget_sow-cta panel-last-child\" data-index=\"4\" ><div\n\t\t\t\n\t\t\tclass=\"so-widget-sow-cta so-widget-sow-cta-default-a23258021f70-12466\"\n\t\t\t\n\t\t><div\n\tclass=\"sow-cta-base\"\n\t>\n\t\n\t<div class=\"sow-cta-wrapper\">\n\n\t\t<div class=\"sow-cta-text\">\n\t\t\t\t\t\t\t<h4 class=\"sow-cta-title\">\n\t\t\t\t\tPre\u010d\u00edtajte si o workshope\t\t\t\t<\/h4>\n\t\t\t\n\t\t\t\t\t<\/div>\n\n\t\t<div\n\t\t\t\n\t\t\tclass=\"so-widget-sow-button so-widget-sow-button-flat-2818fd5d81d0\"\n\t\t\t\n\t\t><div class=\"ow-button-base ow-button-align-center\"\n>\n\t\t\t<a\n\t\t\t\t\thref=\"https:\/\/nemocnica-bory.sk\/workshop-v-mammacentre-bory-skora-diagnostika-zachranuje-zivoty\/\"\n\t\t\t\t\tclass=\"sowb-button ow-icon-placement-left ow-button-hover\" \t>\n\t\t<span>\n\t\t\t\n\t\t\tViac info\t\t<\/span>\n\t\t\t<\/a>\n\t<\/div>\n<\/div>\n\t<\/div>\n\n\t<\/div>\n<\/div><\/div><\/div><\/div><\/div><div id=\"pg-12466-3\"  class=\"panel-grid panel-has-style\" ><div id=\"lekar\" class=\"panel-row-style panel-row-style-for-12466-3\" ><div id=\"pgc-12466-3-0\"  class=\"panel-grid-cell panel-grid-cell-empty\" ><\/div><\/div><\/div><\/div>","protected":false},"excerpt":{"rendered":"<p>Kontakt pre lek\u00e1rov Upozornenie: T\u00e1to linka sl\u00fa\u017ei v\u00fdhradne na komunik\u00e1ciu medzi Nemocnicou Bory a lek\u00e1rmi z in\u00fdch zdravotn\u00edckych zariaden\u00ed. Pacientom ani pr\u00edbuzn\u00fdm nevieme na tomto \u010d\u00edsle poskytn\u00fa\u0165 inform\u00e1cie. Pros\u00edme vola\u0165 kontaktn\u00e9 centrum. Pre lek\u00e1rov &#8211; 24\/7 na \u010d\u00edsle\u00a0+421 950 105 206 Kontakt pre pacientov a ich pr\u00edbuzn\u00fdch Spojenie s urgentn\u00fdm pr\u00edjmom: telefonicky cez kontaktn\u00e9 centrum [&hellip;]<\/p>\n","protected":false},"author":13,"featured_media":9815,"parent":0,"menu_order":0,"comment_status":"closed","ping_status":"closed","template":"","meta":{"_acf_changed":false,"iawp_total_views":8927,"footnotes":""},"class_list":["post-12466","page","type-page","status-publish","has-post-thumbnail","hentry"],"acf":[],"yoast_head":"<!-- This site is optimized with the Yoast SEO plugin v25.6 - https:\/\/yoast.com\/wordpress\/plugins\/seo\/ -->\n<title>Kontaktn\u00e1 linka pre lek\u00e1rov<\/title>\n<meta name=\"description\" content=\"Kontaktn\u00e1 linka sl\u00fa\u017ei na komunik\u00e1ciu medzi Nemocnicou Bory v Bratislave a lek\u00e1rmi z in\u00fdch zdravotn\u00edckych zariaden\u00ed.\" \/>\n<meta name=\"robots\" content=\"index, follow, max-snippet:-1, max-image-preview:large, max-video-preview:-1\" \/>\n<link rel=\"canonical\" href=\"https:\/\/nemocnica-bory.sk\/pre-lekarov\/\" \/>\n<meta property=\"og:locale\" content=\"en_US\" \/>\n<meta property=\"og:type\" content=\"article\" \/>\n<meta property=\"og:title\" content=\"Kontaktn\u00e1 linka pre lek\u00e1rov\" \/>\n<meta property=\"og:description\" content=\"Kontaktn\u00e1 linka sl\u00fa\u017ei na komunik\u00e1ciu medzi Nemocnicou Bory v Bratislave a lek\u00e1rmi z in\u00fdch zdravotn\u00edckych zariaden\u00ed.\" \/>\n<meta property=\"og:url\" content=\"https:\/\/nemocnica-bory.sk\/pre-lekarov\/\" \/>\n<meta property=\"og:site_name\" content=\"Nemocnica Bory\" \/>\n<meta property=\"article:publisher\" content=\"https:\/\/www.facebook.com\/nemocnicabory\/\" \/>\n<meta property=\"article:modified_time\" content=\"2025-06-10T11:48:08+00:00\" \/>\n<meta property=\"og:image\" content=\"https:\/\/nemocnica-bory.sk\/wp-content\/uploads\/2023\/04\/nemocnica-bory.sk-pracovisko-neurochirurgie_1200x8003.png\" \/>\n\t<meta property=\"og:image:width\" content=\"1200\" \/>\n\t<meta property=\"og:image:height\" content=\"800\" \/>\n\t<meta property=\"og:image:type\" content=\"image\/png\" \/>\n<meta name=\"twitter:card\" content=\"summary_large_image\" \/>\n<meta name=\"twitter:label1\" content=\"Est. reading time\" \/>\n\t<meta name=\"twitter:data1\" content=\"2 minutes\" \/>\n<script type=\"application\/ld+json\" class=\"yoast-schema-graph\">{\"@context\":\"https:\/\/schema.org\",\"@graph\":[{\"@type\":\"WebPage\",\"@id\":\"https:\/\/nemocnica-bory.sk\/pre-lekarov\/\",\"url\":\"https:\/\/nemocnica-bory.sk\/pre-lekarov\/\",\"name\":\"Kontaktn\u00e1 linka pre lek\u00e1rov\",\"isPartOf\":{\"@id\":\"https:\/\/nemocnica-bory.sk\/#website\"},\"primaryImageOfPage\":{\"@id\":\"https:\/\/nemocnica-bory.sk\/pre-lekarov\/#primaryimage\"},\"image\":{\"@id\":\"https:\/\/nemocnica-bory.sk\/pre-lekarov\/#primaryimage\"},\"thumbnailUrl\":\"https:\/\/nemocnica-bory.sk\/wp-content\/uploads\/2023\/04\/nemocnica-bory.sk-pracovisko-neurochirurgie_1200x8003.png\",\"datePublished\":\"2023-09-13T06:49:09+00:00\",\"dateModified\":\"2025-06-10T11:48:08+00:00\",\"description\":\"Kontaktn\u00e1 linka sl\u00fa\u017ei na komunik\u00e1ciu medzi Nemocnicou Bory v Bratislave a lek\u00e1rmi z in\u00fdch zdravotn\u00edckych zariaden\u00ed.\",\"breadcrumb\":{\"@id\":\"https:\/\/nemocnica-bory.sk\/pre-lekarov\/#breadcrumb\"},\"inLanguage\":\"en-US\",\"potentialAction\":[{\"@type\":\"ReadAction\",\"target\":[\"https:\/\/nemocnica-bory.sk\/pre-lekarov\/\"]}]},{\"@type\":\"ImageObject\",\"inLanguage\":\"en-US\",\"@id\":\"https:\/\/nemocnica-bory.sk\/pre-lekarov\/#primaryimage\",\"url\":\"https:\/\/nemocnica-bory.sk\/wp-content\/uploads\/2023\/04\/nemocnica-bory.sk-pracovisko-neurochirurgie_1200x8003.png\",\"contentUrl\":\"https:\/\/nemocnica-bory.sk\/wp-content\/uploads\/2023\/04\/nemocnica-bory.sk-pracovisko-neurochirurgie_1200x8003.png\",\"width\":1200,\"height\":800},{\"@type\":\"BreadcrumbList\",\"@id\":\"https:\/\/nemocnica-bory.sk\/pre-lekarov\/#breadcrumb\",\"itemListElement\":[{\"@type\":\"ListItem\",\"position\":1,\"name\":\"Home\",\"item\":\"https:\/\/nemocnica-bory.sk\/en\/\"},{\"@type\":\"ListItem\",\"position\":2,\"name\":\"Pre lek\u00e1rov\"}]},{\"@type\":\"WebSite\",\"@id\":\"https:\/\/nemocnica-bory.sk\/#website\",\"url\":\"https:\/\/nemocnica-bory.sk\/\",\"name\":\"Nemocnica Bory\",\"description\":\"Nemocnica Bory\",\"publisher\":{\"@id\":\"https:\/\/nemocnica-bory.sk\/#organization\"},\"potentialAction\":[{\"@type\":\"SearchAction\",\"target\":{\"@type\":\"EntryPoint\",\"urlTemplate\":\"https:\/\/nemocnica-bory.sk\/?s={search_term_string}\"},\"query-input\":{\"@type\":\"PropertyValueSpecification\",\"valueRequired\":true,\"valueName\":\"search_term_string\"}}],\"inLanguage\":\"en-US\"},{\"@type\":\"Organization\",\"@id\":\"https:\/\/nemocnica-bory.sk\/#organization\",\"name\":\"Penta Hospitals\",\"url\":\"https:\/\/nemocnica-bory.sk\/\",\"logo\":{\"@type\":\"ImageObject\",\"inLanguage\":\"en-US\",\"@id\":\"https:\/\/nemocnica-bory.sk\/#\/schema\/logo\/image\/\",\"url\":\"https:\/\/nemocnica-bory.sk\/wp-content\/uploads\/2024\/05\/PH_bory_horizontal.png\",\"contentUrl\":\"https:\/\/nemocnica-bory.sk\/wp-content\/uploads\/2024\/05\/PH_bory_horizontal.png\",\"width\":1832,\"height\":513,\"caption\":\"Penta Hospitals\"},\"image\":{\"@id\":\"https:\/\/nemocnica-bory.sk\/#\/schema\/logo\/image\/\"},\"sameAs\":[\"https:\/\/www.facebook.com\/nemocnicabory\/\",\"https:\/\/www.linkedin.com\/company\/79088908\",\"https:\/\/www.instagram.com\/nemocnicabory\/\"]}]}<\/script>\n<!-- \/ Yoast SEO plugin. -->","yoast_head_json":{"title":"Kontaktn\u00e1 linka pre lek\u00e1rov","description":"Kontaktn\u00e1 linka sl\u00fa\u017ei na komunik\u00e1ciu medzi Nemocnicou Bory v Bratislave a lek\u00e1rmi z in\u00fdch zdravotn\u00edckych zariaden\u00ed.","robots":{"index":"index","follow":"follow","max-snippet":"max-snippet:-1","max-image-preview":"max-image-preview:large","max-video-preview":"max-video-preview:-1"},"canonical":"https:\/\/nemocnica-bory.sk\/pre-lekarov\/","og_locale":"en_US","og_type":"article","og_title":"Kontaktn\u00e1 linka pre lek\u00e1rov","og_description":"Kontaktn\u00e1 linka sl\u00fa\u017ei na komunik\u00e1ciu medzi Nemocnicou Bory v Bratislave a lek\u00e1rmi z in\u00fdch zdravotn\u00edckych zariaden\u00ed.","og_url":"https:\/\/nemocnica-bory.sk\/pre-lekarov\/","og_site_name":"Nemocnica Bory","article_publisher":"https:\/\/www.facebook.com\/nemocnicabory\/","article_modified_time":"2025-06-10T11:48:08+00:00","og_image":[{"width":1200,"height":800,"url":"https:\/\/nemocnica-bory.sk\/wp-content\/uploads\/2023\/04\/nemocnica-bory.sk-pracovisko-neurochirurgie_1200x8003.png","type":"image\/png"}],"twitter_card":"summary_large_image","twitter_misc":{"Est. reading time":"2 minutes"},"schema":{"@context":"https:\/\/schema.org","@graph":[{"@type":"WebPage","@id":"https:\/\/nemocnica-bory.sk\/pre-lekarov\/","url":"https:\/\/nemocnica-bory.sk\/pre-lekarov\/","name":"Kontaktn\u00e1 linka pre lek\u00e1rov","isPartOf":{"@id":"https:\/\/nemocnica-bory.sk\/#website"},"primaryImageOfPage":{"@id":"https:\/\/nemocnica-bory.sk\/pre-lekarov\/#primaryimage"},"image":{"@id":"https:\/\/nemocnica-bory.sk\/pre-lekarov\/#primaryimage"},"thumbnailUrl":"https:\/\/nemocnica-bory.sk\/wp-content\/uploads\/2023\/04\/nemocnica-bory.sk-pracovisko-neurochirurgie_1200x8003.png","datePublished":"2023-09-13T06:49:09+00:00","dateModified":"2025-06-10T11:48:08+00:00","description":"Kontaktn\u00e1 linka sl\u00fa\u017ei na komunik\u00e1ciu medzi Nemocnicou Bory v Bratislave a lek\u00e1rmi z in\u00fdch zdravotn\u00edckych zariaden\u00ed.","breadcrumb":{"@id":"https:\/\/nemocnica-bory.sk\/pre-lekarov\/#breadcrumb"},"inLanguage":"en-US","potentialAction":[{"@type":"ReadAction","target":["https:\/\/nemocnica-bory.sk\/pre-lekarov\/"]}]},{"@type":"ImageObject","inLanguage":"en-US","@id":"https:\/\/nemocnica-bory.sk\/pre-lekarov\/#primaryimage","url":"https:\/\/nemocnica-bory.sk\/wp-content\/uploads\/2023\/04\/nemocnica-bory.sk-pracovisko-neurochirurgie_1200x8003.png","contentUrl":"https:\/\/nemocnica-bory.sk\/wp-content\/uploads\/2023\/04\/nemocnica-bory.sk-pracovisko-neurochirurgie_1200x8003.png","width":1200,"height":800},{"@type":"BreadcrumbList","@id":"https:\/\/nemocnica-bory.sk\/pre-lekarov\/#breadcrumb","itemListElement":[{"@type":"ListItem","position":1,"name":"Home","item":"https:\/\/nemocnica-bory.sk\/en\/"},{"@type":"ListItem","position":2,"name":"Pre lek\u00e1rov"}]},{"@type":"WebSite","@id":"https:\/\/nemocnica-bory.sk\/#website","url":"https:\/\/nemocnica-bory.sk\/","name":"Nemocnica Bory","description":"Nemocnica Bory","publisher":{"@id":"https:\/\/nemocnica-bory.sk\/#organization"},"potentialAction":[{"@type":"SearchAction","target":{"@type":"EntryPoint","urlTemplate":"https:\/\/nemocnica-bory.sk\/?s={search_term_string}"},"query-input":{"@type":"PropertyValueSpecification","valueRequired":true,"valueName":"search_term_string"}}],"inLanguage":"en-US"},{"@type":"Organization","@id":"https:\/\/nemocnica-bory.sk\/#organization","name":"Penta Hospitals","url":"https:\/\/nemocnica-bory.sk\/","logo":{"@type":"ImageObject","inLanguage":"en-US","@id":"https:\/\/nemocnica-bory.sk\/#\/schema\/logo\/image\/","url":"https:\/\/nemocnica-bory.sk\/wp-content\/uploads\/2024\/05\/PH_bory_horizontal.png","contentUrl":"https:\/\/nemocnica-bory.sk\/wp-content\/uploads\/2024\/05\/PH_bory_horizontal.png","width":1832,"height":513,"caption":"Penta Hospitals"},"image":{"@id":"https:\/\/nemocnica-bory.sk\/#\/schema\/logo\/image\/"},"sameAs":["https:\/\/www.facebook.com\/nemocnicabory\/","https:\/\/www.linkedin.com\/company\/79088908","https:\/\/www.instagram.com\/nemocnicabory\/"]}]}},"_links":{"self":[{"href":"https:\/\/nemocnica-bory.sk\/en\/wp-json\/wp\/v2\/pages\/12466"}],"collection":[{"href":"https:\/\/nemocnica-bory.sk\/en\/wp-json\/wp\/v2\/pages"}],"about":[{"href":"https:\/\/nemocnica-bory.sk\/en\/wp-json\/wp\/v2\/types\/page"}],"author":[{"embeddable":true,"href":"https:\/\/nemocnica-bory.sk\/en\/wp-json\/wp\/v2\/users\/13"}],"replies":[{"embeddable":true,"href":"https:\/\/nemocnica-bory.sk\/en\/wp-json\/wp\/v2\/comments?post=12466"}],"version-history":[{"count":0,"href":"https:\/\/nemocnica-bory.sk\/en\/wp-json\/wp\/v2\/pages\/12466\/revisions"}],"wp:featuredmedia":[{"embeddable":true,"href":"https:\/\/nemocnica-bory.sk\/en\/wp-json\/wp\/v2\/media\/9815"}],"wp:attachment":[{"href":"https:\/\/nemocnica-bory.sk\/en\/wp-json\/wp\/v2\/media?parent=12466"}],"curies":[{"name":"wp","href":"https:\/\/api.w.org\/{rel}","templated":true}]}}