{"id":16893,"date":"2024-07-16T09:59:17","date_gmt":"2024-07-16T07:59:17","guid":{"rendered":"https:\/\/nemocnica-bory.sk\/?page_id=16893"},"modified":"2025-11-21T05:42:57","modified_gmt":"2025-11-21T04:42:57","slug":"marketing-suhlas","status":"publish","type":"page","link":"https:\/\/nemocnica-bory.sk\/en\/marketing-suhlas\/","title":{"rendered":"S\u00fahlas so spracovan\u00edm osobn\u00fdch \u00fadajov pre marketingov\u00e9 \u00fa\u010dely"},"content":{"rendered":"<h2 style=\"text-align: center;\"><b>S\u00fahlas\u00a0<\/b><b>na zasielanie marketingov\u00fdch inform\u00e1ci\u00ed formou priameho marketingu<\/b><\/h2>\n<p style=\"text-align: center;\">udelen\u00fd pod\u013ea \u00a7 116 z\u00e1kona \u010d. 452\/2021 Z. z. o\u00a0elektronick\u00fdch komunik\u00e1ci\u00e1ch v platnom znen\u00ed (Telekomunika\u010dn\u00fd z\u00e1kon)<\/p>\n<h2><b>Pre\u010do v\u00e1s pros\u00edme o s\u00fahlas ?<\/b><\/h2>\n<p>Radi by sme v\u00e1m zasielali inform\u00e1cie, ktor\u00e9 s\u00fa s\u00fa\u010das\u0165ou priameho marketingu.<span class=\"Apple-converted-space\">\u00a0<\/span><\/p>\n<p>Priamym marketingom sa rozumie ak\u00e1ko\u013evek forma prezent\u00e1cie tovarov alebo slu\u017eieb v p\u00edsomnej forme alebo \u00fastnej forme, zaslan\u00e1 alebo prezentovan\u00e1 prostredn\u00edctvom verejne dostupnej slu\u017eby (SMS, mail, internet, soci\u00e1lne siete). \u00da\u010delom priameho marketingu je zvy\u0161ovanie povedomia o Nemocnici Bory a kvalite jej slu\u017eieb a produktov tak, aby si potencion\u00e1lni pacienti vybrali ako poskytovate\u013ea zdravotnej starostlivosti pr\u00e1ve Nemocnicu Bory.<\/p>\n<p>Na \u00fa\u010dely priameho marketingu je dovolen\u00e9 pou\u017e\u00edvanie automatick\u00fdch volac\u00edch a komunika\u010dn\u00fdch syst\u00e9mov bez \u013eudsk\u00e9ho z\u00e1sahu, telefaxu, elektronickej po\u0161ty, slu\u017eby SMS a slu\u017eby MMS len s predch\u00e1dzaj\u00facim preuk\u00e1zate\u013en\u00fdm s\u00fahlasom adres\u00e1ta.<\/p>\n<h3><b>Odvolanie s\u00fahlasu<\/b><\/h3>\n<p>Ak n\u00e1m s\u00fahlas udel\u00edte, m\u00e1te pr\u00e1vo kedyko\u013evek ho odvola\u0165, av\u0161ak odvolanie\u00a0<a href=\"https:\/\/www.aspi.sk\/products\/lawText\/5\/149086\/1\/2?vtextu=s%25C3%25BAhlas#lema52\">s\u00fahlasu<\/a> nem\u00e1 vplyv na z\u00e1konnos\u0165 sprac\u00favania va\u0161ich \u00fadajov vych\u00e1dzaj\u00faceho zo\u00a0<a href=\"https:\/\/www.aspi.sk\/products\/lawText\/5\/149086\/1\/2?vtextu=s%25C3%25BAhlas#lema53\">s\u00fahlasu<\/a> pred jeho odvolan\u00edm.\u00a0Udelenie s\u00fahlasu nie je povinn\u00e9 a\u00a0ak n\u00e1m s\u00fahlas neudel\u00edte, nebude to ma\u0165 pre v\u00e1s \u017eiadny negat\u00edvny n\u00e1sledok.<span class=\"Apple-converted-space\">\u00a0<\/span><\/p>\n<p>Odvolanie s\u00fahlasu m\u00f4\u017eete urobi\u0165 formou sms spr\u00e1vy, mailom, zakliknut\u00edm pr\u00edslu\u0161n\u00e9ho pol\u00ed\u010dka na webovom rozhran\u00ed, p\u00edsomne na adresu Nemocnice Bory alebo \u00fastne priamo u kontaktn\u00e9ho pracovn\u00edka na recepcii Nemocnice Bory. Nemocnica Bory v\u00e1m najnesk\u00f4r do 30 dn\u00ed odo d\u0148a odvolania s\u00fahlasu vyd\u00e1 potvrdenie o odvolan\u00ed s\u00fahlasu.<span class=\"Apple-converted-space\">\u00a0<\/span><\/p>\n<h3><b>Uchov\u00e1vanie<\/b><\/h3>\n<p>Nosi\u010d, na ktorom bude zaznamenan\u00fd vami udelen\u00fd s\u00fahlas a rovnako tak potvrdenie o odvolan\u00ed v\u00e1\u0161ho s\u00fahlasu sme povinn\u00ed pod\u013ea Telekomunika\u010dn\u00e9ho z\u00e1kona uchov\u00e1va\u0165 po dobu najmenej \u0161tyroch rokov od odvolania s\u00fahlasu.<\/p>\n<h2 style=\"text-align: center;\"><b>S\u00fahlas<\/b><\/h2>\n<p>Ude\u013eujem s\u00fahlas na to, aby mi spolo\u010dnos\u0165 Nemocnica BORY, a. s., Digital Park II, Einsteinova<span class=\"Apple-converted-space\">\u00a0 <\/span>25, Bratislava<span class=\"Apple-converted-space\">\u00a0 <\/span>851 01, I\u010cO 53\u00a0773\u00a0411 v r\u00e1mci priameho marketingu pod\u013ea \u00a7 116 Telekomunika\u010dn\u00e9ho z\u00e1kona zasielala inform\u00e1cie o\u00a0produktoch a\u00a0slu\u017eb\u00e1ch formou automatick\u00fdch volac\u00edch a komunika\u010dn\u00fdch syst\u00e9mov bez \u013eudsk\u00e9ho z\u00e1sahu, napr. elektronickou po\u0161tou, SMS \u010di MMS.<\/p>\n<p>S\u00fahlas\u00edm s\u00a0t\u00fdm, aby mi spolo\u010dnos\u0165 Nemocnica BORY, a. s. zasielala vy\u0161\u0161ie uveden\u00fdmi formami inform\u00e1cie v\u00a0r\u00e1mci priameho marketingu a\u00a0ude\u013eujem s\u00fahlas na spracovanie inform\u00e1ci\u00ed ako vek, pohlavie, rodinn\u00fd stav, geografia, oddelenie, ktor\u00e9 som ako pacient nav\u0161t\u00edvil a\u00a0d\u00e1tum posledn\u00e9ho term\u00ednu.<\/p>\n<p>Bli\u017e\u0161ie inform\u00e1cie o\u00a0sprac\u00favan\u00ed osobn\u00fdch \u00fadajov s\u00fa dostupn\u00e9 na <a href=\"https:\/\/nemocnica-bory.sk\/informacie-o-spracuvani-osobnych-udajov\/\">https:\/\/nemocnica-bory.sk\/informacie-o-spracuvani-osobnych-udajov\/<\/a><span class=\"Apple-converted-space\">\u00a0.<\/span><\/p>\n","protected":false},"excerpt":{"rendered":"<p>S\u00fahlas\u00a0na zasielanie marketingov\u00fdch inform\u00e1ci\u00ed formou priameho marketingu udelen\u00fd pod\u013ea \u00a7 116 z\u00e1kona \u010d. 452\/2021 Z. z. o\u00a0elektronick\u00fdch komunik\u00e1ci\u00e1ch v platnom znen\u00ed (Telekomunika\u010dn\u00fd z\u00e1kon) Pre\u010do v\u00e1s pros\u00edme o s\u00fahlas ? Radi by sme v\u00e1m zasielali inform\u00e1cie, ktor\u00e9 s\u00fa s\u00fa\u010das\u0165ou priameho marketingu.\u00a0 Priamym marketingom sa rozumie ak\u00e1ko\u013evek forma prezent\u00e1cie tovarov alebo slu\u017eieb v p\u00edsomnej forme alebo \u00fastnej [&hellip;]<\/p>\n","protected":false},"author":13,"featured_media":3597,"parent":0,"menu_order":0,"comment_status":"closed","ping_status":"closed","template":"","meta":{"_acf_changed":false,"iawp_total_views":650,"footnotes":""},"class_list":["post-16893","page","type-page","status-publish","has-post-thumbnail","hentry"],"acf":[],"yoast_head":"<!-- This site is optimized with the Yoast SEO plugin v25.6 - https:\/\/yoast.com\/wordpress\/plugins\/seo\/ -->\n<title>Priamy marketing \u2013 inform\u00e1cie pre pacientov - Nemocnica Bory<\/title>\n<meta name=\"description\" content=\"S\u00fahlas\u00a0na zasielanie marketingov\u00fdch inform\u00e1ci\u00ed formou priameho marketingu a s\u00fahlas o\u00a0sprac\u00favan\u00ed osobn\u00fdch \u00fadajov, Nemocnica Bory.\" \/>\n<meta name=\"robots\" content=\"index, follow, max-snippet:-1, max-image-preview:large, max-video-preview:-1\" \/>\n<link rel=\"canonical\" href=\"https:\/\/nemocnica-bory.sk\/marketing-suhlas\/\" \/>\n<meta property=\"og:locale\" content=\"en_US\" \/>\n<meta property=\"og:type\" content=\"article\" \/>\n<meta property=\"og:title\" content=\"Priamy marketing \u2013 inform\u00e1cie pre pacientov - Nemocnica Bory\" \/>\n<meta property=\"og:description\" content=\"S\u00fahlas\u00a0na zasielanie marketingov\u00fdch inform\u00e1ci\u00ed formou priameho marketingu a s\u00fahlas o\u00a0sprac\u00favan\u00ed osobn\u00fdch \u00fadajov, Nemocnica Bory.\" \/>\n<meta property=\"og:url\" content=\"https:\/\/nemocnica-bory.sk\/marketing-suhlas\/\" \/>\n<meta property=\"og:site_name\" content=\"Nemocnica Bory\" \/>\n<meta property=\"article:publisher\" content=\"https:\/\/www.facebook.com\/nemocnicabory\/\" \/>\n<meta property=\"article:modified_time\" content=\"2025-11-21T04:42:57+00:00\" \/>\n<meta property=\"og:image\" content=\"https:\/\/nemocnica-bory.sk\/wp-content\/uploads\/2020\/10\/nemocnica-bory_nove-online-workshopy_1600.jpg\" \/>\n\t<meta property=\"og:image:width\" content=\"1600\" \/>\n\t<meta property=\"og:image:height\" content=\"1067\" \/>\n\t<meta property=\"og:image:type\" content=\"image\/jpeg\" \/>\n<meta name=\"twitter:card\" content=\"summary_large_image\" \/>\n<meta name=\"twitter:label1\" content=\"Est. reading time\" \/>\n\t<meta name=\"twitter:data1\" content=\"3 minutes\" \/>\n<script type=\"application\/ld+json\" class=\"yoast-schema-graph\">{\"@context\":\"https:\/\/schema.org\",\"@graph\":[{\"@type\":\"WebPage\",\"@id\":\"https:\/\/nemocnica-bory.sk\/marketing-suhlas\/\",\"url\":\"https:\/\/nemocnica-bory.sk\/marketing-suhlas\/\",\"name\":\"Priamy marketing \u2013 inform\u00e1cie pre pacientov - Nemocnica Bory\",\"isPartOf\":{\"@id\":\"https:\/\/nemocnica-bory.sk\/#website\"},\"primaryImageOfPage\":{\"@id\":\"https:\/\/nemocnica-bory.sk\/marketing-suhlas\/#primaryimage\"},\"image\":{\"@id\":\"https:\/\/nemocnica-bory.sk\/marketing-suhlas\/#primaryimage\"},\"thumbnailUrl\":\"https:\/\/nemocnica-bory.sk\/wp-content\/uploads\/2020\/10\/nemocnica-bory_nove-online-workshopy_1600.jpg\",\"datePublished\":\"2024-07-16T07:59:17+00:00\",\"dateModified\":\"2025-11-21T04:42:57+00:00\",\"description\":\"S\u00fahlas\u00a0na zasielanie marketingov\u00fdch inform\u00e1ci\u00ed formou priameho marketingu a s\u00fahlas o\u00a0sprac\u00favan\u00ed osobn\u00fdch \u00fadajov, Nemocnica Bory.\",\"breadcrumb\":{\"@id\":\"https:\/\/nemocnica-bory.sk\/marketing-suhlas\/#breadcrumb\"},\"inLanguage\":\"en-US\",\"potentialAction\":[{\"@type\":\"ReadAction\",\"target\":[\"https:\/\/nemocnica-bory.sk\/marketing-suhlas\/\"]}]},{\"@type\":\"ImageObject\",\"inLanguage\":\"en-US\",\"@id\":\"https:\/\/nemocnica-bory.sk\/marketing-suhlas\/#primaryimage\",\"url\":\"https:\/\/nemocnica-bory.sk\/wp-content\/uploads\/2020\/10\/nemocnica-bory_nove-online-workshopy_1600.jpg\",\"contentUrl\":\"https:\/\/nemocnica-bory.sk\/wp-content\/uploads\/2020\/10\/nemocnica-bory_nove-online-workshopy_1600.jpg\",\"width\":1600,\"height\":1067},{\"@type\":\"BreadcrumbList\",\"@id\":\"https:\/\/nemocnica-bory.sk\/marketing-suhlas\/#breadcrumb\",\"itemListElement\":[{\"@type\":\"ListItem\",\"position\":1,\"name\":\"Home\",\"item\":\"https:\/\/nemocnica-bory.sk\/en\/\"},{\"@type\":\"ListItem\",\"position\":2,\"name\":\"S\u00fahlas so spracovan\u00edm osobn\u00fdch \u00fadajov pre marketingov\u00e9 \u00fa\u010dely\"}]},{\"@type\":\"WebSite\",\"@id\":\"https:\/\/nemocnica-bory.sk\/#website\",\"url\":\"https:\/\/nemocnica-bory.sk\/\",\"name\":\"Nemocnica Bory\",\"description\":\"Nemocnica Bory\",\"publisher\":{\"@id\":\"https:\/\/nemocnica-bory.sk\/#organization\"},\"potentialAction\":[{\"@type\":\"SearchAction\",\"target\":{\"@type\":\"EntryPoint\",\"urlTemplate\":\"https:\/\/nemocnica-bory.sk\/?s={search_term_string}\"},\"query-input\":{\"@type\":\"PropertyValueSpecification\",\"valueRequired\":true,\"valueName\":\"search_term_string\"}}],\"inLanguage\":\"en-US\"},{\"@type\":\"Organization\",\"@id\":\"https:\/\/nemocnica-bory.sk\/#organization\",\"name\":\"Penta Hospitals\",\"url\":\"https:\/\/nemocnica-bory.sk\/\",\"logo\":{\"@type\":\"ImageObject\",\"inLanguage\":\"en-US\",\"@id\":\"https:\/\/nemocnica-bory.sk\/#\/schema\/logo\/image\/\",\"url\":\"https:\/\/nemocnica-bory.sk\/wp-content\/uploads\/2024\/05\/PH_bory_horizontal.png\",\"contentUrl\":\"https:\/\/nemocnica-bory.sk\/wp-content\/uploads\/2024\/05\/PH_bory_horizontal.png\",\"width\":1832,\"height\":513,\"caption\":\"Penta Hospitals\"},\"image\":{\"@id\":\"https:\/\/nemocnica-bory.sk\/#\/schema\/logo\/image\/\"},\"sameAs\":[\"https:\/\/www.facebook.com\/nemocnicabory\/\",\"https:\/\/www.linkedin.com\/company\/79088908\",\"https:\/\/www.instagram.com\/nemocnicabory\/\"]}]}<\/script>\n<!-- \/ Yoast SEO plugin. -->","yoast_head_json":{"title":"Priamy marketing \u2013 inform\u00e1cie pre pacientov - Nemocnica Bory","description":"S\u00fahlas\u00a0na zasielanie marketingov\u00fdch inform\u00e1ci\u00ed formou priameho marketingu a s\u00fahlas o\u00a0sprac\u00favan\u00ed osobn\u00fdch \u00fadajov, Nemocnica Bory.","robots":{"index":"index","follow":"follow","max-snippet":"max-snippet:-1","max-image-preview":"max-image-preview:large","max-video-preview":"max-video-preview:-1"},"canonical":"https:\/\/nemocnica-bory.sk\/marketing-suhlas\/","og_locale":"en_US","og_type":"article","og_title":"Priamy marketing \u2013 inform\u00e1cie pre pacientov - Nemocnica Bory","og_description":"S\u00fahlas\u00a0na zasielanie marketingov\u00fdch inform\u00e1ci\u00ed formou priameho marketingu a s\u00fahlas o\u00a0sprac\u00favan\u00ed osobn\u00fdch \u00fadajov, Nemocnica Bory.","og_url":"https:\/\/nemocnica-bory.sk\/marketing-suhlas\/","og_site_name":"Nemocnica Bory","article_publisher":"https:\/\/www.facebook.com\/nemocnicabory\/","article_modified_time":"2025-11-21T04:42:57+00:00","og_image":[{"width":1600,"height":1067,"url":"https:\/\/nemocnica-bory.sk\/wp-content\/uploads\/2020\/10\/nemocnica-bory_nove-online-workshopy_1600.jpg","type":"image\/jpeg"}],"twitter_card":"summary_large_image","twitter_misc":{"Est. reading time":"3 minutes"},"schema":{"@context":"https:\/\/schema.org","@graph":[{"@type":"WebPage","@id":"https:\/\/nemocnica-bory.sk\/marketing-suhlas\/","url":"https:\/\/nemocnica-bory.sk\/marketing-suhlas\/","name":"Priamy marketing \u2013 inform\u00e1cie pre pacientov - Nemocnica Bory","isPartOf":{"@id":"https:\/\/nemocnica-bory.sk\/#website"},"primaryImageOfPage":{"@id":"https:\/\/nemocnica-bory.sk\/marketing-suhlas\/#primaryimage"},"image":{"@id":"https:\/\/nemocnica-bory.sk\/marketing-suhlas\/#primaryimage"},"thumbnailUrl":"https:\/\/nemocnica-bory.sk\/wp-content\/uploads\/2020\/10\/nemocnica-bory_nove-online-workshopy_1600.jpg","datePublished":"2024-07-16T07:59:17+00:00","dateModified":"2025-11-21T04:42:57+00:00","description":"S\u00fahlas\u00a0na zasielanie marketingov\u00fdch inform\u00e1ci\u00ed formou priameho marketingu a s\u00fahlas o\u00a0sprac\u00favan\u00ed osobn\u00fdch \u00fadajov, Nemocnica Bory.","breadcrumb":{"@id":"https:\/\/nemocnica-bory.sk\/marketing-suhlas\/#breadcrumb"},"inLanguage":"en-US","potentialAction":[{"@type":"ReadAction","target":["https:\/\/nemocnica-bory.sk\/marketing-suhlas\/"]}]},{"@type":"ImageObject","inLanguage":"en-US","@id":"https:\/\/nemocnica-bory.sk\/marketing-suhlas\/#primaryimage","url":"https:\/\/nemocnica-bory.sk\/wp-content\/uploads\/2020\/10\/nemocnica-bory_nove-online-workshopy_1600.jpg","contentUrl":"https:\/\/nemocnica-bory.sk\/wp-content\/uploads\/2020\/10\/nemocnica-bory_nove-online-workshopy_1600.jpg","width":1600,"height":1067},{"@type":"BreadcrumbList","@id":"https:\/\/nemocnica-bory.sk\/marketing-suhlas\/#breadcrumb","itemListElement":[{"@type":"ListItem","position":1,"name":"Home","item":"https:\/\/nemocnica-bory.sk\/en\/"},{"@type":"ListItem","position":2,"name":"S\u00fahlas so spracovan\u00edm osobn\u00fdch \u00fadajov pre marketingov\u00e9 \u00fa\u010dely"}]},{"@type":"WebSite","@id":"https:\/\/nemocnica-bory.sk\/#website","url":"https:\/\/nemocnica-bory.sk\/","name":"Nemocnica Bory","description":"Nemocnica Bory","publisher":{"@id":"https:\/\/nemocnica-bory.sk\/#organization"},"potentialAction":[{"@type":"SearchAction","target":{"@type":"EntryPoint","urlTemplate":"https:\/\/nemocnica-bory.sk\/?s={search_term_string}"},"query-input":{"@type":"PropertyValueSpecification","valueRequired":true,"valueName":"search_term_string"}}],"inLanguage":"en-US"},{"@type":"Organization","@id":"https:\/\/nemocnica-bory.sk\/#organization","name":"Penta Hospitals","url":"https:\/\/nemocnica-bory.sk\/","logo":{"@type":"ImageObject","inLanguage":"en-US","@id":"https:\/\/nemocnica-bory.sk\/#\/schema\/logo\/image\/","url":"https:\/\/nemocnica-bory.sk\/wp-content\/uploads\/2024\/05\/PH_bory_horizontal.png","contentUrl":"https:\/\/nemocnica-bory.sk\/wp-content\/uploads\/2024\/05\/PH_bory_horizontal.png","width":1832,"height":513,"caption":"Penta Hospitals"},"image":{"@id":"https:\/\/nemocnica-bory.sk\/#\/schema\/logo\/image\/"},"sameAs":["https:\/\/www.facebook.com\/nemocnicabory\/","https:\/\/www.linkedin.com\/company\/79088908","https:\/\/www.instagram.com\/nemocnicabory\/"]}]}},"_links":{"self":[{"href":"https:\/\/nemocnica-bory.sk\/en\/wp-json\/wp\/v2\/pages\/16893"}],"collection":[{"href":"https:\/\/nemocnica-bory.sk\/en\/wp-json\/wp\/v2\/pages"}],"about":[{"href":"https:\/\/nemocnica-bory.sk\/en\/wp-json\/wp\/v2\/types\/page"}],"author":[{"embeddable":true,"href":"https:\/\/nemocnica-bory.sk\/en\/wp-json\/wp\/v2\/users\/13"}],"replies":[{"embeddable":true,"href":"https:\/\/nemocnica-bory.sk\/en\/wp-json\/wp\/v2\/comments?post=16893"}],"version-history":[{"count":0,"href":"https:\/\/nemocnica-bory.sk\/en\/wp-json\/wp\/v2\/pages\/16893\/revisions"}],"wp:featuredmedia":[{"embeddable":true,"href":"https:\/\/nemocnica-bory.sk\/en\/wp-json\/wp\/v2\/media\/3597"}],"wp:attachment":[{"href":"https:\/\/nemocnica-bory.sk\/en\/wp-json\/wp\/v2\/media?parent=16893"}],"curies":[{"name":"wp","href":"https:\/\/api.w.org\/{rel}","templated":true}]}}