{"id":17008,"date":"2024-07-22T13:13:43","date_gmt":"2024-07-22T11:13:43","guid":{"rendered":"https:\/\/nemocnica-bory.sk\/?page_id=17008"},"modified":"2026-03-18T10:30:29","modified_gmt":"2026-03-18T09:30:29","slug":"cennik","status":"publish","type":"page","link":"https:\/\/nemocnica-bory.sk\/en\/cennik\/","title":{"rendered":"Cenn\u00edk pre nezazmluvnen\u00fdch pacientov a samoplatcov"},"content":{"rendered":"<div id=\"pl-17008\"  class=\"panel-layout\" ><div id=\"pg-17008-0\"  class=\"panel-grid panel-no-style\" ><div id=\"pgc-17008-0-0\"  class=\"panel-grid-cell\" ><div id=\"panel-17008-0-0-0\" class=\"so-panel widget widget_sow-editor panel-first-child\" data-index=\"0\" ><div\n\t\t\t\n\t\t\tclass=\"so-widget-sow-editor so-widget-sow-editor-base\"\n\t\t\t\n\t\t>\n<div class=\"siteorigin-widget-tinymce textwidget\">\n\t<h2 style=\"text-align: center;\">Aktu\u00e1lne cenn\u00edky<\/h2>\n<\/div>\n<\/div><\/div><div id=\"panel-17008-0-0-1\" class=\"so-panel widget widget_siteorigin-panels-builder panel-last-child\" data-index=\"1\" ><div id=\"pl-w69ba70b525b03\"  class=\"panel-layout\" ><div id=\"pg-w69ba70b525b03-0\"  class=\"panel-grid panel-no-style\" ><div id=\"pgc-w69ba70b525b03-0-0\"  class=\"panel-grid-cell\" ><div id=\"panel-w69ba70b525b03-0-0-0\" class=\"so-panel widget widget_sow-cta panel-first-child panel-last-child\" data-index=\"0\" ><div\n\t\t\t\n\t\t\tclass=\"so-widget-sow-cta so-widget-sow-cta-default-a23258021f70\"\n\t\t\t\n\t\t><div\n\tclass=\"sow-cta-base\"\n\t>\n\t\n\t<div class=\"sow-cta-wrapper\">\n\n\t\t<div class=\"sow-cta-text\">\n\t\t\t\t\t\t\t<h4 class=\"sow-cta-title\">\n\t\t\t\t\tCenn\u00edk pre nezazmluvnen\u00fdch pacientov a samoplatcov\t\t\t\t<\/h4>\n\t\t\t\n\t\t\t\t\t\t\t<h4 class=\"sow-cta-subtitle\">\n\t\t\t\t\tSLU\u017dBY NAD R\u00c1MEC ZDRAVOTN\u00c9HO POISTENIA\t\t\t\t<\/h4>\n\t\t\t\t\t<\/div>\n\n\t\t<div\n\t\t\t\n\t\t\tclass=\"so-widget-sow-button so-widget-sow-button-flat-e62d8c45d5d1\"\n\t\t\t\n\t\t><div class=\"ow-button-base ow-button-align-center\"\n>\n\t\t\t<a\n\t\t\t\t\thref=\"https:\/\/nemocnica-bory.sk\/wp-content\/uploads\/2026\/03\/Cennik-samoplatci-SAS-od-9.3.-2026-Slovensky-1.pdf\"\n\t\t\t\t\tclass=\"sowb-button ow-icon-placement-left ow-button-hover\" target=\"_blank\" rel=\"noopener noreferrer\" \t>\n\t\t<span>\n\t\t\t<span class=\"sow-icon-fontawesome sow-far\" data-sow-icon=\"&#xf09d;\"\n\t\tstyle=\"\" \n\t\taria-hidden=\"true\"><\/span>\n\t\t\tPozrie\u0165 cenn\u00edk\t\t<\/span>\n\t\t\t<\/a>\n\t<\/div>\n<\/div>\n\t<\/div>\n\n\t<\/div>\n<\/div><\/div><\/div><div id=\"pgc-w69ba70b525b03-0-1\"  class=\"panel-grid-cell\" ><div id=\"panel-w69ba70b525b03-0-1-0\" class=\"so-panel widget widget_sow-cta panel-first-child panel-last-child\" data-index=\"1\" ><div\n\t\t\t\n\t\t\tclass=\"so-widget-sow-cta so-widget-sow-cta-default-a23258021f70\"\n\t\t\t\n\t\t><div\n\tclass=\"sow-cta-base\"\n\t>\n\t\n\t<div class=\"sow-cta-wrapper\">\n\n\t\t<div class=\"sow-cta-text\">\n\t\t\t\t\t\t\t<h4 class=\"sow-cta-title\">\n\t\t\t\t\tCenn\u00edk pre poistencov slovensk\u00fdch zdravotn\u00fdch pois\u0165ovn\u00ed\t\t\t\t<\/h4>\n\t\t\t\n\t\t\t\t\t\t\t<h4 class=\"sow-cta-subtitle\">\n\t\t\t\t\tDOPLATKOV\u00c9 SLU\u017dBY\t\t\t\t<\/h4>\n\t\t\t\t\t<\/div>\n\n\t\t<div\n\t\t\t\n\t\t\tclass=\"so-widget-sow-button so-widget-sow-button-flat-e62d8c45d5d1\"\n\t\t\t\n\t\t><div class=\"ow-button-base ow-button-align-center\"\n>\n\t\t\t<a\n\t\t\t\t\thref=\"https:\/\/nemocnica-bory.sk\/wp-content\/uploads\/2026\/03\/Cennik-doplatkovych-sluzieb-pre-poistencov-ZP-SAS-od-9.3.-2026-Slovensky-2.pdf\"\n\t\t\t\t\tclass=\"sowb-button ow-icon-placement-left ow-button-hover\" target=\"_blank\" rel=\"noopener noreferrer\" \t>\n\t\t<span>\n\t\t\t<span class=\"sow-icon-fontawesome sow-far\" data-sow-icon=\"&#xf09d;\"\n\t\tstyle=\"\" \n\t\taria-hidden=\"true\"><\/span>\n\t\t\tPozrie\u0165 cenn\u00edk\t\t<\/span>\n\t\t\t<\/a>\n\t<\/div>\n<\/div>\n\t<\/div>\n\n\t<\/div>\n<\/div><\/div><\/div><div id=\"pgc-w69ba70b525b03-0-2\"  class=\"panel-grid-cell\" ><div id=\"panel-w69ba70b525b03-0-2-0\" class=\"so-panel widget widget_sow-cta panel-first-child panel-last-child\" data-index=\"2\" ><div\n\t\t\t\n\t\t\tclass=\"so-widget-sow-cta so-widget-sow-cta-default-a23258021f70\"\n\t\t\t\n\t\t><div\n\tclass=\"sow-cta-base\"\n\t>\n\t\n\t<div class=\"sow-cta-wrapper\">\n\n\t\t<div class=\"sow-cta-text\">\n\t\t\t\t\t\t\t<h4 class=\"sow-cta-title\">\n\t\t\t\t\tCenn\u00edk pre nezazmluvnen\u00fdch pacientov a samoplatcov\t\t\t\t<\/h4>\n\t\t\t\n\t\t\t\t\t\t\t<h4 class=\"sow-cta-subtitle\">\n\t\t\t\t\tR\u00c1DIOL\u00d3GIA - CT, MRI, USG, RTG, MAMO\t\t\t\t<\/h4>\n\t\t\t\t\t<\/div>\n\n\t\t<div\n\t\t\t\n\t\t\tclass=\"so-widget-sow-button so-widget-sow-button-flat-e62d8c45d5d1\"\n\t\t\t\n\t\t><div class=\"ow-button-base ow-button-align-center\"\n>\n\t\t\t<a\n\t\t\t\t\thref=\"https:\/\/nemocnica-bory.sk\/wp-content\/uploads\/2026\/02\/Cennik-samoplatci-RDL-od-3.2.-2026-Slovensky.pdf\"\n\t\t\t\t\tclass=\"sowb-button ow-icon-placement-left ow-button-hover\" target=\"_blank\" rel=\"noopener noreferrer\" \t>\n\t\t<span>\n\t\t\t<span class=\"sow-icon-fontawesome sow-far\" data-sow-icon=\"&#xf09d;\"\n\t\tstyle=\"\" \n\t\taria-hidden=\"true\"><\/span>\n\t\t\tPozrie\u0165 cenn\u00edk\t\t<\/span>\n\t\t\t<\/a>\n\t<\/div>\n<\/div>\n\t<\/div>\n\n\t<\/div>\n<\/div><\/div><\/div><\/div><\/div><\/div><\/div><\/div><div id=\"pg-17008-1\"  class=\"panel-grid panel-no-style\" ><div id=\"pgc-17008-1-0\"  class=\"panel-grid-cell\" ><div id=\"panel-17008-1-0-0\" class=\"so-panel widget widget_sow-editor panel-first-child\" data-index=\"2\" ><div\n\t\t\t\n\t\t\tclass=\"so-widget-sow-editor so-widget-sow-editor-base\"\n\t\t\t\n\t\t>\n<div class=\"siteorigin-widget-tinymce textwidget\">\n\t<h2 style=\"text-align: center;\">Fees at Bory Hospital<\/h2>\n<\/div>\n<\/div><\/div><div id=\"panel-17008-1-0-1\" class=\"so-panel widget widget_siteorigin-panels-builder panel-last-child\" data-index=\"3\" ><div id=\"pl-w69ba70b525eaf\"  class=\"panel-layout\" ><div id=\"pg-w69ba70b525eaf-0\"  class=\"panel-grid panel-no-style\" ><div id=\"pgc-w69ba70b525eaf-0-0\"  class=\"panel-grid-cell\" ><div id=\"panel-w69ba70b525eaf-0-0-0\" class=\"so-panel widget widget_sow-cta panel-first-child panel-last-child\" data-index=\"0\" ><div\n\t\t\t\n\t\t\tclass=\"so-widget-sow-cta so-widget-sow-cta-default-e7e5643485c7\"\n\t\t\t\n\t\t><div\n\tclass=\"sow-cta-base\"\n\t>\n\t\n\t<div class=\"sow-cta-wrapper\">\n\n\t\t<div class=\"sow-cta-text\">\n\t\t\t\t\t\t\t<h3 class=\"sow-cta-title\">\n\t\t\t\t\tFee List\t\t\t\t<\/h3>\n\t\t\t\n\t\t\t\t\t\t\t<h3 class=\"sow-cta-subtitle\">\n\t\t\t\t\tSELF-PAY and NON-COVERED SERVICES  \t\t\t\t<\/h3>\n\t\t\t\t\t<\/div>\n\n\t\t<div\n\t\t\t\n\t\t\tclass=\"so-widget-sow-button so-widget-sow-button-flat-e62d8c45d5d1\"\n\t\t\t\n\t\t><div class=\"ow-button-base ow-button-align-center\"\n>\n\t\t\t<a\n\t\t\t\t\thref=\"https:\/\/nemocnica-bory.sk\/wp-content\/uploads\/2026\/03\/Self-payers-price-list-Specialist-MARCH-2026-ENG.pdf\"\n\t\t\t\t\tclass=\"sowb-button ow-icon-placement-left ow-button-hover\" target=\"_blank\" rel=\"noopener noreferrer\" \t>\n\t\t<span>\n\t\t\t<span class=\"sow-icon-fontawesome sow-far\" data-sow-icon=\"&#xf09d;\"\n\t\tstyle=\"\" \n\t\taria-hidden=\"true\"><\/span>\n\t\t\tMore Info\t\t<\/span>\n\t\t\t<\/a>\n\t<\/div>\n<\/div>\n\t<\/div>\n\n\t<\/div>\n<\/div><\/div><\/div><div id=\"pgc-w69ba70b525eaf-0-1\"  class=\"panel-grid-cell\" ><div id=\"panel-w69ba70b525eaf-0-1-0\" class=\"so-panel widget widget_sow-cta panel-first-child panel-last-child\" data-index=\"1\" ><div\n\t\t\t\n\t\t\tclass=\"so-widget-sow-cta so-widget-sow-cta-default-a23258021f70\"\n\t\t\t\n\t\t><div\n\tclass=\"sow-cta-base\"\n\t>\n\t\n\t<div class=\"sow-cta-wrapper\">\n\n\t\t<div class=\"sow-cta-text\">\n\t\t\t\t\t\t\t<h3 class=\"sow-cta-title\">\n\t\t\t\t\tFee List\t\t\t\t<\/h3>\n\t\t\t\n\t\t\t\t\t\t\t<h3 class=\"sow-cta-subtitle\">\n\t\t\t\t\tRADIOLOGY - CT, MRI, USG, RTG, MAMO\t\t\t\t<\/h3>\n\t\t\t\t\t<\/div>\n\n\t\t<div\n\t\t\t\n\t\t\tclass=\"so-widget-sow-button so-widget-sow-button-flat-e62d8c45d5d1\"\n\t\t\t\n\t\t><div class=\"ow-button-base ow-button-align-center\"\n>\n\t\t\t<a\n\t\t\t\t\thref=\"https:\/\/nemocnica-bory.sk\/wp-content\/uploads\/2026\/02\/Self-payers-price-list-Radio-diagnostics-February-2026-ENG.pdf\"\n\t\t\t\t\tclass=\"sowb-button ow-icon-placement-left ow-button-hover\" target=\"_blank\" rel=\"noopener noreferrer\" \t>\n\t\t<span>\n\t\t\t<span class=\"sow-icon-fontawesome sow-far\" data-sow-icon=\"&#xf09d;\"\n\t\tstyle=\"\" \n\t\taria-hidden=\"true\"><\/span>\n\t\t\tMore Info\t\t<\/span>\n\t\t\t<\/a>\n\t<\/div>\n<\/div>\n\t<\/div>\n\n\t<\/div>\n<\/div><\/div><\/div><\/div><\/div><\/div><\/div><\/div><div id=\"pg-17008-2\"  class=\"panel-grid panel-no-style\" ><div id=\"pgc-17008-2-0\"  class=\"panel-grid-cell panel-grid-cell-empty\" ><\/div><\/div><\/div>","protected":false},"excerpt":{"rendered":"<p>Aktu\u00e1lne cenn\u00edky Fees at Bory Hospital<\/p>\n","protected":false},"author":13,"featured_media":17004,"parent":0,"menu_order":0,"comment_status":"closed","ping_status":"closed","template":"","meta":{"_acf_changed":false,"iawp_total_views":32199,"footnotes":""},"class_list":["post-17008","page","type-page","status-publish","has-post-thumbnail","hentry"],"acf":[],"yoast_head":"<!-- This site is optimized with the Yoast SEO plugin v25.6 - https:\/\/yoast.com\/wordpress\/plugins\/seo\/ -->\n<title>Cenn\u00edk pre nezazmluvnen\u00fdch pacientov a samoplatcov - Nemocnica Bory<\/title>\n<meta name=\"description\" content=\"Cenn\u00edk v\u00fdkonov a slu\u017eieb Nemocnice Bory v Bratislave pre nezazmluvnen\u00fdch pacientov a samoplatcov \u2013 preh\u013ead cien a dostupnej starostlivosti.\" \/>\n<meta name=\"robots\" content=\"index, follow, max-snippet:-1, max-image-preview:large, max-video-preview:-1\" \/>\n<link rel=\"canonical\" href=\"https:\/\/nemocnica-bory.sk\/cennik\/\" \/>\n<meta property=\"og:locale\" content=\"en_US\" \/>\n<meta property=\"og:type\" content=\"article\" \/>\n<meta property=\"og:title\" content=\"Cenn\u00edk pre nezazmluvnen\u00fdch pacientov a samoplatcov - Nemocnica Bory\" \/>\n<meta property=\"og:description\" content=\"Cenn\u00edk v\u00fdkonov a slu\u017eieb Nemocnice Bory v Bratislave pre nezazmluvnen\u00fdch pacientov a samoplatcov \u2013 preh\u013ead cien a dostupnej starostlivosti.\" \/>\n<meta property=\"og:url\" content=\"https:\/\/nemocnica-bory.sk\/cennik\/\" \/>\n<meta property=\"og:site_name\" content=\"Nemocnica Bory\" \/>\n<meta property=\"article:publisher\" content=\"https:\/\/www.facebook.com\/nemocnicabory\/\" \/>\n<meta property=\"article:modified_time\" content=\"2026-03-18T09:30:29+00:00\" \/>\n<meta property=\"og:image\" content=\"https:\/\/nemocnica-bory.sk\/wp-content\/uploads\/2024\/07\/nemocnica-bory.sk-cennik-pre-nezazmluvnenych-pacientov-a-samoplatcov.jpg\" \/>\n\t<meta property=\"og:image:width\" content=\"1200\" \/>\n\t<meta property=\"og:image:height\" content=\"801\" \/>\n\t<meta property=\"og:image:type\" content=\"image\/jpeg\" \/>\n<meta name=\"twitter:card\" content=\"summary_large_image\" \/>\n<meta name=\"twitter:label1\" content=\"Est. reading time\" \/>\n\t<meta name=\"twitter:data1\" content=\"1 minute\" \/>\n<script type=\"application\/ld+json\" class=\"yoast-schema-graph\">{\"@context\":\"https:\/\/schema.org\",\"@graph\":[{\"@type\":\"WebPage\",\"@id\":\"https:\/\/nemocnica-bory.sk\/cennik\/\",\"url\":\"https:\/\/nemocnica-bory.sk\/cennik\/\",\"name\":\"Cenn\u00edk pre nezazmluvnen\u00fdch pacientov a samoplatcov - Nemocnica Bory\",\"isPartOf\":{\"@id\":\"https:\/\/nemocnica-bory.sk\/#website\"},\"primaryImageOfPage\":{\"@id\":\"https:\/\/nemocnica-bory.sk\/cennik\/#primaryimage\"},\"image\":{\"@id\":\"https:\/\/nemocnica-bory.sk\/cennik\/#primaryimage\"},\"thumbnailUrl\":\"https:\/\/nemocnica-bory.sk\/wp-content\/uploads\/2024\/07\/nemocnica-bory.sk-cennik-pre-nezazmluvnenych-pacientov-a-samoplatcov.jpg\",\"datePublished\":\"2024-07-22T11:13:43+00:00\",\"dateModified\":\"2026-03-18T09:30:29+00:00\",\"description\":\"Cenn\u00edk v\u00fdkonov a slu\u017eieb Nemocnice Bory v Bratislave pre nezazmluvnen\u00fdch pacientov a samoplatcov \u2013 preh\u013ead cien a dostupnej starostlivosti.\",\"breadcrumb\":{\"@id\":\"https:\/\/nemocnica-bory.sk\/cennik\/#breadcrumb\"},\"inLanguage\":\"en-US\",\"potentialAction\":[{\"@type\":\"ReadAction\",\"target\":[\"https:\/\/nemocnica-bory.sk\/cennik\/\"]}]},{\"@type\":\"ImageObject\",\"inLanguage\":\"en-US\",\"@id\":\"https:\/\/nemocnica-bory.sk\/cennik\/#primaryimage\",\"url\":\"https:\/\/nemocnica-bory.sk\/wp-content\/uploads\/2024\/07\/nemocnica-bory.sk-cennik-pre-nezazmluvnenych-pacientov-a-samoplatcov.jpg\",\"contentUrl\":\"https:\/\/nemocnica-bory.sk\/wp-content\/uploads\/2024\/07\/nemocnica-bory.sk-cennik-pre-nezazmluvnenych-pacientov-a-samoplatcov.jpg\",\"width\":1200,\"height\":801},{\"@type\":\"BreadcrumbList\",\"@id\":\"https:\/\/nemocnica-bory.sk\/cennik\/#breadcrumb\",\"itemListElement\":[{\"@type\":\"ListItem\",\"position\":1,\"name\":\"Home\",\"item\":\"https:\/\/nemocnica-bory.sk\/en\/\"},{\"@type\":\"ListItem\",\"position\":2,\"name\":\"Cenn\u00edk pre nezazmluvnen\u00fdch pacientov a samoplatcov\"}]},{\"@type\":\"WebSite\",\"@id\":\"https:\/\/nemocnica-bory.sk\/#website\",\"url\":\"https:\/\/nemocnica-bory.sk\/\",\"name\":\"Nemocnica Bory\",\"description\":\"Nemocnica Bory\",\"publisher\":{\"@id\":\"https:\/\/nemocnica-bory.sk\/#organization\"},\"potentialAction\":[{\"@type\":\"SearchAction\",\"target\":{\"@type\":\"EntryPoint\",\"urlTemplate\":\"https:\/\/nemocnica-bory.sk\/?s={search_term_string}\"},\"query-input\":{\"@type\":\"PropertyValueSpecification\",\"valueRequired\":true,\"valueName\":\"search_term_string\"}}],\"inLanguage\":\"en-US\"},{\"@type\":\"Organization\",\"@id\":\"https:\/\/nemocnica-bory.sk\/#organization\",\"name\":\"Penta Hospitals\",\"url\":\"https:\/\/nemocnica-bory.sk\/\",\"logo\":{\"@type\":\"ImageObject\",\"inLanguage\":\"en-US\",\"@id\":\"https:\/\/nemocnica-bory.sk\/#\/schema\/logo\/image\/\",\"url\":\"https:\/\/nemocnica-bory.sk\/wp-content\/uploads\/2024\/05\/PH_bory_horizontal.png\",\"contentUrl\":\"https:\/\/nemocnica-bory.sk\/wp-content\/uploads\/2024\/05\/PH_bory_horizontal.png\",\"width\":1832,\"height\":513,\"caption\":\"Penta Hospitals\"},\"image\":{\"@id\":\"https:\/\/nemocnica-bory.sk\/#\/schema\/logo\/image\/\"},\"sameAs\":[\"https:\/\/www.facebook.com\/nemocnicabory\/\",\"https:\/\/www.linkedin.com\/company\/79088908\",\"https:\/\/www.instagram.com\/nemocnicabory\/\"]}]}<\/script>\n<!-- \/ Yoast SEO plugin. -->","yoast_head_json":{"title":"Cenn\u00edk pre nezazmluvnen\u00fdch pacientov a samoplatcov - Nemocnica Bory","description":"Cenn\u00edk v\u00fdkonov a slu\u017eieb Nemocnice Bory v Bratislave pre nezazmluvnen\u00fdch pacientov a samoplatcov \u2013 preh\u013ead cien a dostupnej starostlivosti.","robots":{"index":"index","follow":"follow","max-snippet":"max-snippet:-1","max-image-preview":"max-image-preview:large","max-video-preview":"max-video-preview:-1"},"canonical":"https:\/\/nemocnica-bory.sk\/cennik\/","og_locale":"en_US","og_type":"article","og_title":"Cenn\u00edk pre nezazmluvnen\u00fdch pacientov a samoplatcov - Nemocnica Bory","og_description":"Cenn\u00edk v\u00fdkonov a slu\u017eieb Nemocnice Bory v Bratislave pre nezazmluvnen\u00fdch pacientov a samoplatcov \u2013 preh\u013ead cien a dostupnej starostlivosti.","og_url":"https:\/\/nemocnica-bory.sk\/cennik\/","og_site_name":"Nemocnica Bory","article_publisher":"https:\/\/www.facebook.com\/nemocnicabory\/","article_modified_time":"2026-03-18T09:30:29+00:00","og_image":[{"width":1200,"height":801,"url":"https:\/\/nemocnica-bory.sk\/wp-content\/uploads\/2024\/07\/nemocnica-bory.sk-cennik-pre-nezazmluvnenych-pacientov-a-samoplatcov.jpg","type":"image\/jpeg"}],"twitter_card":"summary_large_image","twitter_misc":{"Est. reading time":"1 minute"},"schema":{"@context":"https:\/\/schema.org","@graph":[{"@type":"WebPage","@id":"https:\/\/nemocnica-bory.sk\/cennik\/","url":"https:\/\/nemocnica-bory.sk\/cennik\/","name":"Cenn\u00edk pre nezazmluvnen\u00fdch pacientov a samoplatcov - Nemocnica Bory","isPartOf":{"@id":"https:\/\/nemocnica-bory.sk\/#website"},"primaryImageOfPage":{"@id":"https:\/\/nemocnica-bory.sk\/cennik\/#primaryimage"},"image":{"@id":"https:\/\/nemocnica-bory.sk\/cennik\/#primaryimage"},"thumbnailUrl":"https:\/\/nemocnica-bory.sk\/wp-content\/uploads\/2024\/07\/nemocnica-bory.sk-cennik-pre-nezazmluvnenych-pacientov-a-samoplatcov.jpg","datePublished":"2024-07-22T11:13:43+00:00","dateModified":"2026-03-18T09:30:29+00:00","description":"Cenn\u00edk v\u00fdkonov a slu\u017eieb Nemocnice Bory v Bratislave pre nezazmluvnen\u00fdch pacientov a samoplatcov \u2013 preh\u013ead cien a dostupnej starostlivosti.","breadcrumb":{"@id":"https:\/\/nemocnica-bory.sk\/cennik\/#breadcrumb"},"inLanguage":"en-US","potentialAction":[{"@type":"ReadAction","target":["https:\/\/nemocnica-bory.sk\/cennik\/"]}]},{"@type":"ImageObject","inLanguage":"en-US","@id":"https:\/\/nemocnica-bory.sk\/cennik\/#primaryimage","url":"https:\/\/nemocnica-bory.sk\/wp-content\/uploads\/2024\/07\/nemocnica-bory.sk-cennik-pre-nezazmluvnenych-pacientov-a-samoplatcov.jpg","contentUrl":"https:\/\/nemocnica-bory.sk\/wp-content\/uploads\/2024\/07\/nemocnica-bory.sk-cennik-pre-nezazmluvnenych-pacientov-a-samoplatcov.jpg","width":1200,"height":801},{"@type":"BreadcrumbList","@id":"https:\/\/nemocnica-bory.sk\/cennik\/#breadcrumb","itemListElement":[{"@type":"ListItem","position":1,"name":"Home","item":"https:\/\/nemocnica-bory.sk\/en\/"},{"@type":"ListItem","position":2,"name":"Cenn\u00edk pre nezazmluvnen\u00fdch pacientov a samoplatcov"}]},{"@type":"WebSite","@id":"https:\/\/nemocnica-bory.sk\/#website","url":"https:\/\/nemocnica-bory.sk\/","name":"Nemocnica Bory","description":"Nemocnica Bory","publisher":{"@id":"https:\/\/nemocnica-bory.sk\/#organization"},"potentialAction":[{"@type":"SearchAction","target":{"@type":"EntryPoint","urlTemplate":"https:\/\/nemocnica-bory.sk\/?s={search_term_string}"},"query-input":{"@type":"PropertyValueSpecification","valueRequired":true,"valueName":"search_term_string"}}],"inLanguage":"en-US"},{"@type":"Organization","@id":"https:\/\/nemocnica-bory.sk\/#organization","name":"Penta Hospitals","url":"https:\/\/nemocnica-bory.sk\/","logo":{"@type":"ImageObject","inLanguage":"en-US","@id":"https:\/\/nemocnica-bory.sk\/#\/schema\/logo\/image\/","url":"https:\/\/nemocnica-bory.sk\/wp-content\/uploads\/2024\/05\/PH_bory_horizontal.png","contentUrl":"https:\/\/nemocnica-bory.sk\/wp-content\/uploads\/2024\/05\/PH_bory_horizontal.png","width":1832,"height":513,"caption":"Penta Hospitals"},"image":{"@id":"https:\/\/nemocnica-bory.sk\/#\/schema\/logo\/image\/"},"sameAs":["https:\/\/www.facebook.com\/nemocnicabory\/","https:\/\/www.linkedin.com\/company\/79088908","https:\/\/www.instagram.com\/nemocnicabory\/"]}]}},"_links":{"self":[{"href":"https:\/\/nemocnica-bory.sk\/en\/wp-json\/wp\/v2\/pages\/17008"}],"collection":[{"href":"https:\/\/nemocnica-bory.sk\/en\/wp-json\/wp\/v2\/pages"}],"about":[{"href":"https:\/\/nemocnica-bory.sk\/en\/wp-json\/wp\/v2\/types\/page"}],"author":[{"embeddable":true,"href":"https:\/\/nemocnica-bory.sk\/en\/wp-json\/wp\/v2\/users\/13"}],"replies":[{"embeddable":true,"href":"https:\/\/nemocnica-bory.sk\/en\/wp-json\/wp\/v2\/comments?post=17008"}],"version-history":[{"count":0,"href":"https:\/\/nemocnica-bory.sk\/en\/wp-json\/wp\/v2\/pages\/17008\/revisions"}],"wp:featuredmedia":[{"embeddable":true,"href":"https:\/\/nemocnica-bory.sk\/en\/wp-json\/wp\/v2\/media\/17004"}],"wp:attachment":[{"href":"https:\/\/nemocnica-bory.sk\/en\/wp-json\/wp\/v2\/media?parent=17008"}],"curies":[{"name":"wp","href":"https:\/\/api.w.org\/{rel}","templated":true}]}}