{"id":22637,"date":"2025-12-15T13:03:11","date_gmt":"2025-12-15T12:03:11","guid":{"rendered":"https:\/\/nemocnica-bory.sk\/?page_id=22637"},"modified":"2025-12-15T13:03:11","modified_gmt":"2025-12-15T12:03:11","slug":"vyhlasenie-o-pristupnosti-femeo","status":"publish","type":"page","link":"https:\/\/nemocnica-bory.sk\/en\/vyhlasenie-o-pristupnosti-femeo\/","title":{"rendered":"Vyhl\u00e1senie o pr\u00edstupnosti &#8211; Femeo"},"content":{"rendered":"<p>Inform\u00e1cie o ustanoven\u00fdch po\u017eiadavk\u00e1ch na pr\u00edstupnos\u0165 slu\u017eby pre osoby so zdravotn\u00fdm postihnut\u00edm a o s\u00falade poskytovanej slu\u017eby s t\u00fdmito po\u017eiadavkami<\/p>\n<h2>\u00davodn\u00e9 ustanovenie<\/h2>\n<p>Spolo\u010dnos\u0165 Nemocnica BORY, a.s.,Digital Park II, Einsteinova 25, 851 01 Bratislava \u2013 mestsk\u00e1 \u010das\u0165 Petr\u017ealka, I\u010cO: 53 773 411, zap\u00edsan\u00e1 v registri: Obchodn\u00fd register Mestsk\u00e9ho s\u00fadu Bratislava III, Oddiel: Sa, Vlo\u017eka \u010d\u00edslo: 7237\/B (\u010falej len \u201ePoskytovate\u013e slu\u017eby\u201c) t\u00fdmto v s\u00falade s ustanoven\u00edm \u00a7 6 z\u00e1kona \u010d. 351\/2022 Z. z. o pr\u00edstupnosti v\u00fdrobkov a slu\u017eieb osob\u00e1m so zdravotn\u00fdm postihnut\u00edm v platnom znen\u00ed (\u010falej ako \u201eZ\u00e1kon o pr\u00edstupnosti\u201c) spr\u00edstup\u0148uje verejnosti inform\u00e1cie o ustanoven\u00fdch po\u017eiadavk\u00e1ch na pr\u00edstupnos\u0165 poskytovanej slu\u017eby pre osoby so zdravotn\u00fdm postihnut\u00edm a o s\u00falade poskytovanej slu\u017eby s t\u00fdmito po\u017eiadavkami.<\/p>\n<h2>V\u0161eobecn\u00fd opis slu\u017eby<\/h2>\n<p>Poskytovanou slu\u017ebou je:<br \/>\na) komer\u010dn\u00e1 komunik\u00e1cia Poskytovate\u013ea slu\u017eby vo forme prezent\u00e1cie Poskytovate\u013ea slu\u017eby a zverej\u0148ovania inform\u00e1ci\u00ed o Poskytovate\u013eovi slu\u017eby a o jeho obchodnej \u010dinnosti na webov\u00fdch s\u00eddlach www.femeo.sk,<br \/>\nb) poskytovanie objedn\u00e1vania slu\u017eieb (konzult\u00e1ci\u00ed) za odplatu prostredn\u00edctvom webov\u00e9ho port\u00e1lu www.femeo.sk,<br \/>\nc) poskytovanie podporn\u00fdch slu\u017eieb prostredn\u00edctvom online formul\u00e1ru na webovom s\u00eddle www.femeo.sk<br \/>\n(\u010falej spolo\u010dne ako \u201eSlu\u017eby\u201c).<\/p>\n<p>S\u00fa\u010das\u0165ou Slu\u017eieb m\u00f4\u017ee by\u0165 aj \u0161\u00edrenie reklamy, najm\u00e4 formou reklamn\u00fdch bannerov.<\/p>\n<h2>Opis a vysvetlenie fungovania Slu\u017eby<\/h2>\n<p>Slu\u017eby s\u00fa poskytovan\u00e9 ako vo\u013ene pr\u00edstupn\u00e9 prostredn\u00edctvom r\u00f4znych komunika\u010dn\u00fdch kan\u00e1lov v online prostred\u00ed najm\u00e4 prostredn\u00edctvom webov\u00fdch str\u00e1nok ako aj telefonicky alebo osbne na prev\u00fddzke Nemocnina BORY, a.s. Pou\u017e\u00edvanie slu\u017eieb prostredn\u00edctvom online platforiem nevy\u017eaduje pokro\u010dil\u00e9 technick\u00e9 znalosti.<\/p>\n<p>V pr\u00edpade Slu\u017eieb vy\u017eaduj\u00facich registr\u00e1ciu alebo vyplnenie \u00fadajov pou\u017e\u00edvate\u013ea vy\u017eaduje Poskytovate\u013e slu\u017eby uvedenie potrebn\u00e9ho rozsahu \u00fadajov nevyhnutn\u00fdch pre poskytovanie t\u00fdchto Slu\u017eieb a pre registr\u00e1ciu pou\u017e\u00edvate\u013ea, a to v\u0161etko pod\u013ea podmienok uverejnen\u00fdch Poskytovate\u013eom slu\u017eby pri jej poskytovan\u00ed.<\/p>\n<p>Opis sp\u00f4sobu, ak\u00fdm slu\u017eba sp\u013a\u0148a ustanoven\u00e9 po\u017eiadavky na pr\u00edstupnos\u0165 Slu\u017eby pre osoby so zdravotn\u00fdm postihnut\u00edm<\/p>\n<p>Webov\u00e9 s\u00eddla, prostredn\u00edctvom ktor\u00e9ho sa Slu\u017eby poskytuj\u00fa, s\u00fa v \u010diasto\u010dnom s\u00falade so Z\u00e1konom o pr\u00edstupnosti.<\/p>\n<p>Poskytovan\u00e9 Slu\u017eby, vr\u00e1tane tohto vyhl\u00e1senia o pr\u00edstupnosti, \u010diasto\u010dne sp\u013a\u0148aj\u00fa po\u017eiadavky na pr\u00edstupnos\u0165 pre osoby so zdravotn\u00fdm postihnut\u00edm pod\u013ea Z\u00e1kona o pr\u00edstupnosti. Napriek \u00fasiliu Poskytovate\u013ea slu\u017eieb zabezpe\u010di\u0165 \u00fapln\u00fd s\u00falad obsahu Slu\u017eieb so Z\u00e1konom o pr\u00edstupnosti nie je obsah v \u00faplnom s\u00falade so Z\u00e1konom o pr\u00edstupnosti.<\/p>\n<p>Nes\u00falad sa t\u00fdka najm\u00e4 nasledovn\u00fdch krit\u00e9ri\u00ed:<\/p>\n<p><strong>Webov\u00e9 s\u00eddlo: www.femeo.sk<\/strong><\/p>\n<h3>Krit\u00e9rium \u00faspe\u0161nosti a popis<\/h3>\n<p>1.1.1 Netextov\u00fdch obsah Niektor\u00e9 netextov\u00e9 obsahy nemaj\u00fa textov\u00fa alternat\u00edvu<br \/>\n1.3.1 Inform\u00e1cie a vz\u00e1jomn\u00e9 vz\u0165ahy Niektor\u00e9 inform\u00e1cie, \u0161trukt\u00faru a vz\u0165ahy vyjadrovan\u00e9 prostredn\u00edctvom prezent\u00e1cie nie je mo\u017en\u00e9 programovo odvodi\u0165<br \/>\n1.3.2 Zmyslupln\u00e9 poradie V niektor\u00fdch pr\u00edpadoch nie je poradie \u010d\u00edtania zmyslupln\u00e9<br \/>\n1.4.1 Pou\u017e\u00edvanie farieb Niektor\u00e9 prostriedky pou\u017e\u00edvaj\u00fa farbu ako jedin\u00fd vizu\u00e1lny prostriedok na poskytovanie inform\u00e1ci\u00ed<br \/>\n1.4.2 Ovl\u00e1danie zvuku V niektor\u00fdch pr\u00edpadoch nie je pri automatickom prehr\u00e1van\u00ed zvuku mechanizmus na do\u010dasn\u00e9 alebo \u00fapln\u00e9 zastavenie zvuku alebo na st\u00ed\u0161enie jeho hlasitosti<br \/>\n1.4.4 Zmena ve\u013ekosti textu V niektor\u00fdch pr\u00edpadoch nie je mo\u017en\u00e9 text zv\u00e4\u010d\u0161i\u0165 bez pou\u017eitia asisten\u010dn\u00fdch technol\u00f3gi\u00ed a\u017e do 200 %<br \/>\n1.4.5 Text vo forme obr\u00e1zkov Niektor\u00e9 inform\u00e1cie sa pri vizu\u00e1lnom zn\u00e1zornen\u00ed nesprostredk\u00favaj\u00fa pomocou textu namiesto textu vo forme obr\u00e1zkov.<br \/>\n1.4.11 Kontrast netextov\u00fdch prvkov Niektor\u00e1 vizu\u00e1lna prezent\u00e1cia prvkov pou\u017e\u00edvate\u013esk\u00e9ho rozhrania alebo grafick\u00fdch objektov nesp\u013a\u0148a predp\u00edsan\u00fd kontrastn\u00fd pomer<br \/>\n2.2.2 Pauza, zastavenie, skrytie Nie s\u00fa splnen\u00e9 v\u0161etky po\u017eiadavky vz\u0165ahuj\u00face sa na inform\u00e1cie, ktor\u00e9 sa pohybuj\u00fa, blikaj\u00fa, roluj\u00fa alebo sa automaticky aktualizuj\u00fa<br \/>\n2.3.1 Tri bliknutia alebo blikanie pod prahov\u00fdmi hodnotami Niektor\u00e9 webstr\u00e1nky obsahuj\u00fa prvky, ktor\u00e9 blikaj\u00fa viac ako trikr\u00e1t za sekundu alebo obsahuj\u00fa z\u00e1blesky pod prahov\u00fdmi hodnotami pre v\u0161eobecn\u00fd a \u010derven\u00fd z\u00e1blesk<br \/>\n2.4.2 Ka\u017ed\u00e1 str\u00e1nka m\u00e1 n\u00e1zov Niektor\u00e9 webstr\u00e1nky neobsahuj\u00fa n\u00e1zov<br \/>\n2.4.5 Viacero sp\u00f4sobov V niektor\u00fdch pr\u00edpadoch nem\u00e1 pou\u017e\u00edvate\u013e viacero sp\u00f4sobov ako m\u00f4\u017ee n\u00e1js\u0165 webov\u00fa str\u00e1nku v r\u00e1mci s\u00faboru webov\u00fdch str\u00e1nok<br \/>\n2.4.6 Nadpisy a menovky Niektor\u00e9 nadpisy a menovky nepopisuj\u00fa t\u00e9mu alebo \u00fa\u010del<br \/>\n2.5.7 \u0164ahov\u00e9 pohyby Niektor\u00e9 funkcie vy\u017eaduj\u00face pohyb \u0165ahom nie je mo\u017en\u00e9 dosiahnu\u0165 pou\u017eit\u00edm kliknutia na konkr\u00e9tne miesto<br \/>\n3.2.3 Konzistentn\u00e1 navig\u00e1cia Niektor\u00e9 naviga\u010dn\u00e9 mechanizmy sa vyskytuj\u00fa v rozli\u010dnom porad\u00ed<br \/>\n3.2.4 Konzistentn\u00e9 ozna\u010denie Niektor\u00e9 prvky v r\u00e1mci s\u00faboru webstr\u00e1nok, ktor\u00e9 maj\u00fa rovnak\u00fa funkciu, sa neozna\u010duj\u00fa jednotne<br \/>\n3.3.2 Menovky alebo pokyny V niektor\u00fdch pr\u00edpadoch sa neposkytuj\u00fa u\u017e\u00edvate\u013eovi menovky a pokyny<br \/>\n3.3.4 Predch\u00e1dzanie chyb\u00e1m (pr\u00e1vne, finan\u010dn\u00e9, d\u00e1tov\u00e9) V niektor\u00fdch pr\u00edpadoch, pri ktor\u00fdch doch\u00e1dza pri pou\u017e\u00edvan\u00ed k pr\u00e1vnym z\u00e1v\u00e4zkom alebo finan\u010dn\u00fdm transakci\u00e1m, k \u00faprave alebo odstr\u00e1neniu \u00fadajov alebo k odosielaniu odpoved\u00ed na testov\u00e9 ot\u00e1zky, neplatia v\u0161etky podmienky pre zru\u0161enie, kontrolu alebo potvrdenie<br \/>\n4.1.2 N\u00e1zov, rola, hodnota Pri niektor\u00fdch prvkoch pou\u017e\u00edvate\u013esk\u00e9ho rozhrania nie je mo\u017en\u00e9 programovo odvodi\u0165 n\u00e1zov a rolu<\/p>\n<p><strong>Online formul\u00e1re a helpdesk:<\/strong> Nes\u00falad s po\u017eiadavkami Z\u00e1kona o pr\u00edstupnosti v rozsahu pr\u00edlohy \u010d. 1 p\u00edsm. d) a pr\u00edlohy \u010d. 2 \u010das\u0165 E Nariadenia vl\u00e1dy \u010d. 283\/2023 Z. z., ktor\u00fdm sa ustanovuj\u00fa po\u017eiadavky na pr\u00edstupnos\u0165 slu\u017eieb pre osoby so zdravotn\u00fdm postihnut\u00edm, krit\u00e9ri\u00e1 funk\u010dnosti a krit\u00e9ri\u00e1 na pos\u00fadenie neprimeranej z\u00e1\u0165a\u017ee.<br \/>\nPoskytovate\u013e slu\u017eby prejavuje z\u00e1ujem a vynaklad\u00e1 \u00fasilie na odstr\u00e1nenie nes\u00faladu, pri\u010dom o\u010dak\u00e1va odstr\u00e1nenie najnesk\u00f4r do konca roku 2025.<br \/>\nVyhodnotenie s\u00faladu s po\u017eiadavkami Z\u00e1kona o pr\u00edstupnosti bolo vykonan\u00e9 samohodnoten\u00edm.<\/p>\n<h2>Sp\u00e4tn\u00e1 v\u00e4zba a kontaktn\u00e9 inform\u00e1cie<\/h2>\n<p>Prev\u00e1dzkovate\u013eom a spr\u00e1vcom webov\u00e9ho s\u00eddla a aplik\u00e1cie je Poskytovate\u013e slu\u017eby.<\/p>\n<p>Va\u0161e podnety t\u00fdkaj\u00face sa podozrenia na nes\u00faladu poskytovania Slu\u017eieb so Z\u00e1konom o pr\u00edstupnosti m\u00f4\u017eete zasiela\u0165 na e-mailov\u00fa adresu: nemocnica-bory@pentahospitals.com. Uv\u00edtame Va\u0161u sp\u00e4tn\u00fa v\u00e4zbu, ktor\u00e1 n\u00e1m umo\u017en\u00ed zlep\u0161enie pr\u00edstupnosti pre v\u0161etk\u00fdch.<\/p>\n<p>V pr\u00edpade potreby v\u00e1m inform\u00e1cie o pr\u00edstupnosti Slu\u017eby obsiahnut\u00e9 v tomto vyhl\u00e1sen\u00ed poskytneme \u00fastne \u2013 kontaktujte n\u00e1s na e-mailovej adrese: nemocnica-bory@pentahospitals.com. v pracovn\u00fdch d\u0148och v \u010dase od 9:00 hod. do 15:00 hod. a dohodneme si telefonick\u00fd hovor.<\/p>\n<p>Dozor nad dodr\u017eiavan\u00edm povinnost\u00ed pod\u013ea Z\u00e1kona o pr\u00edstupnosti je opr\u00e1vnen\u00e1 vykon\u00e1va\u0165 Slovensk\u00e1 obchodn\u00e1 in\u0161pekcia so s\u00eddlom Bajkalsk\u00e1 21\/A, P. O. BOX 29, 827 99 Bratislava. e-mail: info@soi.sk, ktor\u00e1 je okrem in\u00e9ho opr\u00e1vnen\u00e1 uklada\u0165 opatrenia na odstr\u00e1nenie zisten\u00fdch nedostatkov alebo sankcie v pr\u00edpade poru\u0161enia povinnost\u00ed. Podnet m\u00f4\u017eete poda\u0165 prostredn\u00edctvom webov\u00e9ho s\u00eddla www.soi.sk alebo na pr\u00edslu\u0161n\u00fd in\u0161pektor\u00e1t SOI pod\u013ea miesta s\u00eddla poskytovate\u013ea slu\u017eby.<\/p>\n<h2>Vyhl\u00e1senie o rozsahu inform\u00e1cie a z\u00e1vere\u010dn\u00e9 vyhl\u00e1senie<\/h2>\n<p>Toto vyhl\u00e1senie o pr\u00edstupnosti sa vz\u0165ahuje v\u00fdhradne na pr\u00edstupnos\u0165 Slu\u017eieb uveden\u00fdch vy\u0161\u0161ie, ktor\u00e9 s\u00fa slu\u017ebami informa\u010dnej spolo\u010dnosti.<\/p>\n<p>Poskytovate\u013e slu\u017eby sa akt\u00edvne usiluje o zabezpe\u010denie rovnak\u00e9ho pr\u00edstupu k svojim Slu\u017eb\u00e1m pre v\u0161etk\u00fdch pou\u017e\u00edvate\u013eov vr\u00e1tane os\u00f4b so zdravotn\u00fdm postihnut\u00edm.<\/p>\n<p>Tieto inform\u00e1cie o pr\u00edstupnosti slu\u017eby s\u00fa dostupn\u00e9 v p\u00edsomnej forme a \u00fastnej forme sp\u00f4sobom, ktor\u00fd je pr\u00edstupn\u00fd pre osoby so zdravotn\u00fdm postihnut\u00edm.<br \/>\nPoskytovate\u013e slu\u017eby po\u010das celej doby poskytovania Slu\u017eby zabezpe\u010duje, aby inform\u00e1cie o pr\u00edstupnosti Slu\u017eby boli aktu\u00e1lne a dostupn\u00e9 pre v\u0161etk\u00fdch pou\u017e\u00edvate\u013eov.<\/p>\n<p><strong>Vyhl\u00e1senie je \u00fa\u010dinn\u00e9 od 16.12.2025<\/strong><\/p>\n","protected":false},"excerpt":{"rendered":"<p>Inform\u00e1cie o ustanoven\u00fdch po\u017eiadavk\u00e1ch na pr\u00edstupnos\u0165 slu\u017eby pre osoby so zdravotn\u00fdm postihnut\u00edm a o s\u00falade poskytovanej slu\u017eby s t\u00fdmito po\u017eiadavkami \u00davodn\u00e9 ustanovenie Spolo\u010dnos\u0165 Nemocnica BORY, a.s.,Digital Park II, Einsteinova 25, 851 01 Bratislava \u2013 mestsk\u00e1 \u010das\u0165 Petr\u017ealka, I\u010cO: 53 773 411, zap\u00edsan\u00e1 v registri: Obchodn\u00fd register Mestsk\u00e9ho s\u00fadu Bratislava III, Oddiel: Sa, Vlo\u017eka \u010d\u00edslo: 7237\/B [&hellip;]<\/p>\n","protected":false},"author":13,"featured_media":9596,"parent":0,"menu_order":0,"comment_status":"closed","ping_status":"closed","template":"","meta":{"_acf_changed":false,"iawp_total_views":26,"footnotes":""},"class_list":["post-22637","page","type-page","status-publish","has-post-thumbnail","hentry"],"acf":[],"yoast_head":"<!-- This site is optimized with the Yoast SEO plugin v25.6 - https:\/\/yoast.com\/wordpress\/plugins\/seo\/ -->\n<title>Vyhl\u00e1senie o pr\u00edstupnosti pre web Femeo<\/title>\n<meta name=\"description\" content=\"Z\u00edskajte druh\u00fd n\u00e1zor na onkogynekologick\u00fa diagn\u00f3zu alebo navrhnut\u00fa lie\u010dbu so slu\u017ebou Femeo v Nemocnici Bory v Bratislave.\" \/>\n<meta name=\"robots\" content=\"index, follow, max-snippet:-1, max-image-preview:large, max-video-preview:-1\" \/>\n<link rel=\"canonical\" href=\"https:\/\/nemocnica-bory.sk\/vyhlasenie-o-pristupnosti-femeo\/\" \/>\n<meta property=\"og:locale\" content=\"en_US\" \/>\n<meta property=\"og:type\" content=\"article\" \/>\n<meta property=\"og:title\" content=\"Vyhl\u00e1senie o pr\u00edstupnosti pre web Femeo\" \/>\n<meta property=\"og:description\" content=\"Z\u00edskajte druh\u00fd n\u00e1zor na onkogynekologick\u00fa diagn\u00f3zu alebo navrhnut\u00fa lie\u010dbu so slu\u017ebou Femeo v Nemocnici Bory v Bratislave.\" \/>\n<meta property=\"og:url\" content=\"https:\/\/nemocnica-bory.sk\/vyhlasenie-o-pristupnosti-femeo\/\" \/>\n<meta property=\"og:site_name\" content=\"Nemocnica Bory\" \/>\n<meta property=\"article:publisher\" content=\"https:\/\/www.facebook.com\/nemocnicabory\/\" \/>\n<meta property=\"og:image\" content=\"https:\/\/nemocnica-bory.sk\/wp-content\/uploads\/2023\/03\/nemocnica-bory.sk-ambulancia-klinickej-farmakologie_1200x800.png\" \/>\n\t<meta property=\"og:image:width\" content=\"1200\" \/>\n\t<meta property=\"og:image:height\" content=\"800\" \/>\n\t<meta property=\"og:image:type\" content=\"image\/png\" \/>\n<meta name=\"twitter:card\" content=\"summary_large_image\" \/>\n<meta name=\"twitter:label1\" content=\"Est. reading time\" \/>\n\t<meta name=\"twitter:data1\" content=\"6 minutes\" \/>\n<script type=\"application\/ld+json\" class=\"yoast-schema-graph\">{\"@context\":\"https:\/\/schema.org\",\"@graph\":[{\"@type\":\"WebPage\",\"@id\":\"https:\/\/nemocnica-bory.sk\/vyhlasenie-o-pristupnosti-femeo\/\",\"url\":\"https:\/\/nemocnica-bory.sk\/vyhlasenie-o-pristupnosti-femeo\/\",\"name\":\"Vyhl\u00e1senie o pr\u00edstupnosti pre web Femeo\",\"isPartOf\":{\"@id\":\"https:\/\/nemocnica-bory.sk\/#website\"},\"primaryImageOfPage\":{\"@id\":\"https:\/\/nemocnica-bory.sk\/vyhlasenie-o-pristupnosti-femeo\/#primaryimage\"},\"image\":{\"@id\":\"https:\/\/nemocnica-bory.sk\/vyhlasenie-o-pristupnosti-femeo\/#primaryimage\"},\"thumbnailUrl\":\"https:\/\/nemocnica-bory.sk\/wp-content\/uploads\/2023\/03\/nemocnica-bory.sk-ambulancia-klinickej-farmakologie_1200x800.png\",\"datePublished\":\"2025-12-15T12:03:11+00:00\",\"description\":\"Z\u00edskajte druh\u00fd n\u00e1zor na onkogynekologick\u00fa diagn\u00f3zu alebo navrhnut\u00fa lie\u010dbu so slu\u017ebou Femeo v Nemocnici Bory v Bratislave.\",\"breadcrumb\":{\"@id\":\"https:\/\/nemocnica-bory.sk\/vyhlasenie-o-pristupnosti-femeo\/#breadcrumb\"},\"inLanguage\":\"en-US\",\"potentialAction\":[{\"@type\":\"ReadAction\",\"target\":[\"https:\/\/nemocnica-bory.sk\/vyhlasenie-o-pristupnosti-femeo\/\"]}]},{\"@type\":\"ImageObject\",\"inLanguage\":\"en-US\",\"@id\":\"https:\/\/nemocnica-bory.sk\/vyhlasenie-o-pristupnosti-femeo\/#primaryimage\",\"url\":\"https:\/\/nemocnica-bory.sk\/wp-content\/uploads\/2023\/03\/nemocnica-bory.sk-ambulancia-klinickej-farmakologie_1200x800.png\",\"contentUrl\":\"https:\/\/nemocnica-bory.sk\/wp-content\/uploads\/2023\/03\/nemocnica-bory.sk-ambulancia-klinickej-farmakologie_1200x800.png\",\"width\":1200,\"height\":800},{\"@type\":\"BreadcrumbList\",\"@id\":\"https:\/\/nemocnica-bory.sk\/vyhlasenie-o-pristupnosti-femeo\/#breadcrumb\",\"itemListElement\":[{\"@type\":\"ListItem\",\"position\":1,\"name\":\"Home\",\"item\":\"https:\/\/nemocnica-bory.sk\/en\/\"},{\"@type\":\"ListItem\",\"position\":2,\"name\":\"Vyhl\u00e1senie o pr\u00edstupnosti - Femeo\"}]},{\"@type\":\"WebSite\",\"@id\":\"https:\/\/nemocnica-bory.sk\/#website\",\"url\":\"https:\/\/nemocnica-bory.sk\/\",\"name\":\"Nemocnica Bory\",\"description\":\"Nemocnica Bory\",\"publisher\":{\"@id\":\"https:\/\/nemocnica-bory.sk\/#organization\"},\"potentialAction\":[{\"@type\":\"SearchAction\",\"target\":{\"@type\":\"EntryPoint\",\"urlTemplate\":\"https:\/\/nemocnica-bory.sk\/?s={search_term_string}\"},\"query-input\":{\"@type\":\"PropertyValueSpecification\",\"valueRequired\":true,\"valueName\":\"search_term_string\"}}],\"inLanguage\":\"en-US\"},{\"@type\":\"Organization\",\"@id\":\"https:\/\/nemocnica-bory.sk\/#organization\",\"name\":\"Penta Hospitals\",\"url\":\"https:\/\/nemocnica-bory.sk\/\",\"logo\":{\"@type\":\"ImageObject\",\"inLanguage\":\"en-US\",\"@id\":\"https:\/\/nemocnica-bory.sk\/#\/schema\/logo\/image\/\",\"url\":\"https:\/\/nemocnica-bory.sk\/wp-content\/uploads\/2024\/05\/PH_bory_horizontal.png\",\"contentUrl\":\"https:\/\/nemocnica-bory.sk\/wp-content\/uploads\/2024\/05\/PH_bory_horizontal.png\",\"width\":1832,\"height\":513,\"caption\":\"Penta Hospitals\"},\"image\":{\"@id\":\"https:\/\/nemocnica-bory.sk\/#\/schema\/logo\/image\/\"},\"sameAs\":[\"https:\/\/www.facebook.com\/nemocnicabory\/\",\"https:\/\/www.linkedin.com\/company\/79088908\",\"https:\/\/www.instagram.com\/nemocnicabory\/\"]}]}<\/script>\n<!-- \/ Yoast SEO plugin. -->","yoast_head_json":{"title":"Vyhl\u00e1senie o pr\u00edstupnosti pre web Femeo","description":"Z\u00edskajte druh\u00fd n\u00e1zor na onkogynekologick\u00fa diagn\u00f3zu alebo navrhnut\u00fa lie\u010dbu so slu\u017ebou Femeo v Nemocnici Bory v Bratislave.","robots":{"index":"index","follow":"follow","max-snippet":"max-snippet:-1","max-image-preview":"max-image-preview:large","max-video-preview":"max-video-preview:-1"},"canonical":"https:\/\/nemocnica-bory.sk\/vyhlasenie-o-pristupnosti-femeo\/","og_locale":"en_US","og_type":"article","og_title":"Vyhl\u00e1senie o pr\u00edstupnosti pre web Femeo","og_description":"Z\u00edskajte druh\u00fd n\u00e1zor na onkogynekologick\u00fa diagn\u00f3zu alebo navrhnut\u00fa lie\u010dbu so slu\u017ebou Femeo v Nemocnici Bory v Bratislave.","og_url":"https:\/\/nemocnica-bory.sk\/vyhlasenie-o-pristupnosti-femeo\/","og_site_name":"Nemocnica Bory","article_publisher":"https:\/\/www.facebook.com\/nemocnicabory\/","og_image":[{"width":1200,"height":800,"url":"https:\/\/nemocnica-bory.sk\/wp-content\/uploads\/2023\/03\/nemocnica-bory.sk-ambulancia-klinickej-farmakologie_1200x800.png","type":"image\/png"}],"twitter_card":"summary_large_image","twitter_misc":{"Est. reading time":"6 minutes"},"schema":{"@context":"https:\/\/schema.org","@graph":[{"@type":"WebPage","@id":"https:\/\/nemocnica-bory.sk\/vyhlasenie-o-pristupnosti-femeo\/","url":"https:\/\/nemocnica-bory.sk\/vyhlasenie-o-pristupnosti-femeo\/","name":"Vyhl\u00e1senie o pr\u00edstupnosti pre web Femeo","isPartOf":{"@id":"https:\/\/nemocnica-bory.sk\/#website"},"primaryImageOfPage":{"@id":"https:\/\/nemocnica-bory.sk\/vyhlasenie-o-pristupnosti-femeo\/#primaryimage"},"image":{"@id":"https:\/\/nemocnica-bory.sk\/vyhlasenie-o-pristupnosti-femeo\/#primaryimage"},"thumbnailUrl":"https:\/\/nemocnica-bory.sk\/wp-content\/uploads\/2023\/03\/nemocnica-bory.sk-ambulancia-klinickej-farmakologie_1200x800.png","datePublished":"2025-12-15T12:03:11+00:00","description":"Z\u00edskajte druh\u00fd n\u00e1zor na onkogynekologick\u00fa diagn\u00f3zu alebo navrhnut\u00fa lie\u010dbu so slu\u017ebou Femeo v Nemocnici Bory v Bratislave.","breadcrumb":{"@id":"https:\/\/nemocnica-bory.sk\/vyhlasenie-o-pristupnosti-femeo\/#breadcrumb"},"inLanguage":"en-US","potentialAction":[{"@type":"ReadAction","target":["https:\/\/nemocnica-bory.sk\/vyhlasenie-o-pristupnosti-femeo\/"]}]},{"@type":"ImageObject","inLanguage":"en-US","@id":"https:\/\/nemocnica-bory.sk\/vyhlasenie-o-pristupnosti-femeo\/#primaryimage","url":"https:\/\/nemocnica-bory.sk\/wp-content\/uploads\/2023\/03\/nemocnica-bory.sk-ambulancia-klinickej-farmakologie_1200x800.png","contentUrl":"https:\/\/nemocnica-bory.sk\/wp-content\/uploads\/2023\/03\/nemocnica-bory.sk-ambulancia-klinickej-farmakologie_1200x800.png","width":1200,"height":800},{"@type":"BreadcrumbList","@id":"https:\/\/nemocnica-bory.sk\/vyhlasenie-o-pristupnosti-femeo\/#breadcrumb","itemListElement":[{"@type":"ListItem","position":1,"name":"Home","item":"https:\/\/nemocnica-bory.sk\/en\/"},{"@type":"ListItem","position":2,"name":"Vyhl\u00e1senie o pr\u00edstupnosti - Femeo"}]},{"@type":"WebSite","@id":"https:\/\/nemocnica-bory.sk\/#website","url":"https:\/\/nemocnica-bory.sk\/","name":"Nemocnica Bory","description":"Nemocnica Bory","publisher":{"@id":"https:\/\/nemocnica-bory.sk\/#organization"},"potentialAction":[{"@type":"SearchAction","target":{"@type":"EntryPoint","urlTemplate":"https:\/\/nemocnica-bory.sk\/?s={search_term_string}"},"query-input":{"@type":"PropertyValueSpecification","valueRequired":true,"valueName":"search_term_string"}}],"inLanguage":"en-US"},{"@type":"Organization","@id":"https:\/\/nemocnica-bory.sk\/#organization","name":"Penta Hospitals","url":"https:\/\/nemocnica-bory.sk\/","logo":{"@type":"ImageObject","inLanguage":"en-US","@id":"https:\/\/nemocnica-bory.sk\/#\/schema\/logo\/image\/","url":"https:\/\/nemocnica-bory.sk\/wp-content\/uploads\/2024\/05\/PH_bory_horizontal.png","contentUrl":"https:\/\/nemocnica-bory.sk\/wp-content\/uploads\/2024\/05\/PH_bory_horizontal.png","width":1832,"height":513,"caption":"Penta Hospitals"},"image":{"@id":"https:\/\/nemocnica-bory.sk\/#\/schema\/logo\/image\/"},"sameAs":["https:\/\/www.facebook.com\/nemocnicabory\/","https:\/\/www.linkedin.com\/company\/79088908","https:\/\/www.instagram.com\/nemocnicabory\/"]}]}},"_links":{"self":[{"href":"https:\/\/nemocnica-bory.sk\/en\/wp-json\/wp\/v2\/pages\/22637"}],"collection":[{"href":"https:\/\/nemocnica-bory.sk\/en\/wp-json\/wp\/v2\/pages"}],"about":[{"href":"https:\/\/nemocnica-bory.sk\/en\/wp-json\/wp\/v2\/types\/page"}],"author":[{"embeddable":true,"href":"https:\/\/nemocnica-bory.sk\/en\/wp-json\/wp\/v2\/users\/13"}],"replies":[{"embeddable":true,"href":"https:\/\/nemocnica-bory.sk\/en\/wp-json\/wp\/v2\/comments?post=22637"}],"version-history":[{"count":0,"href":"https:\/\/nemocnica-bory.sk\/en\/wp-json\/wp\/v2\/pages\/22637\/revisions"}],"wp:featuredmedia":[{"embeddable":true,"href":"https:\/\/nemocnica-bory.sk\/en\/wp-json\/wp\/v2\/media\/9596"}],"wp:attachment":[{"href":"https:\/\/nemocnica-bory.sk\/en\/wp-json\/wp\/v2\/media?parent=22637"}],"curies":[{"name":"wp","href":"https:\/\/api.w.org\/{rel}","templated":true}]}}