{"id":660,"date":"2020-04-23T16:55:17","date_gmt":"2020-04-23T14:55:17","guid":{"rendered":"https:\/\/www.nemocnica-bory.sk\/?page_id=660"},"modified":"2025-06-05T13:29:47","modified_gmt":"2025-06-05T11:29:47","slug":"terminy-vyberovych-konani","status":"publish","type":"page","link":"https:\/\/nemocnica-bory.sk\/en\/terminy-vyberovych-konani\/","title":{"rendered":"Term\u00edny v\u00fdberov\u00fdch konan\u00ed"},"content":{"rendered":"<div id=\"pl-660\"  class=\"panel-layout\" ><div id=\"pg-660-0\"  class=\"panel-grid panel-has-style\" ><div class=\"panel-row-style panel-row-style-for-660-0\" ><div id=\"pgc-660-0-0\"  class=\"panel-grid-cell\" ><div id=\"panel-660-0-0-0\" class=\"so-panel widget widget_sow-editor panel-first-child panel-last-child\" data-index=\"0\" ><div\n\t\t\t\n\t\t\tclass=\"so-widget-sow-editor so-widget-sow-editor-base\"\n\t\t\t\n\t\t>\n<div class=\"siteorigin-widget-tinymce textwidget\">\n\t<p>V\u00a0nemocnici novej gener\u00e1cie Bory bude pracova\u0165 vy\u0161e 1200 kolegov, ktor\u00fdch vyber\u00e1me a\u00a0prij\u00edmame postupne. Mana\u017e\u00e9ri bud\u00fa ma\u0165 mo\u017enos\u0165 do otvorenia nemocnice spolupracova\u0165 na pr\u00edprave procesov, n\u00e1kupe vybavenia a\u00a0tvorbe svojich t\u00edmov formou externej spolupr\u00e1ce.<\/p>\n<h3 style=\"line-height: 1.4em;\">Nemocnicu sp\u00fa\u0161\u0165ame v roku 2023, pri\u010dom n\u00e1beh poskytovanej zdravotnej starostlivosti bude tie\u017e postupn\u00fd a do konca roka 2023 by mala by\u0165 funk\u010dn\u00e1 cel\u00e1 nemocnica.<\/h3>\n<p><a class=\"button button-brand-2\" href=\"https:\/\/www.nemocnica-bory.sk\/pozicie\/\">Preh\u013ead v\u00fdberov\u00fdch konan\u00ed<\/a><\/p>\n<\/div>\n<\/div><\/div><\/div><div id=\"pgc-660-0-1\"  class=\"panel-grid-cell\" ><div id=\"panel-660-0-1-0\" class=\"so-panel widget widget_sow-image panel-first-child panel-last-child\" data-index=\"1\" ><div\n\t\t\t\n\t\t\tclass=\"so-widget-sow-image so-widget-sow-image-default-8b5b6f678277-660\"\n\t\t\t\n\t\t>\n<div class=\"sow-image-container\">\n\t\t<img \n\tsrc=\"https:\/\/nemocnica-bory.sk\/wp-content\/uploads\/2020\/07\/IMG-1029small-768x512.jpg\" width=\"768\" height=\"512\" srcset=\"https:\/\/nemocnica-bory.sk\/wp-content\/uploads\/2020\/07\/IMG-1029small-768x512.jpg 768w, https:\/\/nemocnica-bory.sk\/wp-content\/uploads\/2020\/07\/IMG-1029small-300x200.jpg 300w, https:\/\/nemocnica-bory.sk\/wp-content\/uploads\/2020\/07\/IMG-1029small-1024x683.jpg 1024w, https:\/\/nemocnica-bory.sk\/wp-content\/uploads\/2020\/07\/IMG-1029small-480x320.jpg 480w, https:\/\/nemocnica-bory.sk\/wp-content\/uploads\/2020\/07\/IMG-1029small-992x661.jpg 992w, https:\/\/nemocnica-bory.sk\/wp-content\/uploads\/2020\/07\/IMG-1029small-1200x800.jpg 1200w, https:\/\/nemocnica-bory.sk\/wp-content\/uploads\/2020\/07\/IMG-1029small-272x182.jpg 272w, https:\/\/nemocnica-bory.sk\/wp-content\/uploads\/2020\/07\/IMG-1029small.jpg 1536w\" sizes=\"(max-width: 768px) 100vw, 768px\" title=\"nemocnica-bory-sk_vyber_pohovory_videohovor_Skype\" alt=\"nemocnica bory videohovor pocitac notebook\" \t\tclass=\"so-widget-image\"\/>\n\t<\/div>\n\n<\/div><\/div><\/div><\/div><\/div><div id=\"pg-660-1\"  class=\"panel-grid panel-has-style\" ><div class=\"panel-row-style panel-row-style-for-660-1\" ><div id=\"pgc-660-1-0\"  class=\"panel-grid-cell panel-grid-cell-empty\" ><\/div><div id=\"pgc-660-1-1\"  class=\"panel-grid-cell panel-grid-cell-empty panel-grid-cell-mobile-last\" ><\/div><div id=\"pgc-660-1-2\"  class=\"panel-grid-cell panel-grid-cell-empty\" ><\/div><\/div><\/div><div id=\"pg-660-2\"  class=\"panel-grid panel-no-style\" ><div id=\"pgc-660-2-0\"  class=\"panel-grid-cell\" ><div id=\"panel-660-2-0-0\" class=\"so-panel widget widget_text_icl panel-first-child panel-last-child\" data-index=\"2\" >  <section class=\"content-section panel-combo-form no-top-pad\">\n  <div class=\"container\">\n    <article>\n      <div class=\"combo-form-container\">\n  <div class=\"tabs-component\">\n    <div class=\"tabs-header\">\n      <ul>\n        <li class=\"active\"><a href=\"#zaujem-o-pracu\" title=\"\">M\u00e1m z\u00e1ujem u v\u00e1s pracova\u0165<\/a><\/li>\n        <li><a href=\"#zaujem-o-informacie\" title=\"\">M\u00e1m z\u00e1ujem o viac inform\u00e1ci\u00ed<\/a><\/li>\n      <\/ul>\n    <\/div>\n    <div class=\"tabs-body\">\n      <div class=\"tab-content active\" id=\"zaujem-o-pracu\">\n        <div class=\"recruitment-form-container\">\n          <div class=\"form-title\">Kontaktujte n\u00e1s<\/div>\n          <form class=\"recruitment\" action=\"https:\/\/nemocnica-bory.sk\/wp-content\/themes\/procare\/forms\/recruitment\/send.php\" method=\"post\" data-js-callback=\"site.submitRecruitmentForm\">\n  <div class=\"inner\">\n    <fieldset>\n      <div class=\"columns-wrapper\">\n        <div class=\"column\">\n          <div class=\"form-control-group\">\n            <label class=\"form-control-label\">*Meno<\/label>\n            <input type=\"text\" name=\"first-name\" class=\"form-control\" title=\"\" placeholder=\"*Meno\" required>\n            <div class=\"form-control-error\" data-rel=\"first-name\">Please fill in your name.<\/div>\n          <\/div>\n        <\/div>\n        <div class=\"column\">\n          <div class=\"form-control-group\">\n            <label class=\"form-control-label\">*Priezvisko<\/label>\n            <input type=\"text\" name=\"last-name\" class=\"form-control\" title=\"\" placeholder=\"*Priezvisko\" required>\n            <div class=\"form-control-error\" data-rel=\"last-name\">Please fill in your last name.<\/div>\n          <\/div>\n        <\/div>\n        <div class=\"column\">\n          <div class=\"form-control-group\">\n            <label class=\"form-control-label\">Titul<\/label>\n            <input type=\"text\" name=\"degree\" class=\"form-control\" title=\"\" placeholder=\"Titul\">\n            <div class=\"form-control-error\" data-rel=\"degree\">Pros\u00edm vypl\u0148te v\u00e1\u0161 titul.<\/div>\n          <\/div>\n        <\/div>\n        <div class=\"column\">\n          <div class=\"form-control-group\">\n            <label class=\"form-control-label\">*E-mail<\/label>\n            <input type=\"email\" name=\"email\" class=\"form-control\" title=\"\" placeholder=\"*E-mail\" required>\n            <div class=\"form-control-error\" data-rel=\"email\">Please check your email address.<\/div>\n          <\/div>\n        <\/div>\n        <div class=\"column\">\n          <div class=\"form-control-group\">\n            <label class=\"form-control-label\">Telef\u00f3n<\/label>\n            <input type=\"tel\" name=\"phone\" class=\"form-control\" title=\"\" placeholder=\"Telef\u00f3nne \u010d\u00edslo\">\n            <div class=\"form-control-error\" data-rel=\"phone\">Pros\u00edm vypl\u0148te telef\u00f3nne \u010d\u00edslo vo form\u00e1te napr.: +421900 000 000<\/div>\n          <\/div>\n        <\/div>\n        <div class=\"column\">\n          <div class=\"form-control-group select\">\n            <label class=\"form-control-label\">Z\u00e1ujem<\/label>\n            <select name=\"interest\" class=\"form-control\">\n              <option value=\"Z\u00e1ujem\"><\/option>\n              <option value=\"Chcem sa informova\u0165 o pracovn\u00fdch pr\u00edle\u017eitostiach v lek\u00e1rskej oblasti\">Chcem sa informova\u0165 o pracovn\u00fdch pr\u00edle\u017eitostiach v lek\u00e1rskej oblasti<\/option>\n              <option value=\"Chcem sa informova\u0165 o pracovn\u00fdch pr\u00edle\u017eitostiach v o\u0161etrovate\u013eskej oblasti\">Chcem sa informova\u0165 o pracovn\u00fdch pr\u00edle\u017eitostiach v o\u0161etrovate\u013eskej oblasti<\/option>\n              <option value=\"Chcem sa informova\u0165 o pracovn\u00fdch pr\u00edle\u017eitostiach v inej oblasti\">Chcem sa informova\u0165 o pracovn\u00fdch pr\u00edle\u017eitostiach v inej oblasti<\/option>\n            <\/select>\n            <div class=\"form-control-error\" data-rel=\"interest\">Pros\u00edm zvo\u013ete oblas\u0165 z\u00e1ujmu.<\/div>\n          <\/div>\n        <\/div>\n        <div class=\"column full-width\">\n          <div class=\"form-control-group file\">\n            <div class=\"file-input-wrapper\">\n              <div class=\"file-input-outer-html\">\n                <div class=\"text\"><\/div>\n              <\/div>\n              <input type=\"file\" name=\"attachments\" title=\"\" accept=\"application\/msword, application\/vnd.ms-excel, application\/vnd.ms-powerpoint, text\/plain, application\/pdf, image\/*\" data-max-size=\"20000000\" multiple>\n              <div class=\"file-input-inner-html\">\n                <div class=\"buttons-container\">\n                  <span class=\"icon\"><span class=\"icon-file-upload\"><\/span><\/span>\n                  <span class=\"text\">Sem preneste svoje CV a\/alebo motiva\u010dn\u00fd list.<br><span class=\"small\">Max. 20MB<\/span><\/span>\n                  <span class=\"button\">Prida\u0165 s\u00fabor<\/span>\n                <\/div>\n              <\/div>\n            <\/div>\n            <div class=\"form-control-error\" data-rel=\"attachments\">Nahrajte s\u00fabory v spr\u00e1vnom form\u00e1te alebo do max. 20MB ve\u013ekosti.<\/div>\n          <\/div>\n        <\/div>\n        <div class=\"column full-width\">\n          <div class=\"form-control-group\">\n            <label class=\"form-control-label\">Message<\/label>\n            <textarea name=\"message\" class=\"form-control\" title=\"\" placeholder=\"Pridajte koment\u00e1r \/ ot\u00e1zku\"><\/textarea>\n            <div class=\"form-control-error\" data-rel=\"message\">Nap\u00ed\u0161te spr\u00e1vu.<\/div>\n          <\/div>\n        <\/div>\n        <div class=\"column full-width\">\n          <div class=\"form-control-group checkbox\">\n            <label class=\"checkbox\">\n              <input type=\"checkbox\" name=\"terms\" value=\"1\" title=\"\" required>\n              <span>*Obozn\u00e1mil\/a som sa s <a href=\"https:\/\/www.nemocnica-bory.sk\/informacie-o-spracuvani-osobnych-udajov\/\">Inform\u00e1ciami o sprac\u00favan\u00ed osobn\u00fdch \u00fadajov<\/a><\/span>\n            <\/label>\n            <div class=\"form-control-error\" data-rel=\"terms\">Za\u0161krtnite pros\u00edm s\u00fahlas\u00edm so spracovan\u00edm osobn\u00fdch \u00fadajov.<\/div>\n          <\/div>\n        <\/div>\n        <div class=\"pov-u\"> *Povinn\u00e9 polia<\/div>\n      <\/div>\n    <\/fieldset>\n    <div class=\"buttons-container\">\n      <button type=\"submit\" name=\"submit\" class=\"button\">SUBMIT<\/button>\n    <\/div>\n    <input type=\"hidden\" name=\"view\" value=\"ajax\">\n    <input type=\"hidden\" name=\"action-name\" value=\"send\">\n        <input type=\"hidden\" name=\"page\" value=\"https:\/\/nemocnica-bory.sk\/en\/wp-json\/wp\/v2\/pages\/660\">\n    <input type=\"hidden\" name=\"lang\" value=\"en\">\n        <input type=\"hidden\" name=\"recaptcha_response\" class=\"g-recaptcha\">\n  <\/div>\n  <div class=\"overlay\">\n    <div class=\"content\">\n      <p>Formul\u00e1r sa odosiela. Chv\u00ed\u013eku strpenia.<\/p>\n      <img decoding=\"async\" src=\"https:\/\/nemocnica-bory.sk\/wp-content\/themes\/procare\/img\/loader-light.svg\" alt=\"\" class=\"loader\">\n    <\/div>\n  <\/div>\n<\/form>        <\/div>\n      <\/div>\n      <div class=\"tab-content\" id=\"zaujem-o-informacie\">\n        <div class=\"contact-form-container\">\n          <div class=\"form-title\">Kontaktujte n\u00e1s<\/div>\n          <form class=\"contact\" action=\"https:\/\/nemocnica-bory.sk\/wp-content\/themes\/procare\/forms\/contact\/send.php\" method=\"post\" data-js-callback=\"site.submitGeneralForm\">\n  <div class=\"inner\">\n    <fieldset>\n      <div class=\"columns-wrapper\">\n        <div class=\"column\">\n          <div class=\"form-control-group\">\n            <label class=\"form-control-label\">Name<\/label>\n            <input type=\"text\" name=\"first-name\" class=\"form-control\" title=\"\" placeholder=\"*Meno\" required>\n            <div class=\"form-control-error\" data-rel=\"first-name\">Please fill in your name.<\/div>\n          <\/div>\n        <\/div>\n        <div class=\"column\">\n          <div class=\"form-control-group\">\n            <label class=\"form-control-label\">Surname<\/label>\n            <input type=\"text\" name=\"last-name\" class=\"form-control\" title=\"\" placeholder=\"*Priezvisko\" required>\n            <div class=\"form-control-error\" data-rel=\"last-name\">Please fill in your last name.<\/div>\n          <\/div>\n        <\/div>\n        <div class=\"column\">\n          <div class=\"form-control-group\">\n            <label class=\"form-control-label\">E-mail<\/label>\n            <input type=\"email\" name=\"email\" class=\"form-control\" title=\"\" placeholder=\"*E-mail\" required>\n            <div class=\"form-control-error\" data-rel=\"email\">Please check your email address.<\/div>\n          <\/div>\n        <\/div>\n        <div class=\"column full-width\">\n          <div class=\"form-control-group select\">\n            <label class=\"form-control-label\">Z\u00e1ujem<\/label>\n            <select name=\"interest\" class=\"form-control\">\n              <option value=\"Z\u00e1ujem\"><\/option>\n              <option value=\"M\u00e1m z\u00e1ujem o v\u0161eobecn\u00e9 inform\u00e1cie o nemocnici\">M\u00e1m z\u00e1ujem o v\u0161eobecn\u00e9 inform\u00e1cie o nemocnici<\/option>\n              <option value=\"M\u00e1m z\u00e1ujem o inform\u00e1cie o medic\u00ednskych \u0161pecializ\u00e1ci\u00e1ch\">M\u00e1m z\u00e1ujem o inform\u00e1cie o medic\u00ednskych \u0161pecializ\u00e1ci\u00e1ch<\/option>\n              <option value=\"M\u00e1m z\u00e1ujem poskytova\u0165 dod\u00e1vate\u013esk\u00e9 slu\u017eby\">M\u00e1m z\u00e1ujem poskytova\u0165 dod\u00e1vate\u013esk\u00e9 slu\u017eby<\/option>\n            <\/select>\n            <div class=\"form-control-error\" data-rel=\"interest\">Pros\u00edm zvo\u013ete oblas\u0165 z\u00e1ujmu.<\/div>\n          <\/div>\n        <\/div>\n        <div class=\"column full-width\">\n          <div class=\"form-control-group\">\n            <label class=\"form-control-label\">Message<\/label>\n            <textarea name=\"message\" class=\"form-control\" title=\"\" placeholder=\"*Va\u0161a spr\u00e1va\"><\/textarea>\n            <div class=\"form-control-error\" data-rel=\"message\">Nap\u00ed\u0161te spr\u00e1vu.<\/div>\n          <\/div>\n        <\/div>\n        <div class=\"column full-width\">\n          <div class=\"form-control-group checkbox\">\n            <label class=\"checkbox\">\n              <input type=\"checkbox\" name=\"terms\" value=\"1\" title=\"\" required>\n              <span>*Obozn\u00e1mil\/a som sa s <a href=\"https:\/\/www.nemocnica-bory.sk\/informacie-o-spracuvani-osobnych-udajov\/\">Inform\u00e1ciami o sprac\u00favan\u00ed osobn\u00fdch \u00fadajov<\/a><\/span>\n            <\/label>\n            <div class=\"form-control-error\" data-rel=\"terms\">Za\u0161krtnite pros\u00edm s\u00fahlas\u00edm so spracovan\u00edm osobn\u00fdch \u00fadajov.<\/div>\n          <\/div>\n        <\/div>\n        <div class=\"pov-u\"> *Povinn\u00e9 polia<\/div>\n      <\/div>\n    <\/fieldset>\n    <div class=\"buttons-container\">\n      <button type=\"submit\" name=\"submit\" class=\"button\">SUBMIT<\/button>\n    <\/div>\n    <input type=\"hidden\" name=\"view\" value=\"ajax\">\n    <input type=\"hidden\" name=\"action-name\" value=\"send\">\n        <input type=\"hidden\" name=\"page\" value=\"https:\/\/nemocnica-bory.sk\/en\/wp-json\/wp\/v2\/pages\/660\">\n    <input type=\"hidden\" name=\"lang\" value=\"en\">\n    <input type=\"hidden\" name=\"recaptcha_response\" class=\"g-recaptcha\">\n  <\/div>\n  <div class=\"overlay\">\n    <div class=\"content\">\n      <p>Formul\u00e1r sa odosiela. Chv\u00ed\u013eku strpenia.<\/p>\n      <img decoding=\"async\" src=\"https:\/\/nemocnica-bory.sk\/wp-content\/themes\/procare\/img\/loader-light.svg\" alt=\"\" class=\"loader\">\n    <\/div>\n  <\/div>\n<\/form>\n        <\/div>\n      <\/div>\n    <\/div>\n  <\/div>\n<\/div>\n    <\/article>\n  <\/div>\n<\/section>\n  <\/div><\/div><\/div><\/div>","protected":false},"excerpt":{"rendered":"<p>V\u00a0nemocnici novej gener\u00e1cie Bory bude pracova\u0165 vy\u0161e 1200 kolegov, ktor\u00fdch vyber\u00e1me a\u00a0prij\u00edmame postupne. Mana\u017e\u00e9ri bud\u00fa ma\u0165 mo\u017enos\u0165 do otvorenia nemocnice spolupracova\u0165 na pr\u00edprave procesov, n\u00e1kupe vybavenia a\u00a0tvorbe svojich t\u00edmov formou externej spolupr\u00e1ce. Nemocnicu sp\u00fa\u0161\u0165ame v roku 2023, pri\u010dom n\u00e1beh poskytovanej zdravotnej starostlivosti bude tie\u017e postupn\u00fd a do konca roka 2023 by mala by\u0165 funk\u010dn\u00e1 cel\u00e1 [&hellip;]<\/p>\n","protected":false},"author":9,"featured_media":3231,"parent":0,"menu_order":0,"comment_status":"closed","ping_status":"closed","template":"","meta":{"_acf_changed":false,"iawp_total_views":116,"footnotes":""},"class_list":["post-660","page","type-page","status-publish","has-post-thumbnail","hentry"],"acf":[],"yoast_head":"<!-- This site is optimized with the Yoast SEO plugin v25.6 - https:\/\/yoast.com\/wordpress\/plugins\/seo\/ -->\n<title>Term\u00edny v\u00fdberov\u00fdch konan\u00ed<\/title>\n<meta name=\"description\" content=\"V Nemocnici Bory n\u00e1s pracuje vy\u0161e 1200 a st\u00e1le h\u013ead\u00e1me do na\u0161ich t\u00edmov kolegov, ktor\u00fdch vyber\u00e1me a prij\u00edmame postupne.\" \/>\n<meta name=\"robots\" content=\"index, follow, max-snippet:-1, max-image-preview:large, max-video-preview:-1\" \/>\n<link rel=\"canonical\" href=\"https:\/\/nemocnica-bory.sk\/terminy-vyberovych-konani\/\" \/>\n<meta property=\"og:locale\" content=\"en_US\" \/>\n<meta property=\"og:type\" content=\"article\" \/>\n<meta property=\"og:title\" content=\"Term\u00edny v\u00fdberov\u00fdch konan\u00ed\" \/>\n<meta property=\"og:description\" content=\"V Nemocnici Bory n\u00e1s pracuje vy\u0161e 1200 a st\u00e1le h\u013ead\u00e1me do na\u0161ich t\u00edmov kolegov, ktor\u00fdch vyber\u00e1me a prij\u00edmame postupne.\" \/>\n<meta property=\"og:url\" content=\"https:\/\/nemocnica-bory.sk\/terminy-vyberovych-konani\/\" \/>\n<meta property=\"og:site_name\" content=\"Nemocnica Bory\" \/>\n<meta property=\"article:publisher\" content=\"https:\/\/www.facebook.com\/nemocnicabory\/\" \/>\n<meta property=\"article:modified_time\" content=\"2025-06-05T11:29:47+00:00\" \/>\n<meta property=\"og:image\" content=\"https:\/\/nemocnica-bory.sk\/wp-content\/uploads\/2020\/07\/IMG-1005_2small.jpg\" \/>\n\t<meta property=\"og:image:width\" content=\"960\" \/>\n\t<meta property=\"og:image:height\" content=\"640\" \/>\n\t<meta property=\"og:image:type\" content=\"image\/jpeg\" \/>\n<meta name=\"twitter:card\" content=\"summary_large_image\" \/>\n<meta name=\"twitter:label1\" content=\"Est. reading time\" \/>\n\t<meta name=\"twitter:data1\" content=\"1 minute\" \/>\n<script type=\"application\/ld+json\" class=\"yoast-schema-graph\">{\"@context\":\"https:\/\/schema.org\",\"@graph\":[{\"@type\":\"WebPage\",\"@id\":\"https:\/\/nemocnica-bory.sk\/terminy-vyberovych-konani\/\",\"url\":\"https:\/\/nemocnica-bory.sk\/terminy-vyberovych-konani\/\",\"name\":\"Term\u00edny v\u00fdberov\u00fdch konan\u00ed\",\"isPartOf\":{\"@id\":\"https:\/\/nemocnica-bory.sk\/#website\"},\"primaryImageOfPage\":{\"@id\":\"https:\/\/nemocnica-bory.sk\/terminy-vyberovych-konani\/#primaryimage\"},\"image\":{\"@id\":\"https:\/\/nemocnica-bory.sk\/terminy-vyberovych-konani\/#primaryimage\"},\"thumbnailUrl\":\"https:\/\/nemocnica-bory.sk\/wp-content\/uploads\/2020\/07\/IMG-1005_2small.jpg\",\"datePublished\":\"2020-04-23T14:55:17+00:00\",\"dateModified\":\"2025-06-05T11:29:47+00:00\",\"description\":\"V Nemocnici Bory n\u00e1s pracuje vy\u0161e 1200 a st\u00e1le h\u013ead\u00e1me do na\u0161ich t\u00edmov kolegov, ktor\u00fdch vyber\u00e1me a prij\u00edmame postupne.\",\"breadcrumb\":{\"@id\":\"https:\/\/nemocnica-bory.sk\/terminy-vyberovych-konani\/#breadcrumb\"},\"inLanguage\":\"en-US\",\"potentialAction\":[{\"@type\":\"ReadAction\",\"target\":[\"https:\/\/nemocnica-bory.sk\/terminy-vyberovych-konani\/\"]}]},{\"@type\":\"ImageObject\",\"inLanguage\":\"en-US\",\"@id\":\"https:\/\/nemocnica-bory.sk\/terminy-vyberovych-konani\/#primaryimage\",\"url\":\"https:\/\/nemocnica-bory.sk\/wp-content\/uploads\/2020\/07\/IMG-1005_2small.jpg\",\"contentUrl\":\"https:\/\/nemocnica-bory.sk\/wp-content\/uploads\/2020\/07\/IMG-1005_2small.jpg\",\"width\":960,\"height\":640,\"caption\":\"nemocnica bory terminy vyberovych konani komisia pohovor business zena pero 3\"},{\"@type\":\"BreadcrumbList\",\"@id\":\"https:\/\/nemocnica-bory.sk\/terminy-vyberovych-konani\/#breadcrumb\",\"itemListElement\":[{\"@type\":\"ListItem\",\"position\":1,\"name\":\"Home\",\"item\":\"https:\/\/nemocnica-bory.sk\/en\/\"},{\"@type\":\"ListItem\",\"position\":2,\"name\":\"Term\u00edny v\u00fdberov\u00fdch konan\u00ed\"}]},{\"@type\":\"WebSite\",\"@id\":\"https:\/\/nemocnica-bory.sk\/#website\",\"url\":\"https:\/\/nemocnica-bory.sk\/\",\"name\":\"Nemocnica Bory\",\"description\":\"Nemocnica Bory\",\"publisher\":{\"@id\":\"https:\/\/nemocnica-bory.sk\/#organization\"},\"potentialAction\":[{\"@type\":\"SearchAction\",\"target\":{\"@type\":\"EntryPoint\",\"urlTemplate\":\"https:\/\/nemocnica-bory.sk\/?s={search_term_string}\"},\"query-input\":{\"@type\":\"PropertyValueSpecification\",\"valueRequired\":true,\"valueName\":\"search_term_string\"}}],\"inLanguage\":\"en-US\"},{\"@type\":\"Organization\",\"@id\":\"https:\/\/nemocnica-bory.sk\/#organization\",\"name\":\"Penta Hospitals\",\"url\":\"https:\/\/nemocnica-bory.sk\/\",\"logo\":{\"@type\":\"ImageObject\",\"inLanguage\":\"en-US\",\"@id\":\"https:\/\/nemocnica-bory.sk\/#\/schema\/logo\/image\/\",\"url\":\"https:\/\/nemocnica-bory.sk\/wp-content\/uploads\/2024\/05\/PH_bory_horizontal.png\",\"contentUrl\":\"https:\/\/nemocnica-bory.sk\/wp-content\/uploads\/2024\/05\/PH_bory_horizontal.png\",\"width\":1832,\"height\":513,\"caption\":\"Penta Hospitals\"},\"image\":{\"@id\":\"https:\/\/nemocnica-bory.sk\/#\/schema\/logo\/image\/\"},\"sameAs\":[\"https:\/\/www.facebook.com\/nemocnicabory\/\",\"https:\/\/www.linkedin.com\/company\/79088908\",\"https:\/\/www.instagram.com\/nemocnicabory\/\"]}]}<\/script>\n<!-- \/ Yoast SEO plugin. -->","yoast_head_json":{"title":"Term\u00edny v\u00fdberov\u00fdch konan\u00ed","description":"V Nemocnici Bory n\u00e1s pracuje vy\u0161e 1200 a st\u00e1le h\u013ead\u00e1me do na\u0161ich t\u00edmov kolegov, ktor\u00fdch vyber\u00e1me a prij\u00edmame postupne.","robots":{"index":"index","follow":"follow","max-snippet":"max-snippet:-1","max-image-preview":"max-image-preview:large","max-video-preview":"max-video-preview:-1"},"canonical":"https:\/\/nemocnica-bory.sk\/terminy-vyberovych-konani\/","og_locale":"en_US","og_type":"article","og_title":"Term\u00edny v\u00fdberov\u00fdch konan\u00ed","og_description":"V Nemocnici Bory n\u00e1s pracuje vy\u0161e 1200 a st\u00e1le h\u013ead\u00e1me do na\u0161ich t\u00edmov kolegov, ktor\u00fdch vyber\u00e1me a prij\u00edmame postupne.","og_url":"https:\/\/nemocnica-bory.sk\/terminy-vyberovych-konani\/","og_site_name":"Nemocnica Bory","article_publisher":"https:\/\/www.facebook.com\/nemocnicabory\/","article_modified_time":"2025-06-05T11:29:47+00:00","og_image":[{"width":960,"height":640,"url":"https:\/\/nemocnica-bory.sk\/wp-content\/uploads\/2020\/07\/IMG-1005_2small.jpg","type":"image\/jpeg"}],"twitter_card":"summary_large_image","twitter_misc":{"Est. reading time":"1 minute"},"schema":{"@context":"https:\/\/schema.org","@graph":[{"@type":"WebPage","@id":"https:\/\/nemocnica-bory.sk\/terminy-vyberovych-konani\/","url":"https:\/\/nemocnica-bory.sk\/terminy-vyberovych-konani\/","name":"Term\u00edny v\u00fdberov\u00fdch konan\u00ed","isPartOf":{"@id":"https:\/\/nemocnica-bory.sk\/#website"},"primaryImageOfPage":{"@id":"https:\/\/nemocnica-bory.sk\/terminy-vyberovych-konani\/#primaryimage"},"image":{"@id":"https:\/\/nemocnica-bory.sk\/terminy-vyberovych-konani\/#primaryimage"},"thumbnailUrl":"https:\/\/nemocnica-bory.sk\/wp-content\/uploads\/2020\/07\/IMG-1005_2small.jpg","datePublished":"2020-04-23T14:55:17+00:00","dateModified":"2025-06-05T11:29:47+00:00","description":"V Nemocnici Bory n\u00e1s pracuje vy\u0161e 1200 a st\u00e1le h\u013ead\u00e1me do na\u0161ich t\u00edmov kolegov, ktor\u00fdch vyber\u00e1me a prij\u00edmame postupne.","breadcrumb":{"@id":"https:\/\/nemocnica-bory.sk\/terminy-vyberovych-konani\/#breadcrumb"},"inLanguage":"en-US","potentialAction":[{"@type":"ReadAction","target":["https:\/\/nemocnica-bory.sk\/terminy-vyberovych-konani\/"]}]},{"@type":"ImageObject","inLanguage":"en-US","@id":"https:\/\/nemocnica-bory.sk\/terminy-vyberovych-konani\/#primaryimage","url":"https:\/\/nemocnica-bory.sk\/wp-content\/uploads\/2020\/07\/IMG-1005_2small.jpg","contentUrl":"https:\/\/nemocnica-bory.sk\/wp-content\/uploads\/2020\/07\/IMG-1005_2small.jpg","width":960,"height":640,"caption":"nemocnica bory terminy vyberovych konani komisia pohovor business zena pero 3"},{"@type":"BreadcrumbList","@id":"https:\/\/nemocnica-bory.sk\/terminy-vyberovych-konani\/#breadcrumb","itemListElement":[{"@type":"ListItem","position":1,"name":"Home","item":"https:\/\/nemocnica-bory.sk\/en\/"},{"@type":"ListItem","position":2,"name":"Term\u00edny v\u00fdberov\u00fdch konan\u00ed"}]},{"@type":"WebSite","@id":"https:\/\/nemocnica-bory.sk\/#website","url":"https:\/\/nemocnica-bory.sk\/","name":"Nemocnica Bory","description":"Nemocnica Bory","publisher":{"@id":"https:\/\/nemocnica-bory.sk\/#organization"},"potentialAction":[{"@type":"SearchAction","target":{"@type":"EntryPoint","urlTemplate":"https:\/\/nemocnica-bory.sk\/?s={search_term_string}"},"query-input":{"@type":"PropertyValueSpecification","valueRequired":true,"valueName":"search_term_string"}}],"inLanguage":"en-US"},{"@type":"Organization","@id":"https:\/\/nemocnica-bory.sk\/#organization","name":"Penta Hospitals","url":"https:\/\/nemocnica-bory.sk\/","logo":{"@type":"ImageObject","inLanguage":"en-US","@id":"https:\/\/nemocnica-bory.sk\/#\/schema\/logo\/image\/","url":"https:\/\/nemocnica-bory.sk\/wp-content\/uploads\/2024\/05\/PH_bory_horizontal.png","contentUrl":"https:\/\/nemocnica-bory.sk\/wp-content\/uploads\/2024\/05\/PH_bory_horizontal.png","width":1832,"height":513,"caption":"Penta Hospitals"},"image":{"@id":"https:\/\/nemocnica-bory.sk\/#\/schema\/logo\/image\/"},"sameAs":["https:\/\/www.facebook.com\/nemocnicabory\/","https:\/\/www.linkedin.com\/company\/79088908","https:\/\/www.instagram.com\/nemocnicabory\/"]}]}},"_links":{"self":[{"href":"https:\/\/nemocnica-bory.sk\/en\/wp-json\/wp\/v2\/pages\/660"}],"collection":[{"href":"https:\/\/nemocnica-bory.sk\/en\/wp-json\/wp\/v2\/pages"}],"about":[{"href":"https:\/\/nemocnica-bory.sk\/en\/wp-json\/wp\/v2\/types\/page"}],"author":[{"embeddable":true,"href":"https:\/\/nemocnica-bory.sk\/en\/wp-json\/wp\/v2\/users\/9"}],"replies":[{"embeddable":true,"href":"https:\/\/nemocnica-bory.sk\/en\/wp-json\/wp\/v2\/comments?post=660"}],"version-history":[{"count":0,"href":"https:\/\/nemocnica-bory.sk\/en\/wp-json\/wp\/v2\/pages\/660\/revisions"}],"wp:featuredmedia":[{"embeddable":true,"href":"https:\/\/nemocnica-bory.sk\/en\/wp-json\/wp\/v2\/media\/3231"}],"wp:attachment":[{"href":"https:\/\/nemocnica-bory.sk\/en\/wp-json\/wp\/v2\/media?parent=660"}],"curies":[{"name":"wp","href":"https:\/\/api.w.org\/{rel}","templated":true}]}}