{"id":8702,"date":"2023-01-25T14:38:39","date_gmt":"2023-01-25T13:38:39","guid":{"rendered":"https:\/\/nemocnica-bory.sk\/?page_id=8702"},"modified":"2023-01-25T14:41:17","modified_gmt":"2023-01-25T13:41:17","slug":"komentovana-prehliadka-registracia-230214","status":"publish","type":"page","link":"https:\/\/nemocnica-bory.sk\/en\/komentovana-prehliadka-registracia-230214\/","title":{"rendered":"Komentovan\u00e1 prehliadka &#8211; registr\u00e1cia &#8211; 230214"},"content":{"rendered":"<div id=\"pl-8702\"  class=\"panel-layout\" ><div id=\"pg-8702-0\"  class=\"panel-grid panel-no-style\" ><div id=\"pgc-8702-0-0\"  class=\"panel-grid-cell panel-grid-cell-empty\" ><\/div><div id=\"pgc-8702-0-1\"  class=\"panel-grid-cell panel-grid-cell-mobile-last\" ><div id=\"panel-8702-0-1-0\" class=\"so-panel widget widget_text panel-first-child panel-last-child\" data-index=\"0\" >\t\t\t<div class=\"textwidget\"><p>Prihl\u00e1senie na komentovan\u00fa prehliadku<\/p>\n<p>14. 2. | Komentovan\u00e9 prehliadky pracov\u00edsk Nemocnice Bory s mana\u017e\u00e9rkami o\u0161etrovate\u013estva a ved\u00facimi sestrami | 16.30 &#8211; 18.00<\/p>\n<\/div>\n\t\t<\/div><\/div><div id=\"pgc-8702-0-2\"  class=\"panel-grid-cell panel-grid-cell-empty\" ><\/div><\/div><div id=\"pg-8702-1\"  class=\"panel-grid panel-no-style\" ><div id=\"pgc-8702-1-0\"  class=\"panel-grid-cell panel-grid-cell-empty\" ><\/div><div id=\"pgc-8702-1-1\"  class=\"panel-grid-cell panel-grid-cell-mobile-last\" ><div id=\"panel-8702-1-1-0\" class=\"so-panel widget widget_sow-editor panel-first-child panel-last-child\" data-index=\"1\" ><div\n\t\t\t\n\t\t\tclass=\"so-widget-sow-editor so-widget-sow-editor-base\"\n\t\t\t\n\t\t>\n<div class=\"siteorigin-widget-tinymce textwidget\">\n\t\n<\/div>\n<\/div><\/div><\/div><div id=\"pgc-8702-1-2\"  class=\"panel-grid-cell panel-grid-cell-empty\" ><\/div><\/div><\/div>","protected":false},"excerpt":{"rendered":"<p>Prihl\u00e1senie na komentovan\u00fa prehliadku 14. 2. | Komentovan\u00e9 prehliadky pracov\u00edsk Nemocnice Bory s mana\u017e\u00e9rkami o\u0161etrovate\u013estva a ved\u00facimi sestrami | 16.30 &#8211; 18.00<\/p>\n","protected":false},"author":16,"featured_media":3509,"parent":0,"menu_order":0,"comment_status":"closed","ping_status":"closed","template":"","meta":{"_acf_changed":false,"iawp_total_views":1,"footnotes":""},"class_list":["post-8702","page","type-page","status-publish","has-post-thumbnail","hentry"],"acf":[],"yoast_head":"<!-- This site is optimized with the Yoast SEO plugin v25.6 - https:\/\/yoast.com\/wordpress\/plugins\/seo\/ -->\n<title>Komentovan\u00e9 prehliadky pracov\u00edsk Nemocnice Bory.<\/title>\n<meta name=\"description\" content=\"Na\u0161e kolegyne z mana\u017ementu o\u0161etrovate\u013estva V\u00e1s preved\u00fa pracoviskami nemocnice a detailne vysvetlia ako bude vyzera\u0165 pr\u00e1ca v na\u0161ej nemocnici.\" \/>\n<meta name=\"robots\" content=\"noindex, nofollow\" \/>\n<meta property=\"og:locale\" content=\"en_US\" \/>\n<meta property=\"og:type\" content=\"article\" \/>\n<meta property=\"og:title\" content=\"Komentovan\u00e9 prehliadky pracov\u00edsk Nemocnice Bory.\" \/>\n<meta property=\"og:description\" content=\"Na\u0161e kolegyne z mana\u017ementu o\u0161etrovate\u013estva V\u00e1s preved\u00fa pracoviskami nemocnice a detailne vysvetlia ako bude vyzera\u0165 pr\u00e1ca v na\u0161ej nemocnici.\" \/>\n<meta property=\"og:url\" content=\"https:\/\/nemocnica-bory.sk\/komentovana-prehliadka-registracia-230214\/\" \/>\n<meta property=\"og:site_name\" content=\"Nemocnica Bory\" \/>\n<meta property=\"article:publisher\" content=\"https:\/\/www.facebook.com\/nemocnicabory\/\" \/>\n<meta property=\"article:modified_time\" content=\"2023-01-25T13:41:17+00:00\" \/>\n<meta property=\"og:image\" content=\"https:\/\/nemocnica-bory.sk\/wp-content\/uploads\/2020\/09\/nemocnica-bory_diigtalne-workshopy.jpg\" \/>\n\t<meta property=\"og:image:width\" content=\"1200\" \/>\n\t<meta property=\"og:image:height\" content=\"801\" \/>\n\t<meta property=\"og:image:type\" content=\"image\/jpeg\" \/>\n<meta name=\"twitter:card\" content=\"summary_large_image\" \/>\n<meta name=\"twitter:label1\" content=\"Est. reading time\" \/>\n\t<meta name=\"twitter:data1\" content=\"1 minute\" \/>\n<script type=\"application\/ld+json\" class=\"yoast-schema-graph\">{\"@context\":\"https:\/\/schema.org\",\"@graph\":[{\"@type\":\"WebPage\",\"@id\":\"https:\/\/nemocnica-bory.sk\/komentovana-prehliadka-registracia-230214\/\",\"url\":\"https:\/\/nemocnica-bory.sk\/komentovana-prehliadka-registracia-230214\/\",\"name\":\"Komentovan\u00e9 prehliadky pracov\u00edsk Nemocnice Bory.\",\"isPartOf\":{\"@id\":\"https:\/\/nemocnica-bory.sk\/#website\"},\"primaryImageOfPage\":{\"@id\":\"https:\/\/nemocnica-bory.sk\/komentovana-prehliadka-registracia-230214\/#primaryimage\"},\"image\":{\"@id\":\"https:\/\/nemocnica-bory.sk\/komentovana-prehliadka-registracia-230214\/#primaryimage\"},\"thumbnailUrl\":\"https:\/\/nemocnica-bory.sk\/wp-content\/uploads\/2020\/09\/nemocnica-bory_diigtalne-workshopy.jpg\",\"datePublished\":\"2023-01-25T13:38:39+00:00\",\"dateModified\":\"2023-01-25T13:41:17+00:00\",\"description\":\"Na\u0161e kolegyne z mana\u017ementu o\u0161etrovate\u013estva V\u00e1s preved\u00fa pracoviskami nemocnice a detailne vysvetlia ako bude vyzera\u0165 pr\u00e1ca v na\u0161ej nemocnici.\",\"breadcrumb\":{\"@id\":\"https:\/\/nemocnica-bory.sk\/komentovana-prehliadka-registracia-230214\/#breadcrumb\"},\"inLanguage\":\"en-US\",\"potentialAction\":[{\"@type\":\"ReadAction\",\"target\":[\"https:\/\/nemocnica-bory.sk\/komentovana-prehliadka-registracia-230214\/\"]}]},{\"@type\":\"ImageObject\",\"inLanguage\":\"en-US\",\"@id\":\"https:\/\/nemocnica-bory.sk\/komentovana-prehliadka-registracia-230214\/#primaryimage\",\"url\":\"https:\/\/nemocnica-bory.sk\/wp-content\/uploads\/2020\/09\/nemocnica-bory_diigtalne-workshopy.jpg\",\"contentUrl\":\"https:\/\/nemocnica-bory.sk\/wp-content\/uploads\/2020\/09\/nemocnica-bory_diigtalne-workshopy.jpg\",\"width\":1200,\"height\":801,\"caption\":\"nemocnica-bory_digitalne-workshopy\"},{\"@type\":\"BreadcrumbList\",\"@id\":\"https:\/\/nemocnica-bory.sk\/komentovana-prehliadka-registracia-230214\/#breadcrumb\",\"itemListElement\":[{\"@type\":\"ListItem\",\"position\":1,\"name\":\"Home\",\"item\":\"https:\/\/nemocnica-bory.sk\/en\/\"},{\"@type\":\"ListItem\",\"position\":2,\"name\":\"Komentovan\u00e1 prehliadka &#8211; registr\u00e1cia &#8211; 230214\"}]},{\"@type\":\"WebSite\",\"@id\":\"https:\/\/nemocnica-bory.sk\/#website\",\"url\":\"https:\/\/nemocnica-bory.sk\/\",\"name\":\"Nemocnica Bory\",\"description\":\"Nemocnica Bory\",\"publisher\":{\"@id\":\"https:\/\/nemocnica-bory.sk\/#organization\"},\"potentialAction\":[{\"@type\":\"SearchAction\",\"target\":{\"@type\":\"EntryPoint\",\"urlTemplate\":\"https:\/\/nemocnica-bory.sk\/?s={search_term_string}\"},\"query-input\":{\"@type\":\"PropertyValueSpecification\",\"valueRequired\":true,\"valueName\":\"search_term_string\"}}],\"inLanguage\":\"en-US\"},{\"@type\":\"Organization\",\"@id\":\"https:\/\/nemocnica-bory.sk\/#organization\",\"name\":\"Penta Hospitals\",\"url\":\"https:\/\/nemocnica-bory.sk\/\",\"logo\":{\"@type\":\"ImageObject\",\"inLanguage\":\"en-US\",\"@id\":\"https:\/\/nemocnica-bory.sk\/#\/schema\/logo\/image\/\",\"url\":\"https:\/\/nemocnica-bory.sk\/wp-content\/uploads\/2024\/05\/PH_bory_horizontal.png\",\"contentUrl\":\"https:\/\/nemocnica-bory.sk\/wp-content\/uploads\/2024\/05\/PH_bory_horizontal.png\",\"width\":1832,\"height\":513,\"caption\":\"Penta Hospitals\"},\"image\":{\"@id\":\"https:\/\/nemocnica-bory.sk\/#\/schema\/logo\/image\/\"},\"sameAs\":[\"https:\/\/www.facebook.com\/nemocnicabory\/\",\"https:\/\/www.linkedin.com\/company\/79088908\",\"https:\/\/www.instagram.com\/nemocnicabory\/\"]}]}<\/script>\n<!-- \/ Yoast SEO plugin. -->","yoast_head_json":{"title":"Komentovan\u00e9 prehliadky pracov\u00edsk Nemocnice Bory.","description":"Na\u0161e kolegyne z mana\u017ementu o\u0161etrovate\u013estva V\u00e1s preved\u00fa pracoviskami nemocnice a detailne vysvetlia ako bude vyzera\u0165 pr\u00e1ca v na\u0161ej nemocnici.","robots":{"index":"noindex","follow":"nofollow"},"og_locale":"en_US","og_type":"article","og_title":"Komentovan\u00e9 prehliadky pracov\u00edsk Nemocnice Bory.","og_description":"Na\u0161e kolegyne z mana\u017ementu o\u0161etrovate\u013estva V\u00e1s preved\u00fa pracoviskami nemocnice a detailne vysvetlia ako bude vyzera\u0165 pr\u00e1ca v na\u0161ej nemocnici.","og_url":"https:\/\/nemocnica-bory.sk\/komentovana-prehliadka-registracia-230214\/","og_site_name":"Nemocnica Bory","article_publisher":"https:\/\/www.facebook.com\/nemocnicabory\/","article_modified_time":"2023-01-25T13:41:17+00:00","og_image":[{"width":1200,"height":801,"url":"https:\/\/nemocnica-bory.sk\/wp-content\/uploads\/2020\/09\/nemocnica-bory_diigtalne-workshopy.jpg","type":"image\/jpeg"}],"twitter_card":"summary_large_image","twitter_misc":{"Est. reading time":"1 minute"},"schema":{"@context":"https:\/\/schema.org","@graph":[{"@type":"WebPage","@id":"https:\/\/nemocnica-bory.sk\/komentovana-prehliadka-registracia-230214\/","url":"https:\/\/nemocnica-bory.sk\/komentovana-prehliadka-registracia-230214\/","name":"Komentovan\u00e9 prehliadky pracov\u00edsk Nemocnice Bory.","isPartOf":{"@id":"https:\/\/nemocnica-bory.sk\/#website"},"primaryImageOfPage":{"@id":"https:\/\/nemocnica-bory.sk\/komentovana-prehliadka-registracia-230214\/#primaryimage"},"image":{"@id":"https:\/\/nemocnica-bory.sk\/komentovana-prehliadka-registracia-230214\/#primaryimage"},"thumbnailUrl":"https:\/\/nemocnica-bory.sk\/wp-content\/uploads\/2020\/09\/nemocnica-bory_diigtalne-workshopy.jpg","datePublished":"2023-01-25T13:38:39+00:00","dateModified":"2023-01-25T13:41:17+00:00","description":"Na\u0161e kolegyne z mana\u017ementu o\u0161etrovate\u013estva V\u00e1s preved\u00fa pracoviskami nemocnice a detailne vysvetlia ako bude vyzera\u0165 pr\u00e1ca v na\u0161ej nemocnici.","breadcrumb":{"@id":"https:\/\/nemocnica-bory.sk\/komentovana-prehliadka-registracia-230214\/#breadcrumb"},"inLanguage":"en-US","potentialAction":[{"@type":"ReadAction","target":["https:\/\/nemocnica-bory.sk\/komentovana-prehliadka-registracia-230214\/"]}]},{"@type":"ImageObject","inLanguage":"en-US","@id":"https:\/\/nemocnica-bory.sk\/komentovana-prehliadka-registracia-230214\/#primaryimage","url":"https:\/\/nemocnica-bory.sk\/wp-content\/uploads\/2020\/09\/nemocnica-bory_diigtalne-workshopy.jpg","contentUrl":"https:\/\/nemocnica-bory.sk\/wp-content\/uploads\/2020\/09\/nemocnica-bory_diigtalne-workshopy.jpg","width":1200,"height":801,"caption":"nemocnica-bory_digitalne-workshopy"},{"@type":"BreadcrumbList","@id":"https:\/\/nemocnica-bory.sk\/komentovana-prehliadka-registracia-230214\/#breadcrumb","itemListElement":[{"@type":"ListItem","position":1,"name":"Home","item":"https:\/\/nemocnica-bory.sk\/en\/"},{"@type":"ListItem","position":2,"name":"Komentovan\u00e1 prehliadka &#8211; registr\u00e1cia &#8211; 230214"}]},{"@type":"WebSite","@id":"https:\/\/nemocnica-bory.sk\/#website","url":"https:\/\/nemocnica-bory.sk\/","name":"Nemocnica Bory","description":"Nemocnica Bory","publisher":{"@id":"https:\/\/nemocnica-bory.sk\/#organization"},"potentialAction":[{"@type":"SearchAction","target":{"@type":"EntryPoint","urlTemplate":"https:\/\/nemocnica-bory.sk\/?s={search_term_string}"},"query-input":{"@type":"PropertyValueSpecification","valueRequired":true,"valueName":"search_term_string"}}],"inLanguage":"en-US"},{"@type":"Organization","@id":"https:\/\/nemocnica-bory.sk\/#organization","name":"Penta Hospitals","url":"https:\/\/nemocnica-bory.sk\/","logo":{"@type":"ImageObject","inLanguage":"en-US","@id":"https:\/\/nemocnica-bory.sk\/#\/schema\/logo\/image\/","url":"https:\/\/nemocnica-bory.sk\/wp-content\/uploads\/2024\/05\/PH_bory_horizontal.png","contentUrl":"https:\/\/nemocnica-bory.sk\/wp-content\/uploads\/2024\/05\/PH_bory_horizontal.png","width":1832,"height":513,"caption":"Penta Hospitals"},"image":{"@id":"https:\/\/nemocnica-bory.sk\/#\/schema\/logo\/image\/"},"sameAs":["https:\/\/www.facebook.com\/nemocnicabory\/","https:\/\/www.linkedin.com\/company\/79088908","https:\/\/www.instagram.com\/nemocnicabory\/"]}]}},"_links":{"self":[{"href":"https:\/\/nemocnica-bory.sk\/en\/wp-json\/wp\/v2\/pages\/8702"}],"collection":[{"href":"https:\/\/nemocnica-bory.sk\/en\/wp-json\/wp\/v2\/pages"}],"about":[{"href":"https:\/\/nemocnica-bory.sk\/en\/wp-json\/wp\/v2\/types\/page"}],"author":[{"embeddable":true,"href":"https:\/\/nemocnica-bory.sk\/en\/wp-json\/wp\/v2\/users\/16"}],"replies":[{"embeddable":true,"href":"https:\/\/nemocnica-bory.sk\/en\/wp-json\/wp\/v2\/comments?post=8702"}],"version-history":[{"count":0,"href":"https:\/\/nemocnica-bory.sk\/en\/wp-json\/wp\/v2\/pages\/8702\/revisions"}],"wp:featuredmedia":[{"embeddable":true,"href":"https:\/\/nemocnica-bory.sk\/en\/wp-json\/wp\/v2\/media\/3509"}],"wp:attachment":[{"href":"https:\/\/nemocnica-bory.sk\/en\/wp-json\/wp\/v2\/media?parent=8702"}],"curies":[{"name":"wp","href":"https:\/\/api.w.org\/{rel}","templated":true}]}}