{"id":939,"date":"2020-04-24T11:55:41","date_gmt":"2020-04-24T09:55:41","guid":{"rendered":"https:\/\/www.nemocnica-bory.sk\/?page_id=939"},"modified":"2025-06-10T11:10:17","modified_gmt":"2025-06-10T09:10:17","slug":"programy","status":"publish","type":"page","link":"https:\/\/nemocnica-bory.sk\/en\/programy\/","title":{"rendered":"Programy"},"content":{"rendered":"<div id=\"pl-939\"  class=\"panel-layout\" ><div id=\"pg-939-0\"  class=\"panel-grid panel-has-style\" ><div class=\"panel-row-style panel-row-style-for-939-0\" ><div id=\"pgc-939-0-0\"  class=\"panel-grid-cell panel-grid-cell-empty\" ><\/div><div id=\"pgc-939-0-1\"  class=\"panel-grid-cell panel-grid-cell-mobile-last\" ><div id=\"panel-939-0-1-0\" class=\"so-panel widget widget_sow-editor panel-first-child panel-last-child\" data-index=\"0\" ><div\n\t\t\t\n\t\t\tclass=\"so-widget-sow-editor so-widget-sow-editor-base\"\n\t\t\t\n\t\t>\n<div class=\"siteorigin-widget-tinymce textwidget\">\n\t<p class=\"nadpis\" style=\"text-align: center;\">V nemocnici Bory je pacient na prvom mieste a teda aj jeho klinick\u00e1 cesta po nemocnici povedie k \u010do najefekt\u00edvnej\u0161iemu lie\u010deniu. Uplat\u0148ujeme interdisciplin\u00e1rny pr\u00edstup, \u010di\u017ee spolupr\u00e1cu odborn\u00edkov viacer\u00fdch \u0161pecializ\u00e1ci\u00ed. Tie sa s\u00fastredia v \u0161iestich interdisciplin\u00e1rnych medic\u00ednskych programoch.<\/p>\n<\/div>\n<\/div><\/div><\/div><div id=\"pgc-939-0-2\"  class=\"panel-grid-cell panel-grid-cell-empty\" ><\/div><\/div><\/div><div id=\"pg-939-1\"  class=\"panel-grid panel-has-style\" ><div class=\"siteorigin-panels-stretch panel-row-style panel-row-style-for-939-1\" data-stretch-type=\"full\" ><div id=\"pgc-939-1-0\"  class=\"panel-grid-cell\" ><div id=\"panel-939-1-0-0\" class=\"so-panel widget widget_text_icl panel-first-child panel-last-child\" data-index=\"1\" >  <div class=\"programs-list-component\">\n    <div class=\"list\">\n            <div class=\"item\">\n        <div class=\"programs-list-item-container\">\n  <a href=\"https:\/\/nemocnica-bory.sk\/program\/zena-a-dieta\/\" title=\"\">\n    <figure><img decoding=\"async\" width=\"992\" height=\"662\" src=\"https:\/\/nemocnica-bory.sk\/wp-content\/uploads\/2020\/04\/nemocnica-bory-sk_program-zena-a-dieta_4.jpg-992x662.jpg\" class=\"attachment-md size-md\" alt=\"nemocnica bory - porodnica - neonatologia pediater inkubator\" srcset=\"https:\/\/nemocnica-bory.sk\/wp-content\/uploads\/2020\/04\/nemocnica-bory-sk_program-zena-a-dieta_4.jpg-992x662.jpg 992w, https:\/\/nemocnica-bory.sk\/wp-content\/uploads\/2020\/04\/nemocnica-bory-sk_program-zena-a-dieta_4.jpg-300x200.jpg 300w, https:\/\/nemocnica-bory.sk\/wp-content\/uploads\/2020\/04\/nemocnica-bory-sk_program-zena-a-dieta_4.jpg-1024x683.jpg 1024w, https:\/\/nemocnica-bory.sk\/wp-content\/uploads\/2020\/04\/nemocnica-bory-sk_program-zena-a-dieta_4.jpg-768x512.jpg 768w, https:\/\/nemocnica-bory.sk\/wp-content\/uploads\/2020\/04\/nemocnica-bory-sk_program-zena-a-dieta_4.jpg-1536x1024.jpg 1536w, https:\/\/nemocnica-bory.sk\/wp-content\/uploads\/2020\/04\/nemocnica-bory-sk_program-zena-a-dieta_4.jpg-480x320.jpg 480w, https:\/\/nemocnica-bory.sk\/wp-content\/uploads\/2020\/04\/nemocnica-bory-sk_program-zena-a-dieta_4.jpg-1200x800.jpg 1200w, https:\/\/nemocnica-bory.sk\/wp-content\/uploads\/2020\/04\/nemocnica-bory-sk_program-zena-a-dieta_4.jpg-272x182.jpg 272w, https:\/\/nemocnica-bory.sk\/wp-content\/uploads\/2020\/04\/nemocnica-bory-sk_program-zena-a-dieta_4.jpg.jpg 1600w\" sizes=\"(max-width: 992px) 100vw, 992px\" \/><\/figure>\n    <div class=\"body\">\n      <div class=\"inner\">\n\t\t  <h3 class=\"title\">Program \u017eena a die\u0165a<\/h3>\n        <div class=\"description\">Medic\u00ednsky program \u017dena a\u00a0die\u0165a sa bude prim\u00e1rne orientova\u0165 na matky v obdob\u00ed tehotenstva, p\u00f4rodu a po p\u00f4rode vr\u00e1tane ambulantnej zdravotnej starostlivosti. Pre\u00a0novorodencov so zdravotn\u00fdmi probl\u00e9mami bude zriaden\u00e9 pracovisko neonatologickej intenz\u00edvnej starostlivosti. Program zah\u0155\u0148a aj komplexn\u00e9 spektrum vy\u0161etren\u00ed a\u00a0z\u00e1krokov v\u00a0oblasti gynekol\u00f3gie, pediatrick\u00e9 ambulancie a detsk\u00fa pohotovostn\u00fa slu\u017ebu.<\/div>\n        <div class=\"more-content\">\n          <div class=\"inner\">\n            <div class=\"buttons-container\">\n              <span class=\"button button-color-white button-inverse\">Zisti viac<\/span>\n            <\/div>\n          <\/div>\n        <\/div>\n      <\/div>\n    <\/div>\n  <\/a>\n<\/div>      <\/div>\n            <div class=\"item\">\n        <div class=\"programs-list-item-container\">\n  <a href=\"https:\/\/nemocnica-bory.sk\/program\/poruchy-metabolizmu-a-travenia\/\" title=\"\">\n    <figure><img decoding=\"async\" width=\"992\" height=\"662\" src=\"https:\/\/nemocnica-bory.sk\/wp-content\/uploads\/2020\/04\/nemocnica-bory-sk_program-poruch-metabolizmu-a-travenia-1-2-992x662.jpg\" class=\"attachment-md size-md\" alt=\"program poruchz metabolizmu a travenia\" srcset=\"https:\/\/nemocnica-bory.sk\/wp-content\/uploads\/2020\/04\/nemocnica-bory-sk_program-poruch-metabolizmu-a-travenia-1-2-992x662.jpg 992w, https:\/\/nemocnica-bory.sk\/wp-content\/uploads\/2020\/04\/nemocnica-bory-sk_program-poruch-metabolizmu-a-travenia-1-2-300x200.jpg 300w, https:\/\/nemocnica-bory.sk\/wp-content\/uploads\/2020\/04\/nemocnica-bory-sk_program-poruch-metabolizmu-a-travenia-1-2-1024x683.jpg 1024w, https:\/\/nemocnica-bory.sk\/wp-content\/uploads\/2020\/04\/nemocnica-bory-sk_program-poruch-metabolizmu-a-travenia-1-2-768x512.jpg 768w, https:\/\/nemocnica-bory.sk\/wp-content\/uploads\/2020\/04\/nemocnica-bory-sk_program-poruch-metabolizmu-a-travenia-1-2-1536x1024.jpg 1536w, https:\/\/nemocnica-bory.sk\/wp-content\/uploads\/2020\/04\/nemocnica-bory-sk_program-poruch-metabolizmu-a-travenia-1-2-480x320.jpg 480w, https:\/\/nemocnica-bory.sk\/wp-content\/uploads\/2020\/04\/nemocnica-bory-sk_program-poruch-metabolizmu-a-travenia-1-2-1200x800.jpg 1200w, https:\/\/nemocnica-bory.sk\/wp-content\/uploads\/2020\/04\/nemocnica-bory-sk_program-poruch-metabolizmu-a-travenia-1-2-272x182.jpg 272w, https:\/\/nemocnica-bory.sk\/wp-content\/uploads\/2020\/04\/nemocnica-bory-sk_program-poruch-metabolizmu-a-travenia-1-2.jpg 1600w\" sizes=\"(max-width: 992px) 100vw, 992px\" \/><\/figure>\n    <div class=\"body\">\n      <div class=\"inner\">\n\t\t  <h3 class=\"title\">Program por\u00fach metabolizmu a tr\u00e1venia<\/h3>\n        <div class=\"description\">Medic\u00ednsky program zameran\u00fd na metabolizmus a\u00a0tr\u00e1venie sa bude \u0161pecializova\u0165 na lie\u010dbu chronick\u00fdch ochoren\u00ed pe\u010dene, pankreasu,\u00a0\u017el\u010dov\u00fdch ciest a obli\u010diek. Jeho s\u00fa\u010das\u0165ou bude aj \u0161pi\u010dkov\u00e1 chirurgia a odstra\u0148ovanie \u0161kodliv\u00fdch l\u00e1tok z\u00a0krvi na dialyza\u010dnom pracovisku.<\/div>\n        <div class=\"more-content\">\n          <div class=\"inner\">\n            <div class=\"buttons-container\">\n              <span class=\"button button-color-white button-inverse\">Zisti viac<\/span>\n            <\/div>\n          <\/div>\n        <\/div>\n      <\/div>\n    <\/div>\n  <\/a>\n<\/div>      <\/div>\n            <div class=\"item\">\n        <div class=\"programs-list-item-container\">\n  <a href=\"https:\/\/nemocnica-bory.sk\/program\/ortopedicko-traumatologicky-program\/\" title=\"\">\n    <figure><img decoding=\"async\" width=\"992\" height=\"554\" src=\"https:\/\/nemocnica-bory.sk\/wp-content\/uploads\/2020\/04\/5ae09035edfc8-1-992x554.jpg\" class=\"attachment-md size-md\" alt=\"Ortopedicko traumatologicke oddelenie Nemocnica Bory program\" srcset=\"https:\/\/nemocnica-bory.sk\/wp-content\/uploads\/2020\/04\/5ae09035edfc8-1-992x554.jpg 992w, https:\/\/nemocnica-bory.sk\/wp-content\/uploads\/2020\/04\/5ae09035edfc8-1-300x168.jpg 300w, https:\/\/nemocnica-bory.sk\/wp-content\/uploads\/2020\/04\/5ae09035edfc8-1-1024x572.jpg 1024w, https:\/\/nemocnica-bory.sk\/wp-content\/uploads\/2020\/04\/5ae09035edfc8-1-768x429.jpg 768w, https:\/\/nemocnica-bory.sk\/wp-content\/uploads\/2020\/04\/5ae09035edfc8-1-1536x858.jpg 1536w, https:\/\/nemocnica-bory.sk\/wp-content\/uploads\/2020\/04\/5ae09035edfc8-1-480x268.jpg 480w, https:\/\/nemocnica-bory.sk\/wp-content\/uploads\/2020\/04\/5ae09035edfc8-1-1200x670.jpg 1200w, https:\/\/nemocnica-bory.sk\/wp-content\/uploads\/2020\/04\/5ae09035edfc8-1.jpg 2000w\" sizes=\"(max-width: 992px) 100vw, 992px\" \/><\/figure>\n    <div class=\"body\">\n      <div class=\"inner\">\n\t\t  <h3 class=\"title\">Ortopedicko-traumatologick\u00fd program<\/h3>\n        <div class=\"description\">Ortopedicko-traumatologick\u00fd program sa bude venova\u0165 monotraum\u00e1m, \u010di\u017ee poraneniam jedn\u00e9ho org\u00e1nov\u00e9ho syst\u00e9mu alebo \u010dasti tela, prioritne \u00farazom hlavy a pohybov\u00e9ho \u00fastrojenstva. V ortopedickej \u010dasti sa bude \u0161pecializova\u0165 na endoprotetiku, s\u00a0d\u00f4razom na rev\u00edzne oper\u00e1cie umel\u00fdch n\u00e1hrad kolenn\u00fdch a bedrov\u00fdch k\u013abov.<\/div>\n        <div class=\"more-content\">\n          <div class=\"inner\">\n            <div class=\"buttons-container\">\n              <span class=\"button button-color-white button-inverse\">Zisti viac<\/span>\n            <\/div>\n          <\/div>\n        <\/div>\n      <\/div>\n    <\/div>\n  <\/a>\n<\/div>      <\/div>\n            <div class=\"item\">\n        <div class=\"programs-list-item-container\">\n  <a href=\"https:\/\/nemocnica-bory.sk\/program\/onkologicky-program\/\" title=\"\">\n    <figure><img decoding=\"async\" width=\"992\" height=\"644\" src=\"https:\/\/nemocnica-bory.sk\/wp-content\/uploads\/2020\/04\/nemocnica-bory-onkologicky-program-1600x1039-1-992x644.jpg\" class=\"attachment-md size-md\" alt=\"nemocnica bory onkologicky program\" srcset=\"https:\/\/nemocnica-bory.sk\/wp-content\/uploads\/2020\/04\/nemocnica-bory-onkologicky-program-1600x1039-1-992x644.jpg 992w, https:\/\/nemocnica-bory.sk\/wp-content\/uploads\/2020\/04\/nemocnica-bory-onkologicky-program-1600x1039-1-300x195.jpg 300w, https:\/\/nemocnica-bory.sk\/wp-content\/uploads\/2020\/04\/nemocnica-bory-onkologicky-program-1600x1039-1-1024x665.jpg 1024w, https:\/\/nemocnica-bory.sk\/wp-content\/uploads\/2020\/04\/nemocnica-bory-onkologicky-program-1600x1039-1-768x499.jpg 768w, https:\/\/nemocnica-bory.sk\/wp-content\/uploads\/2020\/04\/nemocnica-bory-onkologicky-program-1600x1039-1-1536x997.jpg 1536w, https:\/\/nemocnica-bory.sk\/wp-content\/uploads\/2020\/04\/nemocnica-bory-onkologicky-program-1600x1039-1-480x312.jpg 480w, https:\/\/nemocnica-bory.sk\/wp-content\/uploads\/2020\/04\/nemocnica-bory-onkologicky-program-1600x1039-1-1200x779.jpg 1200w, https:\/\/nemocnica-bory.sk\/wp-content\/uploads\/2020\/04\/nemocnica-bory-onkologicky-program-1600x1039-1.jpg 1600w\" sizes=\"(max-width: 992px) 100vw, 992px\" \/><\/figure>\n    <div class=\"body\">\n      <div class=\"inner\">\n\t\t  <h3 class=\"title\">Onkologick\u00fd program<\/h3>\n        <div class=\"description\">Onkologick\u00fd program bude zastre\u0161ova\u0165 nielen v\u0161eobecn\u00fa starostlivos\u0165 o\u00a0pacientov s\u00a0n\u00e1dorov\u00fdmi ochoreniami, ale bude sa \u0161pecializova\u0165 aj na komplexn\u00fa lie\u010dbu niektor\u00fdch typov karcin\u00f3mov vr\u00e1tane ve\u013emi n\u00e1ro\u010dn\u00fdch diagn\u00f3z. Starostlivos\u0165 o pacienta bude prebieha\u0165 koordinovane za \u00fa\u010dasti v\u0161etk\u00fdch potrebn\u00fdch \u0161pecialistov v\u00a0s\u00falade s\u00a0overen\u00fdmi medic\u00ednskymi \u0161tandardmi.<\/div>\n        <div class=\"more-content\">\n          <div class=\"inner\">\n            <div class=\"buttons-container\">\n              <span class=\"button button-color-white button-inverse\">Zisti viac<\/span>\n            <\/div>\n          <\/div>\n        <\/div>\n      <\/div>\n    <\/div>\n  <\/a>\n<\/div>      <\/div>\n            <div class=\"item\">\n        <div class=\"programs-list-item-container\">\n  <a href=\"https:\/\/nemocnica-bory.sk\/program\/neurovaskularny-program\/\" title=\"\">\n    <figure><img decoding=\"async\" width=\"992\" height=\"661\" src=\"https:\/\/nemocnica-bory.sk\/wp-content\/uploads\/2020\/04\/nemocnica-bory-sk_neurovaskularny-program_brainomix_michalovce-umela-inteligencia-1-1-992x661.jpg\" class=\"attachment-md size-md\" alt=\"Neurovaskularny program Nemocnica Bory\" srcset=\"https:\/\/nemocnica-bory.sk\/wp-content\/uploads\/2020\/04\/nemocnica-bory-sk_neurovaskularny-program_brainomix_michalovce-umela-inteligencia-1-1-992x661.jpg 992w, https:\/\/nemocnica-bory.sk\/wp-content\/uploads\/2020\/04\/nemocnica-bory-sk_neurovaskularny-program_brainomix_michalovce-umela-inteligencia-1-1-300x200.jpg 300w, https:\/\/nemocnica-bory.sk\/wp-content\/uploads\/2020\/04\/nemocnica-bory-sk_neurovaskularny-program_brainomix_michalovce-umela-inteligencia-1-1-1024x682.jpg 1024w, https:\/\/nemocnica-bory.sk\/wp-content\/uploads\/2020\/04\/nemocnica-bory-sk_neurovaskularny-program_brainomix_michalovce-umela-inteligencia-1-1-768x511.jpg 768w, https:\/\/nemocnica-bory.sk\/wp-content\/uploads\/2020\/04\/nemocnica-bory-sk_neurovaskularny-program_brainomix_michalovce-umela-inteligencia-1-1-480x320.jpg 480w, https:\/\/nemocnica-bory.sk\/wp-content\/uploads\/2020\/04\/nemocnica-bory-sk_neurovaskularny-program_brainomix_michalovce-umela-inteligencia-1-1-272x182.jpg 272w, https:\/\/nemocnica-bory.sk\/wp-content\/uploads\/2020\/04\/nemocnica-bory-sk_neurovaskularny-program_brainomix_michalovce-umela-inteligencia-1-1.jpg 1200w\" sizes=\"(max-width: 992px) 100vw, 992px\" \/><\/figure>\n    <div class=\"body\">\n      <div class=\"inner\">\n\t\t  <h3 class=\"title\">Neurovaskul\u00e1rny program<\/h3>\n        <div class=\"description\">Neurovaskul\u00e1rny program bude zabezpe\u010dova\u0165 diagnostiku a komplexn\u00fa interven\u010dn\u00fa r\u00e1diologick\u00fa, neurologick\u00fa a\u00a0neurochirurgick\u00fa lie\u010dbu pri neurologick\u00fdch, angiologick\u00fdch a \u010fal\u0161\u00edch diagn\u00f3zach. Jeho najd\u00f4le\u017eitej\u0161ou \u00falohou bude integrova\u0165 a ur\u00fdchli\u0165 rie\u0161enie pacientov v ak\u00fatnom stave pri cievnej mozgovej pr\u00edhode, pri ktor\u00fdch \u010das zohr\u00e1va k\u013e\u00fa\u010dov\u00fa rolu z\u00a0h\u013eadiska z\u00e1chrany \u017eivota, ako aj eliminovania \u010di zmiernenia do\u017eivotn\u00fdch n\u00e1sledkov.<\/div>\n        <div class=\"more-content\">\n          <div class=\"inner\">\n            <div class=\"buttons-container\">\n              <span class=\"button button-color-white button-inverse\">Zisti viac<\/span>\n            <\/div>\n          <\/div>\n        <\/div>\n      <\/div>\n    <\/div>\n  <\/a>\n<\/div>      <\/div>\n            <div class=\"item\">\n        <div class=\"programs-list-item-container\">\n  <a href=\"https:\/\/nemocnica-bory.sk\/program\/kardiovaskularny-program\/\" title=\"\">\n    <figure><img decoding=\"async\" width=\"992\" height=\"728\" src=\"https:\/\/nemocnica-bory.sk\/wp-content\/uploads\/2020\/04\/mirko-992x728.jpg\" class=\"attachment-md size-md\" alt=\"nemocnica bory kardiovaskularny program\" srcset=\"https:\/\/nemocnica-bory.sk\/wp-content\/uploads\/2020\/04\/mirko-992x728.jpg 992w, https:\/\/nemocnica-bory.sk\/wp-content\/uploads\/2020\/04\/mirko-300x220.jpg 300w, https:\/\/nemocnica-bory.sk\/wp-content\/uploads\/2020\/04\/mirko-1024x752.jpg 1024w, https:\/\/nemocnica-bory.sk\/wp-content\/uploads\/2020\/04\/mirko-768x564.jpg 768w, https:\/\/nemocnica-bory.sk\/wp-content\/uploads\/2020\/04\/mirko-1536x1127.jpg 1536w, https:\/\/nemocnica-bory.sk\/wp-content\/uploads\/2020\/04\/mirko-2048x1503.jpg 2048w, https:\/\/nemocnica-bory.sk\/wp-content\/uploads\/2020\/04\/mirko-480x352.jpg 480w, https:\/\/nemocnica-bory.sk\/wp-content\/uploads\/2020\/04\/mirko-1200x881.jpg 1200w\" sizes=\"(max-width: 992px) 100vw, 992px\" \/><\/figure>\n    <div class=\"body\">\n      <div class=\"inner\">\n\t\t  <h3 class=\"title\">Kardiovaskul\u00e1rny program<\/h3>\n        <div class=\"description\">Kardiovaskul\u00e1rny program bude zastre\u0161ova\u0165 lie\u010dbu pacientov s\u00a0r\u00f4znymi formami ischemickej choroby srdca vr\u00e1tane ak\u00fatneho infarktu myokardu. Bude poskytova\u0165 \u0161irok\u00e9 spektrum v\u00fdkonov v\u00a0oblasti intravaskul\u00e1rnych intervenci\u00ed. S\u00fa\u010das\u0165ou programu bude aj lie\u010dba por\u00fach srdcov\u00e9ho rytmu a\u00a0interven\u010dn\u00e1 angiol\u00f3gia.<\/div>\n        <div class=\"more-content\">\n          <div class=\"inner\">\n            <div class=\"buttons-container\">\n              <span class=\"button button-color-white button-inverse\">Zisti viac<\/span>\n            <\/div>\n          <\/div>\n        <\/div>\n      <\/div>\n    <\/div>\n  <\/a>\n<\/div>      <\/div>\n          <\/div>\n  <\/div>\n  <\/div><\/div><\/div><\/div><\/div>","protected":false},"excerpt":{"rendered":"<p>V nemocnici Bory je pacient na prvom mieste a teda aj jeho klinick\u00e1 cesta po nemocnici povedie k \u010do najefekt\u00edvnej\u0161iemu lie\u010deniu. Uplat\u0148ujeme interdisciplin\u00e1rny pr\u00edstup, \u010di\u017ee spolupr\u00e1cu odborn\u00edkov viacer\u00fdch \u0161pecializ\u00e1ci\u00ed. Tie sa s\u00fastredia v \u0161iestich interdisciplin\u00e1rnych medic\u00ednskych programoch.<\/p>\n","protected":false},"author":9,"featured_media":61,"parent":0,"menu_order":0,"comment_status":"closed","ping_status":"closed","template":"","meta":{"_acf_changed":false,"iawp_total_views":348,"footnotes":""},"class_list":["post-939","page","type-page","status-publish","has-post-thumbnail","hentry"],"acf":[],"yoast_head":"<!-- This site is optimized with the Yoast SEO plugin v25.6 - https:\/\/yoast.com\/wordpress\/plugins\/seo\/ -->\n<title>Interdisciplin\u00e1rne programy<\/title>\n<meta name=\"description\" content=\"V Nemocnici Bory je pacient na prvom mieste a preto uplat\u0148ujeme interdisciplin\u00e1rny pr\u00edstup, \u010di\u017ee spolupr\u00e1cu odborn\u00edkov viacer\u00fdch \u0161pecializ\u00e1ci\u00ed a oddelen\u00ed.\" \/>\n<meta name=\"robots\" content=\"index, follow, max-snippet:-1, max-image-preview:large, max-video-preview:-1\" \/>\n<link rel=\"canonical\" href=\"https:\/\/nemocnica-bory.sk\/programy\/\" \/>\n<meta property=\"og:locale\" content=\"en_US\" \/>\n<meta property=\"og:type\" content=\"article\" \/>\n<meta property=\"og:title\" content=\"Interdisciplin\u00e1rne programy\" \/>\n<meta property=\"og:description\" content=\"V Nemocnici Bory je pacient na prvom mieste a preto uplat\u0148ujeme interdisciplin\u00e1rny pr\u00edstup, \u010di\u017ee spolupr\u00e1cu odborn\u00edkov viacer\u00fdch \u0161pecializ\u00e1ci\u00ed a oddelen\u00ed.\" \/>\n<meta property=\"og:url\" content=\"https:\/\/nemocnica-bory.sk\/programy\/\" \/>\n<meta property=\"og:site_name\" content=\"Nemocnica Bory\" \/>\n<meta property=\"article:publisher\" content=\"https:\/\/www.facebook.com\/nemocnicabory\/\" \/>\n<meta property=\"article:modified_time\" content=\"2025-06-10T09:10:17+00:00\" \/>\n<meta property=\"og:image\" content=\"https:\/\/nemocnica-bory.sk\/wp-content\/uploads\/2020\/04\/blog-scaled.jpg\" \/>\n\t<meta property=\"og:image:width\" content=\"2560\" \/>\n\t<meta property=\"og:image:height\" content=\"1259\" \/>\n\t<meta property=\"og:image:type\" content=\"image\/jpeg\" \/>\n<meta name=\"twitter:card\" content=\"summary_large_image\" \/>\n<meta name=\"twitter:label1\" content=\"Est. reading time\" \/>\n\t<meta name=\"twitter:data1\" content=\"1 minute\" \/>\n<script type=\"application\/ld+json\" class=\"yoast-schema-graph\">{\"@context\":\"https:\/\/schema.org\",\"@graph\":[{\"@type\":\"WebPage\",\"@id\":\"https:\/\/nemocnica-bory.sk\/programy\/\",\"url\":\"https:\/\/nemocnica-bory.sk\/programy\/\",\"name\":\"Interdisciplin\u00e1rne programy\",\"isPartOf\":{\"@id\":\"https:\/\/nemocnica-bory.sk\/#website\"},\"primaryImageOfPage\":{\"@id\":\"https:\/\/nemocnica-bory.sk\/programy\/#primaryimage\"},\"image\":{\"@id\":\"https:\/\/nemocnica-bory.sk\/programy\/#primaryimage\"},\"thumbnailUrl\":\"https:\/\/nemocnica-bory.sk\/wp-content\/uploads\/2020\/04\/blog-scaled.jpg\",\"datePublished\":\"2020-04-24T09:55:41+00:00\",\"dateModified\":\"2025-06-10T09:10:17+00:00\",\"description\":\"V Nemocnici Bory je pacient na prvom mieste a preto uplat\u0148ujeme interdisciplin\u00e1rny pr\u00edstup, \u010di\u017ee spolupr\u00e1cu odborn\u00edkov viacer\u00fdch \u0161pecializ\u00e1ci\u00ed a oddelen\u00ed.\",\"breadcrumb\":{\"@id\":\"https:\/\/nemocnica-bory.sk\/programy\/#breadcrumb\"},\"inLanguage\":\"en-US\",\"potentialAction\":[{\"@type\":\"ReadAction\",\"target\":[\"https:\/\/nemocnica-bory.sk\/programy\/\"]}]},{\"@type\":\"ImageObject\",\"inLanguage\":\"en-US\",\"@id\":\"https:\/\/nemocnica-bory.sk\/programy\/#primaryimage\",\"url\":\"https:\/\/nemocnica-bory.sk\/wp-content\/uploads\/2020\/04\/blog-scaled.jpg\",\"contentUrl\":\"https:\/\/nemocnica-bory.sk\/wp-content\/uploads\/2020\/04\/blog-scaled.jpg\",\"width\":2560,\"height\":1259,\"caption\":\"Interdisciplinarny pristup v nemocnici Bory v\"},{\"@type\":\"BreadcrumbList\",\"@id\":\"https:\/\/nemocnica-bory.sk\/programy\/#breadcrumb\",\"itemListElement\":[{\"@type\":\"ListItem\",\"position\":1,\"name\":\"Home\",\"item\":\"https:\/\/nemocnica-bory.sk\/en\/\"},{\"@type\":\"ListItem\",\"position\":2,\"name\":\"Programy\"}]},{\"@type\":\"WebSite\",\"@id\":\"https:\/\/nemocnica-bory.sk\/#website\",\"url\":\"https:\/\/nemocnica-bory.sk\/\",\"name\":\"Nemocnica Bory\",\"description\":\"Nemocnica Bory\",\"publisher\":{\"@id\":\"https:\/\/nemocnica-bory.sk\/#organization\"},\"potentialAction\":[{\"@type\":\"SearchAction\",\"target\":{\"@type\":\"EntryPoint\",\"urlTemplate\":\"https:\/\/nemocnica-bory.sk\/?s={search_term_string}\"},\"query-input\":{\"@type\":\"PropertyValueSpecification\",\"valueRequired\":true,\"valueName\":\"search_term_string\"}}],\"inLanguage\":\"en-US\"},{\"@type\":\"Organization\",\"@id\":\"https:\/\/nemocnica-bory.sk\/#organization\",\"name\":\"Penta Hospitals\",\"url\":\"https:\/\/nemocnica-bory.sk\/\",\"logo\":{\"@type\":\"ImageObject\",\"inLanguage\":\"en-US\",\"@id\":\"https:\/\/nemocnica-bory.sk\/#\/schema\/logo\/image\/\",\"url\":\"https:\/\/nemocnica-bory.sk\/wp-content\/uploads\/2024\/05\/PH_bory_horizontal.png\",\"contentUrl\":\"https:\/\/nemocnica-bory.sk\/wp-content\/uploads\/2024\/05\/PH_bory_horizontal.png\",\"width\":1832,\"height\":513,\"caption\":\"Penta Hospitals\"},\"image\":{\"@id\":\"https:\/\/nemocnica-bory.sk\/#\/schema\/logo\/image\/\"},\"sameAs\":[\"https:\/\/www.facebook.com\/nemocnicabory\/\",\"https:\/\/www.linkedin.com\/company\/79088908\",\"https:\/\/www.instagram.com\/nemocnicabory\/\"]}]}<\/script>\n<!-- \/ Yoast SEO plugin. -->","yoast_head_json":{"title":"Interdisciplin\u00e1rne programy","description":"V Nemocnici Bory je pacient na prvom mieste a preto uplat\u0148ujeme interdisciplin\u00e1rny pr\u00edstup, \u010di\u017ee spolupr\u00e1cu odborn\u00edkov viacer\u00fdch \u0161pecializ\u00e1ci\u00ed a oddelen\u00ed.","robots":{"index":"index","follow":"follow","max-snippet":"max-snippet:-1","max-image-preview":"max-image-preview:large","max-video-preview":"max-video-preview:-1"},"canonical":"https:\/\/nemocnica-bory.sk\/programy\/","og_locale":"en_US","og_type":"article","og_title":"Interdisciplin\u00e1rne programy","og_description":"V Nemocnici Bory je pacient na prvom mieste a preto uplat\u0148ujeme interdisciplin\u00e1rny pr\u00edstup, \u010di\u017ee spolupr\u00e1cu odborn\u00edkov viacer\u00fdch \u0161pecializ\u00e1ci\u00ed a oddelen\u00ed.","og_url":"https:\/\/nemocnica-bory.sk\/programy\/","og_site_name":"Nemocnica Bory","article_publisher":"https:\/\/www.facebook.com\/nemocnicabory\/","article_modified_time":"2025-06-10T09:10:17+00:00","og_image":[{"width":2560,"height":1259,"url":"https:\/\/nemocnica-bory.sk\/wp-content\/uploads\/2020\/04\/blog-scaled.jpg","type":"image\/jpeg"}],"twitter_card":"summary_large_image","twitter_misc":{"Est. reading time":"1 minute"},"schema":{"@context":"https:\/\/schema.org","@graph":[{"@type":"WebPage","@id":"https:\/\/nemocnica-bory.sk\/programy\/","url":"https:\/\/nemocnica-bory.sk\/programy\/","name":"Interdisciplin\u00e1rne programy","isPartOf":{"@id":"https:\/\/nemocnica-bory.sk\/#website"},"primaryImageOfPage":{"@id":"https:\/\/nemocnica-bory.sk\/programy\/#primaryimage"},"image":{"@id":"https:\/\/nemocnica-bory.sk\/programy\/#primaryimage"},"thumbnailUrl":"https:\/\/nemocnica-bory.sk\/wp-content\/uploads\/2020\/04\/blog-scaled.jpg","datePublished":"2020-04-24T09:55:41+00:00","dateModified":"2025-06-10T09:10:17+00:00","description":"V Nemocnici Bory je pacient na prvom mieste a preto uplat\u0148ujeme interdisciplin\u00e1rny pr\u00edstup, \u010di\u017ee spolupr\u00e1cu odborn\u00edkov viacer\u00fdch \u0161pecializ\u00e1ci\u00ed a oddelen\u00ed.","breadcrumb":{"@id":"https:\/\/nemocnica-bory.sk\/programy\/#breadcrumb"},"inLanguage":"en-US","potentialAction":[{"@type":"ReadAction","target":["https:\/\/nemocnica-bory.sk\/programy\/"]}]},{"@type":"ImageObject","inLanguage":"en-US","@id":"https:\/\/nemocnica-bory.sk\/programy\/#primaryimage","url":"https:\/\/nemocnica-bory.sk\/wp-content\/uploads\/2020\/04\/blog-scaled.jpg","contentUrl":"https:\/\/nemocnica-bory.sk\/wp-content\/uploads\/2020\/04\/blog-scaled.jpg","width":2560,"height":1259,"caption":"Interdisciplinarny pristup v nemocnici Bory v"},{"@type":"BreadcrumbList","@id":"https:\/\/nemocnica-bory.sk\/programy\/#breadcrumb","itemListElement":[{"@type":"ListItem","position":1,"name":"Home","item":"https:\/\/nemocnica-bory.sk\/en\/"},{"@type":"ListItem","position":2,"name":"Programy"}]},{"@type":"WebSite","@id":"https:\/\/nemocnica-bory.sk\/#website","url":"https:\/\/nemocnica-bory.sk\/","name":"Nemocnica Bory","description":"Nemocnica Bory","publisher":{"@id":"https:\/\/nemocnica-bory.sk\/#organization"},"potentialAction":[{"@type":"SearchAction","target":{"@type":"EntryPoint","urlTemplate":"https:\/\/nemocnica-bory.sk\/?s={search_term_string}"},"query-input":{"@type":"PropertyValueSpecification","valueRequired":true,"valueName":"search_term_string"}}],"inLanguage":"en-US"},{"@type":"Organization","@id":"https:\/\/nemocnica-bory.sk\/#organization","name":"Penta Hospitals","url":"https:\/\/nemocnica-bory.sk\/","logo":{"@type":"ImageObject","inLanguage":"en-US","@id":"https:\/\/nemocnica-bory.sk\/#\/schema\/logo\/image\/","url":"https:\/\/nemocnica-bory.sk\/wp-content\/uploads\/2024\/05\/PH_bory_horizontal.png","contentUrl":"https:\/\/nemocnica-bory.sk\/wp-content\/uploads\/2024\/05\/PH_bory_horizontal.png","width":1832,"height":513,"caption":"Penta Hospitals"},"image":{"@id":"https:\/\/nemocnica-bory.sk\/#\/schema\/logo\/image\/"},"sameAs":["https:\/\/www.facebook.com\/nemocnicabory\/","https:\/\/www.linkedin.com\/company\/79088908","https:\/\/www.instagram.com\/nemocnicabory\/"]}]}},"_links":{"self":[{"href":"https:\/\/nemocnica-bory.sk\/en\/wp-json\/wp\/v2\/pages\/939"}],"collection":[{"href":"https:\/\/nemocnica-bory.sk\/en\/wp-json\/wp\/v2\/pages"}],"about":[{"href":"https:\/\/nemocnica-bory.sk\/en\/wp-json\/wp\/v2\/types\/page"}],"author":[{"embeddable":true,"href":"https:\/\/nemocnica-bory.sk\/en\/wp-json\/wp\/v2\/users\/9"}],"replies":[{"embeddable":true,"href":"https:\/\/nemocnica-bory.sk\/en\/wp-json\/wp\/v2\/comments?post=939"}],"version-history":[{"count":0,"href":"https:\/\/nemocnica-bory.sk\/en\/wp-json\/wp\/v2\/pages\/939\/revisions"}],"wp:featuredmedia":[{"embeddable":true,"href":"https:\/\/nemocnica-bory.sk\/en\/wp-json\/wp\/v2\/media\/61"}],"wp:attachment":[{"href":"https:\/\/nemocnica-bory.sk\/en\/wp-json\/wp\/v2\/media?parent=939"}],"curies":[{"name":"wp","href":"https:\/\/api.w.org\/{rel}","templated":true}]}}